{"id":22554,"date":"2024-11-15T16:04:56","date_gmt":"2024-11-15T15:04:56","guid":{"rendered":"https:\/\/hbgcity.se\/bymissionens-julegavebutik\/"},"modified":"2025-11-06T17:30:47","modified_gmt":"2025-11-06T16:30:47","slug":"julklappsbutiken","status":"publish","type":"page","link":"https:\/\/hbgcity.se\/da\/julklappsbutiken\/","title":{"rendered":"Bymissionens julegavebutik"},"content":{"rendered":"\t\t<div data-elementor-type=\"wp-page\" data-elementor-id=\"22554\" class=\"elementor elementor-22554 elementor-18299\" data-elementor-post-type=\"page\">\n\t\t\t\t\t\t<section class=\"elementor-section elementor-top-section elementor-element elementor-element-7ffec27 elementor-section-height-min-height elementor-section-boxed elementor-section-height-default elementor-section-items-middle\" data-id=\"7ffec27\" data-element_type=\"section\" data-e-type=\"section\" data-settings=\"{&quot;background_background&quot;:&quot;classic&quot;}\">\n\t\t\t\t\t\t<div class=\"elementor-container elementor-column-gap-default\">\n\t\t\t\t\t<div class=\"elementor-column elementor-col-100 elementor-top-column elementor-element elementor-element-d11c73e\" data-id=\"d11c73e\" data-element_type=\"column\" data-e-type=\"column\">\n\t\t\t<div class=\"elementor-widget-wrap\">\n\t\t\t\t\t\t\t<\/div>\n\t\t<\/div>\n\t\t\t\t\t<\/div>\n\t\t<\/section>\n\t\t\t\t<section class=\"elementor-section elementor-top-section elementor-element elementor-element-8ca3e91 elementor-section-boxed elementor-section-height-default elementor-section-height-default\" data-id=\"8ca3e91\" data-element_type=\"section\" data-e-type=\"section\">\n\t\t\t\t\t\t<div class=\"elementor-container elementor-column-gap-default\">\n\t\t\t\t\t<div class=\"elementor-column elementor-col-100 elementor-top-column elementor-element elementor-element-24e6e61\" data-id=\"24e6e61\" data-element_type=\"column\" data-e-type=\"column\">\n\t\t\t<div class=\"elementor-widget-wrap elementor-element-populated\">\n\t\t\t\t\t\t<div class=\"elementor-element elementor-element-2261dd1 elementor-widget elementor-widget-heading\" data-id=\"2261dd1\" data-element_type=\"widget\" data-e-type=\"widget\" data-widget_type=\"heading.default\">\n\t\t\t\t<div class=\"elementor-widget-container\">\n\t\t\t\t\t<h1 class=\"elementor-heading-title elementor-size-default\">Julegavebutikken<\/h1>\t\t\t\t<\/div>\n\t\t\t\t<\/div>\n\t\t\t\t<div class=\"elementor-element elementor-element-44f242a elementor-widget elementor-widget-text-editor\" data-id=\"44f242a\" data-element_type=\"widget\" data-e-type=\"widget\" data-widget_type=\"text-editor.default\">\n\t\t\t\t<div class=\"elementor-widget-container\">\n\t\t\t\t\t\t\t\t\t<p>En lidt hyggeligere jul for tusind b\u00f8rn i byen<\/p>\t\t\t\t\t\t\t\t<\/div>\n\t\t\t\t<\/div>\n\t\t\t\t\t<\/div>\n\t\t<\/div>\n\t\t\t\t\t<\/div>\n\t\t<\/section>\n\t\t\t\t<section class=\"elementor-section elementor-top-section elementor-element elementor-element-a443ee2 elementor-section-boxed elementor-section-height-default elementor-section-height-default\" data-id=\"a443ee2\" data-element_type=\"section\" data-e-type=\"section\">\n\t\t\t\t\t\t<div class=\"elementor-container elementor-column-gap-default\">\n\t\t\t\t\t<div class=\"elementor-column elementor-col-50 elementor-top-column elementor-element elementor-element-14702f5\" data-id=\"14702f5\" data-element_type=\"column\" data-e-type=\"column\">\n\t\t\t<div class=\"elementor-widget-wrap elementor-element-populated\">\n\t\t\t\t\t\t<div class=\"elementor-element elementor-element-740bdea elementor-widget__width-initial elementor-widget-mobile__width-initial elementor-widget elementor-widget-heading\" data-id=\"740bdea\" data-element_type=\"widget\" data-e-type=\"widget\" data-widget_type=\"heading.default\">\n\t\t\t\t<div class=\"elementor-widget-container\">\n\t\t\t\t\t<h2 class=\"elementor-heading-title elementor-size-default\">V\u00e6r med til at sprede julegl\u00e6de i Helsingborg<\/h2>\t\t\t\t<\/div>\n\t\t\t\t<\/div>\n\t\t\t\t<div class=\"elementor-element elementor-element-897676d elementor-widget elementor-widget-text-editor\" data-id=\"897676d\" data-element_type=\"widget\" data-e-type=\"widget\" data-widget_type=\"text-editor.default\">\n\t\t\t\t<div class=\"elementor-widget-container\">\n\t\t\t\t\t\t\t\t\t<p>I december \u00e5bner Sk\u00e5ne Stadsmission i samarbejde med HBG City og Jefast en julegavebutik p\u00e5 S\u00f6dergatan 19. Her f\u00e5r for\u00e6ldre, der lever i \u00f8konomisk udsathed, mulighed for at v\u00e6lge gratis julegaver til deres b\u00f8rn - noget, der b\u00e5de skaber gl\u00e6de og en st\u00e6rkere f\u00f8lelse af selvst\u00e6ndighed i en tid, der ellers kan v\u00e6re sv\u00e6r. <\/p><p>Vi leder nu efter virksomheder og organisationer, som vil g\u00f8re en forskel. Gennem dit engagement hj\u00e6lper du b\u00f8rn i Helsingborg med at f\u00e5 en bedre jul - samtidig med at du spreder varme til medarbejdere, kunder og byen. <\/p><p>S\u00e5dan kan du hj\u00e6lpe:<br>Indsaml julegaver p\u00e5 dit kontor, i din butik eller i receptionen. Vi tager gerne imod nye og ubrugte gaver, der passer til b\u00e5de mindre b\u00f8rn og teenagere - f.eks: <\/p><ul data-start=\"942\" data-end=\"1087\"><li>Leget\u00f8j, b\u00f8ger eller bygges\u00e6t<\/li><li>Hovedtelefoner, makeup, hudpleje eller gavekort til biografen<\/li><li>Gavekort til leget\u00f8js-, sports- eller t\u00f8jbutikker<\/li><\/ul><p>Don\u00e9r en gave, s\u00e5 fylder vi butikken med julegaver, der passer til forskellige aldre og behov. Bidrag med produkter fra dit eget sortiment - m\u00e5ske er der noget, der kunne v\u00e6re en perfekt julegave? Vi anbefaler, at gaverne ikke overstiger en v\u00e6rdi p\u00e5 ca. 300 kr.    <\/p><p>Sammen g\u00f8r vi julen lidt lysere - for flere b\u00f8rn i Helsingborg.<\/p>\t\t\t\t\t\t\t\t<\/div>\n\t\t\t\t<\/div>\n\t\t\t\t\t<\/div>\n\t\t<\/div>\n\t\t\t\t<div class=\"elementor-column elementor-col-50 elementor-top-column elementor-element elementor-element-fcc2f12\" data-id=\"fcc2f12\" data-element_type=\"column\" data-e-type=\"column\">\n\t\t\t<div class=\"elementor-widget-wrap elementor-element-populated\">\n\t\t\t\t\t\t<div class=\"elementor-element elementor-element-60f8215 elementor-widget elementor-widget-image\" data-id=\"60f8215\" data-element_type=\"widget\" data-e-type=\"widget\" data-widget_type=\"image.default\">\n\t\t\t\t<div class=\"elementor-widget-container\">\n\t\t\t\t\t\t\t\t\t\t\t\t\t\t\t<img fetchpriority=\"high\" decoding=\"async\" width=\"1024\" height=\"449\" src=\"https:\/\/hbgcity.se\/wp-content\/uploads\/2024\/11\/Present-Julrod-1024x449.png\" class=\"attachment-large size-large wp-image-22114\" alt=\"\" srcset=\"https:\/\/hbgcity.se\/wp-content\/uploads\/2024\/11\/Present-Julrod-1024x449.png 1024w, https:\/\/hbgcity.se\/wp-content\/uploads\/2024\/11\/Present-Julrod-300x131.png 300w, https:\/\/hbgcity.se\/wp-content\/uploads\/2024\/11\/Present-Julrod-768x336.png 768w, https:\/\/hbgcity.se\/wp-content\/uploads\/2024\/11\/Present-Julrod-1536x673.png 1536w, https:\/\/hbgcity.se\/wp-content\/uploads\/2024\/11\/Present-Julrod-2048x897.png 2048w\" sizes=\"(max-width: 1024px) 100vw, 1024px\" \/>\t\t\t\t\t\t\t\t\t\t\t\t\t\t\t<\/div>\n\t\t\t\t<\/div>\n\t\t\t\t\t<\/div>\n\t\t<\/div>\n\t\t\t\t\t<\/div>\n\t\t<\/section>\n\t\t\t\t<section class=\"elementor-section elementor-top-section elementor-element elementor-element-06a5b73 elementor-section-boxed elementor-section-height-default elementor-section-height-default\" data-id=\"06a5b73\" data-element_type=\"section\" data-e-type=\"section\">\n\t\t\t\t\t\t<div class=\"elementor-container elementor-column-gap-default\">\n\t\t\t\t\t<div class=\"elementor-column elementor-col-100 elementor-top-column elementor-element elementor-element-c725766\" data-id=\"c725766\" data-element_type=\"column\" data-e-type=\"column\">\n\t\t\t<div class=\"elementor-widget-wrap elementor-element-populated\">\n\t\t\t\t\t\t<div class=\"elementor-element elementor-element-4f3dd8c elementor-widget__width-initial elementor-hidden-mobile elementor-widget elementor-widget-image\" data-id=\"4f3dd8c\" data-element_type=\"widget\" data-e-type=\"widget\" data-widget_type=\"image.default\">\n\t\t\t\t<div class=\"elementor-widget-container\">\n\t\t\t\t\t\t\t\t\t\t\t\t\t\t\t<img decoding=\"async\" width=\"1024\" height=\"404\" src=\"https:\/\/hbgcity.se\/wp-content\/uploads\/2024\/11\/Telefon-julrod-1024x404.png\" class=\"attachment-large size-large wp-image-22116\" alt=\"\" srcset=\"https:\/\/hbgcity.se\/wp-content\/uploads\/2024\/11\/Telefon-julrod-1024x404.png 1024w, https:\/\/hbgcity.se\/wp-content\/uploads\/2024\/11\/Telefon-julrod-300x118.png 300w, https:\/\/hbgcity.se\/wp-content\/uploads\/2024\/11\/Telefon-julrod-768x303.png 768w, https:\/\/hbgcity.se\/wp-content\/uploads\/2024\/11\/Telefon-julrod-1536x607.png 1536w, https:\/\/hbgcity.se\/wp-content\/uploads\/2024\/11\/Telefon-julrod-2048x809.png 2048w\" sizes=\"(max-width: 1024px) 100vw, 1024px\" \/>\t\t\t\t\t\t\t\t\t\t\t\t\t\t\t<\/div>\n\t\t\t\t<\/div>\n\t\t\t\t<div class=\"elementor-element elementor-element-40ea8f2 elementor-widget__width-initial elementor-widget-mobile__width-initial elementor-widget elementor-widget-text-editor\" data-id=\"40ea8f2\" data-element_type=\"widget\" data-e-type=\"widget\" data-widget_type=\"text-editor.default\">\n\t\t\t\t<div class=\"elementor-widget-container\">\n\t\t\t\t\t\t\t\t\t<p>Kontakt Robert Inghamn hos Sk\u00e5ne Stadsmission, s\u00e5 hj\u00e6lper han dig videre.  <\/p>\t\t\t\t\t\t\t\t<\/div>\n\t\t\t\t<\/div>\n\t\t\t\t<div class=\"elementor-element elementor-element-cdfb553 elementor-align-center elementor-mobile-align-center elementor-widget elementor-widget-button\" data-id=\"cdfb553\" data-element_type=\"widget\" data-e-type=\"widget\" data-widget_type=\"button.default\">\n\t\t\t\t<div class=\"elementor-widget-container\">\n\t\t\t\t\t\t\t\t\t<div class=\"elementor-button-wrapper\">\n\t\t\t\t\t<a class=\"elementor-button elementor-button-link elementor-size-sm\" href=\"mailto:robert.inghamn@skanestadsmission.se\" target=\"_blank\">\n\t\t\t\t\t\t<span class=\"elementor-button-content-wrapper\">\n\t\t\t\t\t\t\t\t\t<span class=\"elementor-button-text\">e-mail robert<\/span>\n\t\t\t\t\t<\/span>\n\t\t\t\t\t<\/a>\n\t\t\t\t<\/div>\n\t\t\t\t\t\t\t\t<\/div>\n\t\t\t\t<\/div>\n\t\t\t\t<div class=\"elementor-element elementor-element-359af11 elementor-widget__width-initial elementor-widget-mobile__width-initial elementor-widget elementor-widget-text-editor\" data-id=\"359af11\" data-element_type=\"widget\" data-e-type=\"widget\" data-widget_type=\"text-editor.default\">\n\t\t\t\t<div class=\"elementor-widget-container\">\n\t\t\t\t\t\t\t\t\t<p>Du kan finde mere information p\u00e5 Sk\u00e5ne Stadsmission.<\/p>\t\t\t\t\t\t\t\t<\/div>\n\t\t\t\t<\/div>\n\t\t\t\t<div class=\"elementor-element elementor-element-d299a9e elementor-align-center elementor-mobile-align-center elementor-widget elementor-widget-button\" data-id=\"d299a9e\" data-element_type=\"widget\" data-e-type=\"widget\" data-widget_type=\"button.default\">\n\t\t\t\t<div class=\"elementor-widget-container\">\n\t\t\t\t\t\t\t\t\t<div class=\"elementor-button-wrapper\">\n\t\t\t\t\t<a class=\"elementor-button elementor-button-link elementor-size-sm\" href=\"https:\/\/www.skanestadsmission.se\/julklappsinsamling\/\" target=\"_blank\">\n\t\t\t\t\t\t<span class=\"elementor-button-content-wrapper\">\n\t\t\t\t\t\t\t\t\t<span class=\"elementor-button-text\">Kollektion af julegaver<\/span>\n\t\t\t\t\t<\/span>\n\t\t\t\t\t<\/a>\n\t\t\t\t<\/div>\n\t\t\t\t\t\t\t\t<\/div>\n\t\t\t\t<\/div>\n\t\t\t\t<div class=\"elementor-element elementor-element-fbce822 elementor-align-center elementor-mobile-align-center elementor-widget elementor-widget-button\" data-id=\"fbce822\" data-element_type=\"widget\" data-e-type=\"widget\" data-widget_type=\"button.default\">\n\t\t\t\t<div class=\"elementor-widget-container\">\n\t\t\t\t\t\t\t\t\t<div class=\"elementor-button-wrapper\">\n\t\t\t\t\t<a class=\"elementor-button elementor-button-link elementor-size-sm\" href=\"https:\/\/www.skanestadsmission.se\/ge-stod\/foretagsstod\/\" target=\"_blank\">\n\t\t\t\t\t\t<span class=\"elementor-button-content-wrapper\">\n\t\t\t\t\t\t\t\t\t<span class=\"elementor-button-text\">Bliv forretningspartner<\/span>\n\t\t\t\t\t<\/span>\n\t\t\t\t\t<\/a>\n\t\t\t\t<\/div>\n\t\t\t\t\t\t\t\t<\/div>\n\t\t\t\t<\/div>\n\t\t\t\t\t<\/div>\n\t\t<\/div>\n\t\t\t\t\t<\/div>\n\t\t<\/section>\n\t\t\t\t<\/div>\n\t\t","protected":false},"excerpt":{"rendered":"<p>Julegavebutikken En lidt hyggeligere jul for tusind b\u00f8rn i byen V\u00e6r med til at sprede julegl\u00e6de i Helsingborg I december \u00e5bner Sk\u00e5ne Stadsmission i samarbejde med HBG City og Jefast en julegavebutik p\u00e5 S\u00f6dergatan 19. Her f\u00e5r for\u00e6ldre, der lever i \u00f8konomisk udsathed, mulighed for at v\u00e6lge gratis julegaver til deres b\u00f8rn - noget, der [&hellip;]<\/p>\n","protected":false},"author":9,"featured_media":22112,"parent":0,"menu_order":0,"comment_status":"closed","ping_status":"closed","template":"","meta":{"_acf_changed":false,"site-sidebar-layout":"no-sidebar","site-content-layout":"page-builder","ast-site-content-layout":"full-width-container","site-content-style":"unboxed","site-sidebar-style":"unboxed","ast-global-header-display":"","ast-banner-title-visibility":"","ast-main-header-display":"","ast-hfb-above-header-display":"","ast-hfb-below-header-display":"","ast-hfb-mobile-header-display":"","site-post-title":"disabled","ast-breadcrumbs-content":"","ast-featured-img":"disabled","footer-sml-layout":"","ast-disable-related-posts":"","theme-transparent-header-meta":"default","adv-header-id-meta":"","stick-header-meta":"default","header-above-stick-meta":"","header-main-stick-meta":"","header-below-stick-meta":"","astra-migrate-meta-layouts":"default","ast-page-background-enabled":"default","ast-page-background-meta":{"desktop":{"background-color":"","background-image":"","background-repeat":"repeat","background-position":"center center","background-size":"auto","background-attachment":"scroll","background-type":"","background-media":"","overlay-type":"","overlay-color":"","overlay-opacity":"","overlay-gradient":""},"tablet":{"background-color":"","background-image":"","background-repeat":"repeat","background-position":"center center","background-size":"auto","background-attachment":"scroll","background-type":"","background-media":"","overlay-type":"","overlay-color":"","overlay-opacity":"","overlay-gradient":""},"mobile":{"background-color":"","background-image":"","background-repeat":"repeat","background-position":"center center","background-size":"auto","background-attachment":"scroll","background-type":"","background-media":"","overlay-type":"","overlay-color":"","overlay-opacity":"","overlay-gradient":""}},"ast-content-background-meta":{"desktop":{"background-color":"var(--ast-global-color-5)","background-image":"","background-repeat":"repeat","background-position":"center center","background-size":"auto","background-attachment":"scroll","background-type":"","background-media":"","overlay-type":"","overlay-color":"","overlay-opacity":"","overlay-gradient":""},"tablet":{"background-color":"var(--ast-global-color-5)","background-image":"","background-repeat":"repeat","background-position":"center center","background-size":"auto","background-attachment":"scroll","background-type":"","background-media":"","overlay-type":"","overlay-color":"","overlay-opacity":"","overlay-gradient":""},"mobile":{"background-color":"var(--ast-global-color-5)","background-image":"","background-repeat":"repeat","background-position":"center center","background-size":"auto","background-attachment":"scroll","background-type":"","background-media":"","overlay-type":"","overlay-color":"","overlay-opacity":"","overlay-gradient":""}},"footnotes":""},"class_list":["post-22554","page","type-page","status-publish","has-post-thumbnail","hentry"],"acf":[],"yoast_head":"<!-- This site is optimized with the Yoast SEO plugin v27.4 - https:\/\/yoast.com\/product\/yoast-seo-wordpress\/ -->\n<title>Julegavebutikken i Helsingborg<\/title>\n<meta name=\"description\" content=\"V\u00e6r med til at bidrage til en bedre jul for tusindvis af b\u00f8rn i Helsingborg by. I l\u00f8bet af december \u00e5bner Sk\u00e5nes Bymission en julegavebutik for \u00f8konomisk udsatte familier.\" \/>\n<meta name=\"robots\" content=\"index, follow, max-snippet:-1, max-image-preview:large, max-video-preview:-1\" \/>\n<link rel=\"canonical\" href=\"https:\/\/hbgcity.se\/da\/julklappsbutiken\/\" \/>\n<meta property=\"og:locale\" content=\"da_DK\" \/>\n<meta property=\"og:type\" content=\"article\" \/>\n<meta property=\"og:title\" content=\"Julegavebutikken i Helsingborg\" \/>\n<meta property=\"og:description\" content=\"V\u00e6r med til at bidrage til en bedre jul for tusindvis af b\u00f8rn i Helsingborg by. I l\u00f8bet af december \u00e5bner Sk\u00e5nes Bymission en julegavebutik for \u00f8konomisk udsatte familier.\" \/>\n<meta property=\"og:url\" content=\"https:\/\/hbgcity.se\/da\/julklappsbutiken\/\" \/>\n<meta property=\"og:site_name\" content=\"V\u00e4lkommen till Helsingborg city!\" \/>\n<meta property=\"article:publisher\" content=\"https:\/\/www.facebook.com\/helsingborgcity\" \/>\n<meta property=\"article:modified_time\" content=\"2025-11-06T16:30:47+00:00\" \/>\n<meta property=\"og:image\" content=\"https:\/\/hbgcity.se\/wp-content\/uploads\/2024\/11\/Stadsmissionens-julklappsbutik-Helsingborg-city.png\" \/>\n\t<meta property=\"og:image:width\" content=\"1600\" \/>\n\t<meta property=\"og:image:height\" content=\"900\" \/>\n\t<meta property=\"og:image:type\" content=\"image\/png\" \/>\n<meta name=\"twitter:card\" content=\"summary_large_image\" \/>\n<meta name=\"twitter:label1\" content=\"Estimeret l\u00e6setid\" \/>\n\t<meta name=\"twitter:data1\" content=\"1 minut\" \/>\n<script type=\"application\/ld+json\" class=\"yoast-schema-graph\">{\"@context\":\"https:\\\/\\\/schema.org\",\"@graph\":[{\"@type\":\"WebPage\",\"@id\":\"https:\\\/\\\/hbgcity.se\\\/da\\\/julklappsbutiken\\\/\",\"url\":\"https:\\\/\\\/hbgcity.se\\\/da\\\/julklappsbutiken\\\/\",\"name\":\"Julegavebutikken i Helsingborg\",\"isPartOf\":{\"@id\":\"https:\\\/\\\/hbgcity.se\\\/da\\\/#website\"},\"primaryImageOfPage\":{\"@id\":\"https:\\\/\\\/hbgcity.se\\\/da\\\/julklappsbutiken\\\/#primaryimage\"},\"image\":{\"@id\":\"https:\\\/\\\/hbgcity.se\\\/da\\\/julklappsbutiken\\\/#primaryimage\"},\"thumbnailUrl\":\"https:\\\/\\\/hbgcity.se\\\/wp-content\\\/uploads\\\/2024\\\/11\\\/Stadsmissionens-julklappsbutik-Helsingborg-city.png\",\"datePublished\":\"2024-11-15T15:04:56+00:00\",\"dateModified\":\"2025-11-06T16:30:47+00:00\",\"description\":\"V\u00e6r med til at bidrage til en bedre jul for tusindvis af b\u00f8rn i Helsingborg by. I l\u00f8bet af december \u00e5bner Sk\u00e5nes Bymission en julegavebutik for \u00f8konomisk udsatte familier.\",\"breadcrumb\":{\"@id\":\"https:\\\/\\\/hbgcity.se\\\/da\\\/julklappsbutiken\\\/#breadcrumb\"},\"inLanguage\":\"da-DK\",\"potentialAction\":[{\"@type\":\"ReadAction\",\"target\":[\"https:\\\/\\\/hbgcity.se\\\/da\\\/julklappsbutiken\\\/\"]}]},{\"@type\":\"ImageObject\",\"inLanguage\":\"da-DK\",\"@id\":\"https:\\\/\\\/hbgcity.se\\\/da\\\/julklappsbutiken\\\/#primaryimage\",\"url\":\"https:\\\/\\\/hbgcity.se\\\/wp-content\\\/uploads\\\/2024\\\/11\\\/Stadsmissionens-julklappsbutik-Helsingborg-city.png\",\"contentUrl\":\"https:\\\/\\\/hbgcity.se\\\/wp-content\\\/uploads\\\/2024\\\/11\\\/Stadsmissionens-julklappsbutik-Helsingborg-city.png\",\"width\":1600,\"height\":900},{\"@type\":\"BreadcrumbList\",\"@id\":\"https:\\\/\\\/hbgcity.se\\\/da\\\/julklappsbutiken\\\/#breadcrumb\",\"itemListElement\":[{\"@type\":\"ListItem\",\"position\":1,\"name\":\"Home\",\"item\":\"https:\\\/\\\/hbgcity.se\\\/da\\\/home-2\\\/\"},{\"@type\":\"ListItem\",\"position\":2,\"name\":\"Bymissionens julegavebutik\"}]},{\"@type\":\"WebSite\",\"@id\":\"https:\\\/\\\/hbgcity.se\\\/da\\\/#website\",\"url\":\"https:\\\/\\\/hbgcity.se\\\/da\\\/\",\"name\":\"V\u00e4lkommen till HBG City!\",\"description\":\"I Helsingborg finns n\u00e5got f\u00f6r alla!\",\"publisher\":{\"@id\":\"https:\\\/\\\/hbgcity.se\\\/da\\\/#organization\"},\"potentialAction\":[{\"@type\":\"SearchAction\",\"target\":{\"@type\":\"EntryPoint\",\"urlTemplate\":\"https:\\\/\\\/hbgcity.se\\\/da\\\/?s={search_term_string}\"},\"query-input\":{\"@type\":\"PropertyValueSpecification\",\"valueRequired\":true,\"valueName\":\"search_term_string\"}}],\"inLanguage\":\"da-DK\"},{\"@type\":\"Organization\",\"@id\":\"https:\\\/\\\/hbgcity.se\\\/da\\\/#organization\",\"name\":\"V\u00e4lkommen till Hbgcity!\",\"url\":\"https:\\\/\\\/hbgcity.se\\\/da\\\/\",\"logo\":{\"@type\":\"ImageObject\",\"inLanguage\":\"da-DK\",\"@id\":\"https:\\\/\\\/hbgcity.se\\\/da\\\/#\\\/schema\\\/logo\\\/image\\\/\",\"url\":\"https:\\\/\\\/hbgcity.se\\\/wp-content\\\/uploads\\\/2023\\\/02\\\/HBG-CITY-Huvudlogotyp.svg\",\"contentUrl\":\"https:\\\/\\\/hbgcity.se\\\/wp-content\\\/uploads\\\/2023\\\/02\\\/HBG-CITY-Huvudlogotyp.svg\",\"caption\":\"V\u00e4lkommen till Hbgcity!\"},\"image\":{\"@id\":\"https:\\\/\\\/hbgcity.se\\\/da\\\/#\\\/schema\\\/logo\\\/image\\\/\"},\"sameAs\":[\"https:\\\/\\\/www.facebook.com\\\/helsingborgcity\",\"https:\\\/\\\/www.instagram.com\\\/hbgcity\\\/\",\"https:\\\/\\\/www.linkedin.com\\\/company\\\/helsingborg-city\"]}]}<\/script>\n<!-- \/ Yoast SEO plugin. -->","yoast_head_json":{"title":"Julegavebutikken i Helsingborg","description":"V\u00e6r med til at bidrage til en bedre jul for tusindvis af b\u00f8rn i Helsingborg by. I l\u00f8bet af december \u00e5bner Sk\u00e5nes Bymission en julegavebutik for \u00f8konomisk udsatte familier.","robots":{"index":"index","follow":"follow","max-snippet":"max-snippet:-1","max-image-preview":"max-image-preview:large","max-video-preview":"max-video-preview:-1"},"canonical":"https:\/\/hbgcity.se\/da\/julklappsbutiken\/","og_locale":"da_DK","og_type":"article","og_title":"Julegavebutikken i Helsingborg","og_description":"V\u00e6r med til at bidrage til en bedre jul for tusindvis af b\u00f8rn i Helsingborg by. I l\u00f8bet af december \u00e5bner Sk\u00e5nes Bymission en julegavebutik for \u00f8konomisk udsatte familier.","og_url":"https:\/\/hbgcity.se\/da\/julklappsbutiken\/","og_site_name":"V\u00e4lkommen till Helsingborg city!","article_publisher":"https:\/\/www.facebook.com\/helsingborgcity","article_modified_time":"2025-11-06T16:30:47+00:00","og_image":[{"width":1600,"height":900,"url":"https:\/\/hbgcity.se\/wp-content\/uploads\/2024\/11\/Stadsmissionens-julklappsbutik-Helsingborg-city.png","type":"image\/png"}],"twitter_card":"summary_large_image","twitter_misc":{"Estimeret l\u00e6setid":"1 minut"},"schema":{"@context":"https:\/\/schema.org","@graph":[{"@type":"WebPage","@id":"https:\/\/hbgcity.se\/da\/julklappsbutiken\/","url":"https:\/\/hbgcity.se\/da\/julklappsbutiken\/","name":"Julegavebutikken i Helsingborg","isPartOf":{"@id":"https:\/\/hbgcity.se\/da\/#website"},"primaryImageOfPage":{"@id":"https:\/\/hbgcity.se\/da\/julklappsbutiken\/#primaryimage"},"image":{"@id":"https:\/\/hbgcity.se\/da\/julklappsbutiken\/#primaryimage"},"thumbnailUrl":"https:\/\/hbgcity.se\/wp-content\/uploads\/2024\/11\/Stadsmissionens-julklappsbutik-Helsingborg-city.png","datePublished":"2024-11-15T15:04:56+00:00","dateModified":"2025-11-06T16:30:47+00:00","description":"V\u00e6r med til at bidrage til en bedre jul for tusindvis af b\u00f8rn i Helsingborg by. I l\u00f8bet af december \u00e5bner Sk\u00e5nes Bymission en julegavebutik for \u00f8konomisk udsatte familier.","breadcrumb":{"@id":"https:\/\/hbgcity.se\/da\/julklappsbutiken\/#breadcrumb"},"inLanguage":"da-DK","potentialAction":[{"@type":"ReadAction","target":["https:\/\/hbgcity.se\/da\/julklappsbutiken\/"]}]},{"@type":"ImageObject","inLanguage":"da-DK","@id":"https:\/\/hbgcity.se\/da\/julklappsbutiken\/#primaryimage","url":"https:\/\/hbgcity.se\/wp-content\/uploads\/2024\/11\/Stadsmissionens-julklappsbutik-Helsingborg-city.png","contentUrl":"https:\/\/hbgcity.se\/wp-content\/uploads\/2024\/11\/Stadsmissionens-julklappsbutik-Helsingborg-city.png","width":1600,"height":900},{"@type":"BreadcrumbList","@id":"https:\/\/hbgcity.se\/da\/julklappsbutiken\/#breadcrumb","itemListElement":[{"@type":"ListItem","position":1,"name":"Home","item":"https:\/\/hbgcity.se\/da\/home-2\/"},{"@type":"ListItem","position":2,"name":"Bymissionens julegavebutik"}]},{"@type":"WebSite","@id":"https:\/\/hbgcity.se\/da\/#website","url":"https:\/\/hbgcity.se\/da\/","name":"V\u00e4lkommen till HBG City!","description":"I Helsingborg finns n\u00e5got f\u00f6r alla!","publisher":{"@id":"https:\/\/hbgcity.se\/da\/#organization"},"potentialAction":[{"@type":"SearchAction","target":{"@type":"EntryPoint","urlTemplate":"https:\/\/hbgcity.se\/da\/?s={search_term_string}"},"query-input":{"@type":"PropertyValueSpecification","valueRequired":true,"valueName":"search_term_string"}}],"inLanguage":"da-DK"},{"@type":"Organization","@id":"https:\/\/hbgcity.se\/da\/#organization","name":"V\u00e4lkommen till Hbgcity!","url":"https:\/\/hbgcity.se\/da\/","logo":{"@type":"ImageObject","inLanguage":"da-DK","@id":"https:\/\/hbgcity.se\/da\/#\/schema\/logo\/image\/","url":"https:\/\/hbgcity.se\/wp-content\/uploads\/2023\/02\/HBG-CITY-Huvudlogotyp.svg","contentUrl":"https:\/\/hbgcity.se\/wp-content\/uploads\/2023\/02\/HBG-CITY-Huvudlogotyp.svg","caption":"V\u00e4lkommen till Hbgcity!"},"image":{"@id":"https:\/\/hbgcity.se\/da\/#\/schema\/logo\/image\/"},"sameAs":["https:\/\/www.facebook.com\/helsingborgcity","https:\/\/www.instagram.com\/hbgcity\/","https:\/\/www.linkedin.com\/company\/helsingborg-city"]}]}},"_links":{"self":[{"href":"https:\/\/hbgcity.se\/da\/wp-json\/wp\/v2\/pages\/22554","targetHints":{"allow":["GET"]}}],"collection":[{"href":"https:\/\/hbgcity.se\/da\/wp-json\/wp\/v2\/pages"}],"about":[{"href":"https:\/\/hbgcity.se\/da\/wp-json\/wp\/v2\/types\/page"}],"author":[{"embeddable":true,"href":"https:\/\/hbgcity.se\/da\/wp-json\/wp\/v2\/users\/9"}],"replies":[{"embeddable":true,"href":"https:\/\/hbgcity.se\/da\/wp-json\/wp\/v2\/comments?post=22554"}],"version-history":[{"count":3,"href":"https:\/\/hbgcity.se\/da\/wp-json\/wp\/v2\/pages\/22554\/revisions"}],"predecessor-version":[{"id":33829,"href":"https:\/\/hbgcity.se\/da\/wp-json\/wp\/v2\/pages\/22554\/revisions\/33829"}],"wp:featuredmedia":[{"embeddable":true,"href":"https:\/\/hbgcity.se\/da\/wp-json\/wp\/v2\/media\/22112"}],"wp:attachment":[{"href":"https:\/\/hbgcity.se\/da\/wp-json\/wp\/v2\/media?parent=22554"}],"curies":[{"name":"wp","href":"https:\/\/api.w.org\/{rel}","templated":true}]}}