{"id":22642,"date":"2023-05-23T12:58:40","date_gmt":"2023-05-23T10:58:40","guid":{"rendered":"https:\/\/hbgcity.se\/aabningstider\/"},"modified":"2026-01-05T09:45:46","modified_gmt":"2026-01-05T08:45:46","slug":"oppettider","status":"publish","type":"page","link":"https:\/\/hbgcity.se\/da\/oppettider\/","title":{"rendered":"\u00c5bningstider"},"content":{"rendered":"\t\t<div data-elementor-type=\"wp-page\" data-elementor-id=\"22642\" class=\"elementor elementor-22642 elementor-7913\" data-elementor-post-type=\"page\">\n\t\t\t\t\t\t<section class=\"elementor-section elementor-top-section elementor-element elementor-element-df4165b elementor-section-height-min-height elementor-section-boxed elementor-section-height-default elementor-section-items-middle\" data-id=\"df4165b\" data-element_type=\"section\" data-e-type=\"section\" data-settings=\"{&quot;background_background&quot;:&quot;classic&quot;}\">\n\t\t\t\t\t\t<div class=\"elementor-container elementor-column-gap-default\">\n\t\t\t\t\t<div class=\"elementor-column elementor-col-100 elementor-top-column elementor-element elementor-element-490faa2\" data-id=\"490faa2\" data-element_type=\"column\" data-e-type=\"column\">\n\t\t\t<div class=\"elementor-widget-wrap\">\n\t\t\t\t\t\t\t<\/div>\n\t\t<\/div>\n\t\t\t\t\t<\/div>\n\t\t<\/section>\n\t\t\t\t<section class=\"elementor-section elementor-top-section elementor-element elementor-element-ebd95bc elementor-section-height-min-height elementor-section-items-stretch elementor-reverse-mobile elementor-section-boxed elementor-section-height-default\" data-id=\"ebd95bc\" data-element_type=\"section\" data-e-type=\"section\">\n\t\t\t\t\t\t<div class=\"elementor-container elementor-column-gap-default\">\n\t\t\t\t\t<div class=\"elementor-column elementor-col-100 elementor-top-column elementor-element elementor-element-61d592a\" data-id=\"61d592a\" data-element_type=\"column\" data-e-type=\"column\">\n\t\t\t<div class=\"elementor-widget-wrap elementor-element-populated\">\n\t\t\t\t\t\t<div class=\"elementor-element elementor-element-3c3dc16 elementor-widget elementor-widget-heading\" data-id=\"3c3dc16\" data-element_type=\"widget\" data-e-type=\"widget\" data-widget_type=\"heading.default\">\n\t\t\t\t<div class=\"elementor-widget-container\">\n\t\t\t\t\t<h2 class=\"elementor-heading-title elementor-size-default\">\u00c5bningstider<\/h2>\t\t\t\t<\/div>\n\t\t\t\t<\/div>\n\t\t\t\t<div class=\"elementor-element elementor-element-c60cc73 elementor-widget elementor-widget-heading\" data-id=\"c60cc73\" data-element_type=\"widget\" data-e-type=\"widget\" data-widget_type=\"heading.default\">\n\t\t\t\t<div class=\"elementor-widget-container\">\n\t\t\t\t\t<h3 class=\"elementor-heading-title elementor-size-default\">Almindelige \u00e5bningstider\n<\/h3>\t\t\t\t<\/div>\n\t\t\t\t<\/div>\n\t\t\t\t<div class=\"elementor-element elementor-element-ec48c82 elementor-widget__width-initial elementor-widget-mobile__width-initial elementor-widget elementor-widget-text-editor\" data-id=\"ec48c82\" data-element_type=\"widget\" data-e-type=\"widget\" data-widget_type=\"text-editor.default\">\n\t\t\t\t<div class=\"elementor-widget-container\">\n\t\t\t\t\t\t\t\t\t<p>I Helsingborg centrum arbejder vi for f\u00e6lles \u00e5bningstider. \u00c5bningstiderne er kun vejledende, og de enkelte butikker kan have l\u00e6ngere eller kortere \u00e5bningstider.<\/p><p>Hverdage 10.00 - 18.00<br><strong>L\u00f8rdage<\/strong> 10.00 - 16.00<br> S\u00f8ndage 12.00 - 16.00*<br>*med undtagelse<\/p>\t\t\t\t\t\t\t\t<\/div>\n\t\t\t\t<\/div>\n\t\t\t\t<div class=\"elementor-element elementor-element-1e09ad1 elementor-widget elementor-widget-text-editor\" data-id=\"1e09ad1\" data-element_type=\"widget\" data-e-type=\"widget\" data-widget_type=\"text-editor.default\">\n\t\t\t\t<div class=\"elementor-widget-container\">\n\t\t\t\t\t\t\t\t\t<p><span class=\"ui-provider a b c d e f g h i j k l m n o p q r s t u v w x y z ab ac ae af ag ah ai aj ak\" dir=\"ltr\"><strong>Summer Sundays<\/strong> - \u00e5bent alle s\u00f8ndage i juni-august<br><strong>Christmas Sundays<\/strong> - \u00e5bent alle s\u00f8ndage i adventstiden<\/span><\/p>\t\t\t\t\t\t\t\t<\/div>\n\t\t\t\t<\/div>\n\t\t\t\t<div class=\"elementor-element elementor-element-3e46364 elementor-widget elementor-widget-text-editor\" data-id=\"3e46364\" data-element_type=\"widget\" data-e-type=\"widget\" data-widget_type=\"text-editor.default\">\n\t\t\t\t<div class=\"elementor-widget-container\">\n\t\t\t\t\t\t\t\t\t<p>G\u00e5 til <a href=\"https:\/\/hbgcity.se\/da\/oplev-byen\/gaa-paa-indkoeb\/\"><strong>Handle<\/strong><\/a> for at se, hvilke butikker der er \u00e5bne p\u00e5 hvilke dage.<\/p>\t\t\t\t\t\t\t\t<\/div>\n\t\t\t\t<\/div>\n\t\t\t\t<div class=\"elementor-element elementor-element-a6c6a80 elementor-widget elementor-widget-heading\" data-id=\"a6c6a80\" data-element_type=\"widget\" data-e-type=\"widget\" data-widget_type=\"heading.default\">\n\t\t\t\t<div class=\"elementor-widget-container\">\n\t\t\t\t\t<h5 class=\"elementor-heading-title elementor-size-default\">Se forskellige \u00e5bningstider i 2026<\/h5>\t\t\t\t<\/div>\n\t\t\t\t<\/div>\n\t\t\t\t<div class=\"elementor-element elementor-element-7f6f09c elementor-widget elementor-widget-text-editor\" data-id=\"7f6f09c\" data-element_type=\"widget\" data-e-type=\"widget\" data-widget_type=\"text-editor.default\">\n\t\t\t\t<div class=\"elementor-widget-container\">\n\t\t\t\t\t\t\t\t\t<div class=\"wpb_text_column wpb_content_element \"><div class=\"wpb_wrapper\"><p>\n<table id=\"tablepress-1\" class=\"tablepress tablepress-id-1\">\n<tbody class=\"row-hover\">\n<tr class=\"row-1\">\n\t<td class=\"column-1\">Onsdag 1 jan<\/td><td class=\"column-2\">Nyt\u00e5rsdag<\/td><td class=\"column-3\">Lukket<\/td>\n<\/tr>\n<tr class=\"row-2\">\n\t<td class=\"column-1\">Mandag 5 jan<\/td><td class=\"column-2\">Helligtrekongersaften<\/td><td class=\"column-3\">12-16<\/td>\n<\/tr>\n<tr class=\"row-3\">\n\t<td class=\"column-1\">Tirsdag 6 jan<\/td><td class=\"column-2\">Helligtrekongersdag<\/td><td class=\"column-3\">12-16<\/td>\n<\/tr>\n<tr class=\"row-4\">\n\t<td class=\"column-1\">Torsdag 17 april<\/td><td class=\"column-2\">Sk\u00e6rtorsdag<\/td><td class=\"column-3\">10-18<\/td>\n<\/tr>\n<tr class=\"row-5\">\n\t<td class=\"column-1\">Fredag 18 april<\/td><td class=\"column-2\">Langfredag<\/td><td class=\"column-3\">12-16<\/td>\n<\/tr>\n<tr class=\"row-6\">\n\t<td class=\"column-1\">L\u00f8rdag 19 april<\/td><td class=\"column-2\">P\u00e5skeaften<\/td><td class=\"column-3\">10-16<\/td>\n<\/tr>\n<tr class=\"row-7\">\n\t<td class=\"column-1\">S\u00f8ndag 20 april<\/td><td class=\"column-2\">P\u00e5skedag<\/td><td class=\"column-3\">12-16<\/td>\n<\/tr>\n<tr class=\"row-8\">\n\t<td class=\"column-1\">Mandag 21 april<\/td><td class=\"column-2\">2. p\u00e5skedag<\/td><td class=\"column-3\">12-16<\/td>\n<\/tr>\n<tr class=\"row-9\">\n\t<td class=\"column-1\">Onsdag 30 april<\/td><td class=\"column-2\">Valborgsaften<\/td><td class=\"column-3\">10-18<\/td>\n<\/tr>\n<tr class=\"row-10\">\n\t<td class=\"column-1\">Torsdag 1 maj<\/td><td class=\"column-2\">1. maj<\/td><td class=\"column-3\">12-16<\/td>\n<\/tr>\n<tr class=\"row-11\">\n\t<td class=\"column-1\">Torsdag 29 maj<\/td><td class=\"column-2\">Kristi Himmelfartsdag<\/td><td class=\"column-3\">12-16<\/td>\n<\/tr>\n<tr class=\"row-12\">\n\t<td class=\"column-1\">Fredag 6 juni<\/td><td class=\"column-2\">Sveriges nationaldag<\/td><td class=\"column-3\">12-16<\/td>\n<\/tr>\n<tr class=\"row-13\">\n\t<td class=\"column-1\">L\u00f8rdag 7 juni<\/td><td class=\"column-2\">Pinsedag<\/td><td class=\"column-3\">10-16<\/td>\n<\/tr>\n<tr class=\"row-14\">\n\t<td class=\"column-1\">S\u00f8ndag 8 juni<\/td><td class=\"column-2\">2. pinsedag<\/td><td class=\"column-3\">12-16<\/td>\n<\/tr>\n<tr class=\"row-15\">\n\t<td class=\"column-1\">Fredag 20 juni<\/td><td class=\"column-2\">Sankthansaften<\/td><td class=\"column-3\">10-14<\/td>\n<\/tr>\n<tr class=\"row-16\">\n\t<td class=\"column-1\">L\u00f8rdag 21 juni<\/td><td class=\"column-2\">Sankthansdag<\/td><td class=\"column-3\">Lukket<\/td>\n<\/tr>\n<tr class=\"row-17\">\n\t<td class=\"column-1\">L\u00f8rdag 1 november<\/td><td class=\"column-2\">Allehelgensdag<\/td><td class=\"column-3\">10-16<\/td>\n<\/tr>\n<tr class=\"row-18\">\n\t<td class=\"column-1\">S\u00f8ndag 30 november<\/td><td class=\"column-2\">Juleudstilling, 1. advent<\/td><td class=\"column-3\">12-18<\/td>\n<\/tr>\n<tr class=\"row-19\">\n\t<td class=\"column-1\">S\u00f8ndag 7 december<\/td><td class=\"column-2\">2. advent<\/td><td class=\"column-3\">12-16<\/td>\n<\/tr>\n<tr class=\"row-20\">\n\t<td class=\"column-1\">S\u00f8ndag 14 december<\/td><td class=\"column-2\">3. advent<\/td><td class=\"column-3\">12-16<\/td>\n<\/tr>\n<tr class=\"row-21\">\n\t<td class=\"column-1\">Mandag - fredag 15 - 19 december<\/td><td class=\"column-2\">Juletid<\/td><td class=\"column-3\">10-19<\/td>\n<\/tr>\n<tr class=\"row-22\">\n\t<td class=\"column-1\">S\u00f8ndag 21 december<\/td><td class=\"column-2\">4. advent<\/td><td class=\"column-3\">12-16<\/td>\n<\/tr>\n<tr class=\"row-23\">\n\t<td class=\"column-1\">Tirsdag 23 december<\/td><td class=\"column-2\">Lillejuleaften<\/td><td class=\"column-3\">10-19<\/td>\n<\/tr>\n<tr class=\"row-24\">\n\t<td class=\"column-1\">Onsdag 24 december<\/td><td class=\"column-2\">Juleaften<\/td><td class=\"column-3\">10-14<\/td>\n<\/tr>\n<tr class=\"row-25\">\n\t<td class=\"column-1\">Torsdag 25 december<\/td><td class=\"column-2\">Juledag<\/td><td class=\"column-3\">Lukket<\/td>\n<\/tr>\n<tr class=\"row-26\">\n\t<td class=\"column-1\">Fredag 26 december<\/td><td class=\"column-2\">2. juledag<\/td><td class=\"column-3\">12-16<\/td>\n<\/tr>\n<tr class=\"row-27\">\n\t<td class=\"column-1\">Onsdag 31 december<\/td><td class=\"column-2\">Nyt\u00e5rsaften<\/td><td class=\"column-3\">10-14<\/td>\n<\/tr>\n<tr class=\"row-28\">\n\t<td class=\"column-1\">Torsdag 1 januar 2026<\/td><td class=\"column-2\">Nyt\u00e5rsdag<\/td><td class=\"column-3\">Lukket<\/td>\n<\/tr>\n<\/tbody>\n<\/table>\n<!-- #tablepress-1 from cache --><\/p><\/div><\/div><div class=\"wpb_text_column wpb_content_element \"><div class=\"wpb_wrapper\"> <\/div><\/div>\t\t\t\t\t\t\t\t<\/div>\n\t\t\t\t<\/div>\n\t\t\t\t\t<\/div>\n\t\t<\/div>\n\t\t\t\t\t<\/div>\n\t\t<\/section>\n\t\t\t\t<section class=\"elementor-section elementor-top-section elementor-element elementor-element-224373e elementor-section-boxed elementor-section-height-default elementor-section-height-default\" data-id=\"224373e\" data-element_type=\"section\" data-e-type=\"section\">\n\t\t\t\t\t\t<div class=\"elementor-container elementor-column-gap-default\">\n\t\t\t\t\t<div class=\"elementor-column elementor-col-100 elementor-top-column elementor-element elementor-element-448c079\" data-id=\"448c079\" data-element_type=\"column\" data-e-type=\"column\">\n\t\t\t<div class=\"elementor-widget-wrap\">\n\t\t\t\t\t\t\t<\/div>\n\t\t<\/div>\n\t\t\t\t\t<\/div>\n\t\t<\/section>\n\t\t\t\t<\/div>\n\t\t","protected":false},"excerpt":{"rendered":"<p>\u00c5bningstider Almindelige \u00e5bningstider I Helsingborg centrum arbejder vi for f\u00e6lles \u00e5bningstider. \u00c5bningstiderne er kun vejledende, og de enkelte butikker kan have l\u00e6ngere eller kortere \u00e5bningstider. Hverdage 10.00 - 18.00L\u00f8rdage 10.00 - 16.00 S\u00f8ndage 12.00 - 16.00**med undtagelse Summer Sundays - \u00e5bent alle s\u00f8ndage i juni-augustChristmas Sundays - \u00e5bent alle s\u00f8ndage i adventstiden G\u00e5 til Handle [&hellip;]<\/p>\n","protected":false},"author":1,"featured_media":0,"parent":0,"menu_order":0,"comment_status":"closed","ping_status":"closed","template":"","meta":{"_acf_changed":false,"site-sidebar-layout":"no-sidebar","site-content-layout":"page-builder","ast-site-content-layout":"default","site-content-style":"default","site-sidebar-style":"default","ast-global-header-display":"","ast-banner-title-visibility":"","ast-main-header-display":"","ast-hfb-above-header-display":"","ast-hfb-below-header-display":"","ast-hfb-mobile-header-display":"","site-post-title":"disabled","ast-breadcrumbs-content":"","ast-featured-img":"disabled","footer-sml-layout":"","ast-disable-related-posts":"","theme-transparent-header-meta":"","adv-header-id-meta":"","stick-header-meta":"","header-above-stick-meta":"","header-main-stick-meta":"","header-below-stick-meta":"","astra-migrate-meta-layouts":"default","ast-page-background-enabled":"default","ast-page-background-meta":{"desktop":{"background-color":"","background-image":"","background-repeat":"repeat","background-position":"center center","background-size":"auto","background-attachment":"scroll","background-type":"","background-media":"","overlay-type":"","overlay-color":"","overlay-opacity":"","overlay-gradient":""},"tablet":{"background-color":"","background-image":"","background-repeat":"repeat","background-position":"center center","background-size":"auto","background-attachment":"scroll","background-type":"","background-media":"","overlay-type":"","overlay-color":"","overlay-opacity":"","overlay-gradient":""},"mobile":{"background-color":"","background-image":"","background-repeat":"repeat","background-position":"center center","background-size":"auto","background-attachment":"scroll","background-type":"","background-media":"","overlay-type":"","overlay-color":"","overlay-opacity":"","overlay-gradient":""}},"ast-content-background-meta":{"desktop":{"background-color":"var(--ast-global-color-5)","background-image":"","background-repeat":"repeat","background-position":"center center","background-size":"auto","background-attachment":"scroll","background-type":"","background-media":"","overlay-type":"","overlay-color":"","overlay-opacity":"","overlay-gradient":""},"tablet":{"background-color":"var(--ast-global-color-5)","background-image":"","background-repeat":"repeat","background-position":"center center","background-size":"auto","background-attachment":"scroll","background-type":"","background-media":"","overlay-type":"","overlay-color":"","overlay-opacity":"","overlay-gradient":""},"mobile":{"background-color":"var(--ast-global-color-5)","background-image":"","background-repeat":"repeat","background-position":"center center","background-size":"auto","background-attachment":"scroll","background-type":"","background-media":"","overlay-type":"","overlay-color":"","overlay-opacity":"","overlay-gradient":""}},"footnotes":""},"class_list":["post-22642","page","type-page","status-publish","hentry"],"acf":[],"yoast_head":"<!-- This site is optimized with the Yoast SEO plugin v27.4 - https:\/\/yoast.com\/product\/yoast-seo-wordpress\/ -->\n<title>\u00c5bningstider - V\u00e4lkommen till Helsingborg city!<\/title>\n<meta name=\"robots\" content=\"index, follow, max-snippet:-1, max-image-preview:large, max-video-preview:-1\" \/>\n<link rel=\"canonical\" href=\"https:\/\/hbgcity.se\/da\/oppettider\/\" \/>\n<meta property=\"og:locale\" content=\"da_DK\" \/>\n<meta property=\"og:type\" content=\"article\" \/>\n<meta property=\"og:title\" content=\"\u00c5bningstider - V\u00e4lkommen till Helsingborg city!\" \/>\n<meta property=\"og:description\" content=\"\u00c5bningstider Almindelige \u00e5bningstider I Helsingborg centrum arbejder vi for f\u00e6lles \u00e5bningstider. \u00c5bningstiderne er kun vejledende, og de enkelte butikker kan have l\u00e6ngere eller kortere \u00e5bningstider. Hverdage 10.00 - 18.00L\u00f8rdage 10.00 - 16.00 S\u00f8ndage 12.00 - 16.00**med undtagelse Summer Sundays - \u00e5bent alle s\u00f8ndage i juni-augustChristmas Sundays - \u00e5bent alle s\u00f8ndage i adventstiden G\u00e5 til Handle [&hellip;]\" \/>\n<meta property=\"og:url\" content=\"https:\/\/hbgcity.se\/da\/oppettider\/\" \/>\n<meta property=\"og:site_name\" content=\"V\u00e4lkommen till Helsingborg city!\" \/>\n<meta property=\"article:publisher\" content=\"https:\/\/www.facebook.com\/helsingborgcity\" \/>\n<meta property=\"article:modified_time\" content=\"2026-01-05T08:45:46+00:00\" \/>\n<meta name=\"twitter:card\" content=\"summary_large_image\" \/>\n<script type=\"application\/ld+json\" class=\"yoast-schema-graph\">{\"@context\":\"https:\\\/\\\/schema.org\",\"@graph\":[{\"@type\":\"WebPage\",\"@id\":\"https:\\\/\\\/hbgcity.se\\\/da\\\/oppettider\\\/\",\"url\":\"https:\\\/\\\/hbgcity.se\\\/da\\\/oppettider\\\/\",\"name\":\"\u00c5bningstider - V\u00e4lkommen till Helsingborg city!\",\"isPartOf\":{\"@id\":\"https:\\\/\\\/hbgcity.se\\\/da\\\/#website\"},\"datePublished\":\"2023-05-23T10:58:40+00:00\",\"dateModified\":\"2026-01-05T08:45:46+00:00\",\"breadcrumb\":{\"@id\":\"https:\\\/\\\/hbgcity.se\\\/da\\\/oppettider\\\/#breadcrumb\"},\"inLanguage\":\"da-DK\",\"potentialAction\":[{\"@type\":\"ReadAction\",\"target\":[\"https:\\\/\\\/hbgcity.se\\\/da\\\/oppettider\\\/\"]}]},{\"@type\":\"BreadcrumbList\",\"@id\":\"https:\\\/\\\/hbgcity.se\\\/da\\\/oppettider\\\/#breadcrumb\",\"itemListElement\":[{\"@type\":\"ListItem\",\"position\":1,\"name\":\"Home\",\"item\":\"https:\\\/\\\/hbgcity.se\\\/da\\\/home-2\\\/\"},{\"@type\":\"ListItem\",\"position\":2,\"name\":\"\u00c5bningstider\"}]},{\"@type\":\"WebSite\",\"@id\":\"https:\\\/\\\/hbgcity.se\\\/da\\\/#website\",\"url\":\"https:\\\/\\\/hbgcity.se\\\/da\\\/\",\"name\":\"V\u00e4lkommen till HBG City!\",\"description\":\"I Helsingborg finns n\u00e5got f\u00f6r alla!\",\"publisher\":{\"@id\":\"https:\\\/\\\/hbgcity.se\\\/da\\\/#organization\"},\"potentialAction\":[{\"@type\":\"SearchAction\",\"target\":{\"@type\":\"EntryPoint\",\"urlTemplate\":\"https:\\\/\\\/hbgcity.se\\\/da\\\/?s={search_term_string}\"},\"query-input\":{\"@type\":\"PropertyValueSpecification\",\"valueRequired\":true,\"valueName\":\"search_term_string\"}}],\"inLanguage\":\"da-DK\"},{\"@type\":\"Organization\",\"@id\":\"https:\\\/\\\/hbgcity.se\\\/da\\\/#organization\",\"name\":\"V\u00e4lkommen till Hbgcity!\",\"url\":\"https:\\\/\\\/hbgcity.se\\\/da\\\/\",\"logo\":{\"@type\":\"ImageObject\",\"inLanguage\":\"da-DK\",\"@id\":\"https:\\\/\\\/hbgcity.se\\\/da\\\/#\\\/schema\\\/logo\\\/image\\\/\",\"url\":\"https:\\\/\\\/hbgcity.se\\\/wp-content\\\/uploads\\\/2023\\\/02\\\/HBG-CITY-Huvudlogotyp.svg\",\"contentUrl\":\"https:\\\/\\\/hbgcity.se\\\/wp-content\\\/uploads\\\/2023\\\/02\\\/HBG-CITY-Huvudlogotyp.svg\",\"caption\":\"V\u00e4lkommen till Hbgcity!\"},\"image\":{\"@id\":\"https:\\\/\\\/hbgcity.se\\\/da\\\/#\\\/schema\\\/logo\\\/image\\\/\"},\"sameAs\":[\"https:\\\/\\\/www.facebook.com\\\/helsingborgcity\",\"https:\\\/\\\/www.instagram.com\\\/hbgcity\\\/\",\"https:\\\/\\\/www.linkedin.com\\\/company\\\/helsingborg-city\"]}]}<\/script>\n<!-- \/ Yoast SEO plugin. -->","yoast_head_json":{"title":"\u00c5bningstider - V\u00e4lkommen till Helsingborg city!","robots":{"index":"index","follow":"follow","max-snippet":"max-snippet:-1","max-image-preview":"max-image-preview:large","max-video-preview":"max-video-preview:-1"},"canonical":"https:\/\/hbgcity.se\/da\/oppettider\/","og_locale":"da_DK","og_type":"article","og_title":"\u00c5bningstider - V\u00e4lkommen till Helsingborg city!","og_description":"\u00c5bningstider Almindelige \u00e5bningstider I Helsingborg centrum arbejder vi for f\u00e6lles \u00e5bningstider. \u00c5bningstiderne er kun vejledende, og de enkelte butikker kan have l\u00e6ngere eller kortere \u00e5bningstider. Hverdage 10.00 - 18.00L\u00f8rdage 10.00 - 16.00 S\u00f8ndage 12.00 - 16.00**med undtagelse Summer Sundays - \u00e5bent alle s\u00f8ndage i juni-augustChristmas Sundays - \u00e5bent alle s\u00f8ndage i adventstiden G\u00e5 til Handle [&hellip;]","og_url":"https:\/\/hbgcity.se\/da\/oppettider\/","og_site_name":"V\u00e4lkommen till Helsingborg city!","article_publisher":"https:\/\/www.facebook.com\/helsingborgcity","article_modified_time":"2026-01-05T08:45:46+00:00","twitter_card":"summary_large_image","schema":{"@context":"https:\/\/schema.org","@graph":[{"@type":"WebPage","@id":"https:\/\/hbgcity.se\/da\/oppettider\/","url":"https:\/\/hbgcity.se\/da\/oppettider\/","name":"\u00c5bningstider - V\u00e4lkommen till Helsingborg city!","isPartOf":{"@id":"https:\/\/hbgcity.se\/da\/#website"},"datePublished":"2023-05-23T10:58:40+00:00","dateModified":"2026-01-05T08:45:46+00:00","breadcrumb":{"@id":"https:\/\/hbgcity.se\/da\/oppettider\/#breadcrumb"},"inLanguage":"da-DK","potentialAction":[{"@type":"ReadAction","target":["https:\/\/hbgcity.se\/da\/oppettider\/"]}]},{"@type":"BreadcrumbList","@id":"https:\/\/hbgcity.se\/da\/oppettider\/#breadcrumb","itemListElement":[{"@type":"ListItem","position":1,"name":"Home","item":"https:\/\/hbgcity.se\/da\/home-2\/"},{"@type":"ListItem","position":2,"name":"\u00c5bningstider"}]},{"@type":"WebSite","@id":"https:\/\/hbgcity.se\/da\/#website","url":"https:\/\/hbgcity.se\/da\/","name":"V\u00e4lkommen till HBG City!","description":"I Helsingborg finns n\u00e5got f\u00f6r alla!","publisher":{"@id":"https:\/\/hbgcity.se\/da\/#organization"},"potentialAction":[{"@type":"SearchAction","target":{"@type":"EntryPoint","urlTemplate":"https:\/\/hbgcity.se\/da\/?s={search_term_string}"},"query-input":{"@type":"PropertyValueSpecification","valueRequired":true,"valueName":"search_term_string"}}],"inLanguage":"da-DK"},{"@type":"Organization","@id":"https:\/\/hbgcity.se\/da\/#organization","name":"V\u00e4lkommen till Hbgcity!","url":"https:\/\/hbgcity.se\/da\/","logo":{"@type":"ImageObject","inLanguage":"da-DK","@id":"https:\/\/hbgcity.se\/da\/#\/schema\/logo\/image\/","url":"https:\/\/hbgcity.se\/wp-content\/uploads\/2023\/02\/HBG-CITY-Huvudlogotyp.svg","contentUrl":"https:\/\/hbgcity.se\/wp-content\/uploads\/2023\/02\/HBG-CITY-Huvudlogotyp.svg","caption":"V\u00e4lkommen till Hbgcity!"},"image":{"@id":"https:\/\/hbgcity.se\/da\/#\/schema\/logo\/image\/"},"sameAs":["https:\/\/www.facebook.com\/helsingborgcity","https:\/\/www.instagram.com\/hbgcity\/","https:\/\/www.linkedin.com\/company\/helsingborg-city"]}]}},"_links":{"self":[{"href":"https:\/\/hbgcity.se\/da\/wp-json\/wp\/v2\/pages\/22642","targetHints":{"allow":["GET"]}}],"collection":[{"href":"https:\/\/hbgcity.se\/da\/wp-json\/wp\/v2\/pages"}],"about":[{"href":"https:\/\/hbgcity.se\/da\/wp-json\/wp\/v2\/types\/page"}],"author":[{"embeddable":true,"href":"https:\/\/hbgcity.se\/da\/wp-json\/wp\/v2\/users\/1"}],"replies":[{"embeddable":true,"href":"https:\/\/hbgcity.se\/da\/wp-json\/wp\/v2\/comments?post=22642"}],"version-history":[{"count":3,"href":"https:\/\/hbgcity.se\/da\/wp-json\/wp\/v2\/pages\/22642\/revisions"}],"predecessor-version":[{"id":35035,"href":"https:\/\/hbgcity.se\/da\/wp-json\/wp\/v2\/pages\/22642\/revisions\/35035"}],"wp:attachment":[{"href":"https:\/\/hbgcity.se\/da\/wp-json\/wp\/v2\/media?parent=22642"}],"curies":[{"name":"wp","href":"https:\/\/api.w.org\/{rel}","templated":true}]}}