{"id":22656,"date":"2023-03-12T08:52:46","date_gmt":"2023-03-12T07:52:46","guid":{"rendered":"https:\/\/hbgcity.se\/besoegende-destinationer\/"},"modified":"2026-04-07T11:10:45","modified_gmt":"2026-04-07T09:10:45","slug":"besoksmal","status":"publish","type":"page","link":"https:\/\/hbgcity.se\/da\/oplev-byen\/besoksmal\/","title":{"rendered":"Bes\u00f8gende destinationer"},"content":{"rendered":"\t\t<div data-elementor-type=\"wp-page\" data-elementor-id=\"22656\" class=\"elementor elementor-22656 elementor-5981\" data-elementor-post-type=\"page\">\n\t\t\t\t\t\t<section class=\"elementor-section elementor-top-section elementor-element elementor-element-65c791fe elementor-section-height-min-height elementor-section-boxed elementor-section-height-default elementor-section-items-middle\" data-id=\"65c791fe\" data-element_type=\"section\" data-e-type=\"section\" data-settings=\"{&quot;background_background&quot;:&quot;classic&quot;}\">\n\t\t\t\t\t\t<div class=\"elementor-container elementor-column-gap-default\">\n\t\t\t\t\t<div class=\"elementor-column elementor-col-100 elementor-top-column elementor-element elementor-element-697f4c21\" data-id=\"697f4c21\" data-element_type=\"column\" data-e-type=\"column\">\n\t\t\t<div class=\"elementor-widget-wrap\">\n\t\t\t\t\t\t\t<\/div>\n\t\t<\/div>\n\t\t\t\t\t<\/div>\n\t\t<\/section>\n\t\t\t\t<section class=\"elementor-section elementor-top-section elementor-element elementor-element-76315103 elementor-section-boxed elementor-section-height-default elementor-section-height-default\" data-id=\"76315103\" data-element_type=\"section\" data-e-type=\"section\">\n\t\t\t\t\t\t<div class=\"elementor-container elementor-column-gap-default\">\n\t\t\t\t\t<div class=\"elementor-column elementor-col-100 elementor-top-column elementor-element elementor-element-71116569\" data-id=\"71116569\" data-element_type=\"column\" data-e-type=\"column\">\n\t\t\t<div class=\"elementor-widget-wrap elementor-element-populated\">\n\t\t\t\t\t\t<section class=\"elementor-section elementor-inner-section elementor-element elementor-element-d6e0990 elementor-section-boxed elementor-section-height-default elementor-section-height-default\" data-id=\"d6e0990\" data-element_type=\"section\" data-e-type=\"section\">\n\t\t\t\t\t\t<div class=\"elementor-container elementor-column-gap-default\">\n\t\t\t\t\t<div class=\"elementor-column elementor-col-50 elementor-inner-column elementor-element elementor-element-41bc2352\" data-id=\"41bc2352\" data-element_type=\"column\" data-e-type=\"column\">\n\t\t\t<div class=\"elementor-widget-wrap elementor-element-populated\">\n\t\t\t\t\t\t<div class=\"elementor-element elementor-element-6dbc7001 elementor-widget elementor-widget-heading\" data-id=\"6dbc7001\" data-element_type=\"widget\" data-e-type=\"widget\" data-widget_type=\"heading.default\">\n\t\t\t\t<div class=\"elementor-widget-container\">\n\t\t\t\t\t<h2 class=\"elementor-heading-title elementor-size-default\">Steder at bes\u00f8ge i Helsingborg<\/h2>\t\t\t\t<\/div>\n\t\t\t\t<\/div>\n\t\t\t\t<div class=\"elementor-element elementor-element-7f6768e3 elementor-widget elementor-widget-text-editor\" data-id=\"7f6768e3\" data-element_type=\"widget\" data-e-type=\"widget\" data-widget_type=\"text-editor.default\">\n\t\t\t\t<div class=\"elementor-widget-container\">\n\t\t\t\t\t\t\t\t\t<p>Helsingborg er fuld af sev\u00e6rdigheder, der er v\u00e6rd at se. Spektakul\u00e6re slotte, smukke strande, museer og udstillinger, b\u00e5dture og masser af andre attraktioner. Visit Helsingborg har samlet deres bedste tips til at bes\u00f8ge Helsingborg og omegn.  <\/p>\t\t\t\t\t\t\t\t<\/div>\n\t\t\t\t<\/div>\n\t\t\t\t<div class=\"elementor-element elementor-element-afe4999 elementor-widget elementor-widget-button\" data-id=\"afe4999\" data-element_type=\"widget\" data-e-type=\"widget\" data-widget_type=\"button.default\">\n\t\t\t\t<div class=\"elementor-widget-container\">\n\t\t\t\t\t\t\t\t\t<div class=\"elementor-button-wrapper\">\n\t\t\t\t\t<a class=\"elementor-button elementor-button-link elementor-size-sm\" href=\"https:\/\/visithelsingborg.com\/uppleva-gora\/\" target=\"_blank\">\n\t\t\t\t\t\t<span class=\"elementor-button-content-wrapper\">\n\t\t\t\t\t\t\t\t\t<span class=\"elementor-button-text\">Bes\u00f8g helsingborg<\/span>\n\t\t\t\t\t<\/span>\n\t\t\t\t\t<\/a>\n\t\t\t\t<\/div>\n\t\t\t\t\t\t\t\t<\/div>\n\t\t\t\t<\/div>\n\t\t\t\t\t<\/div>\n\t\t<\/div>\n\t\t\t\t<div class=\"elementor-column elementor-col-50 elementor-inner-column elementor-element elementor-element-a4c25b7\" data-id=\"a4c25b7\" data-element_type=\"column\" data-e-type=\"column\">\n\t\t\t<div class=\"elementor-widget-wrap elementor-element-populated\">\n\t\t\t\t\t\t<div class=\"elementor-element elementor-element-9cc67b5 elementor-widget elementor-widget-image\" data-id=\"9cc67b5\" data-element_type=\"widget\" data-e-type=\"widget\" data-widget_type=\"image.default\">\n\t\t\t\t<div class=\"elementor-widget-container\">\n\t\t\t\t\t\t\t\t\t\t\t\t\t\t\t<img fetchpriority=\"high\" decoding=\"async\" width=\"519\" height=\"181\" src=\"https:\/\/hbgcity.se\/wp-content\/uploads\/2023\/08\/Kamera-Svart-med-bla-bakgrund.png\" class=\"attachment-large size-large wp-image-21146\" alt=\"\" srcset=\"https:\/\/hbgcity.se\/wp-content\/uploads\/2023\/08\/Kamera-Svart-med-bla-bakgrund.png 519w, https:\/\/hbgcity.se\/wp-content\/uploads\/2023\/08\/Kamera-Svart-med-bla-bakgrund-300x105.png 300w\" sizes=\"(max-width: 519px) 100vw, 519px\" \/>\t\t\t\t\t\t\t\t\t\t\t\t\t\t\t<\/div>\n\t\t\t\t<\/div>\n\t\t\t\t\t<\/div>\n\t\t<\/div>\n\t\t\t\t\t<\/div>\n\t\t<\/section>\n\t\t\t\t\t<\/div>\n\t\t<\/div>\n\t\t\t\t\t<\/div>\n\t\t<\/section>\n\t\t\t\t<\/div>\n\t\t","protected":false},"excerpt":{"rendered":"<p>Steder at bes\u00f8ge i Helsingborg Helsingborg er fuld af sev\u00e6rdigheder, der er v\u00e6rd at se. Spektakul\u00e6re slotte, smukke strande, museer og udstillinger, b\u00e5dture og masser af andre attraktioner. Visit Helsingborg har samlet deres bedste tips til at bes\u00f8ge Helsingborg og omegn. Bes\u00f8g helsingborg<\/p>\n","protected":false},"author":1,"featured_media":21148,"parent":22748,"menu_order":0,"comment_status":"closed","ping_status":"closed","template":"","meta":{"_acf_changed":false,"site-sidebar-layout":"no-sidebar","site-content-layout":"page-builder","ast-site-content-layout":"full-width-container","site-content-style":"unboxed","site-sidebar-style":"unboxed","ast-global-header-display":"","ast-banner-title-visibility":"","ast-main-header-display":"","ast-hfb-above-header-display":"","ast-hfb-below-header-display":"","ast-hfb-mobile-header-display":"","site-post-title":"disabled","ast-breadcrumbs-content":"","ast-featured-img":"disabled","footer-sml-layout":"","ast-disable-related-posts":"","theme-transparent-header-meta":"default","adv-header-id-meta":"","stick-header-meta":"default","header-above-stick-meta":"","header-main-stick-meta":"","header-below-stick-meta":"","astra-migrate-meta-layouts":"default","ast-page-background-enabled":"default","ast-page-background-meta":{"desktop":{"background-color":"","background-image":"","background-repeat":"repeat","background-position":"center center","background-size":"auto","background-attachment":"scroll","background-type":"","background-media":"","overlay-type":"","overlay-color":"","overlay-opacity":"","overlay-gradient":""},"tablet":{"background-color":"","background-image":"","background-repeat":"repeat","background-position":"center center","background-size":"auto","background-attachment":"scroll","background-type":"","background-media":"","overlay-type":"","overlay-color":"","overlay-opacity":"","overlay-gradient":""},"mobile":{"background-color":"","background-image":"","background-repeat":"repeat","background-position":"center center","background-size":"auto","background-attachment":"scroll","background-type":"","background-media":"","overlay-type":"","overlay-color":"","overlay-opacity":"","overlay-gradient":""}},"ast-content-background-meta":{"desktop":{"background-color":"var(--ast-global-color-5)","background-image":"","background-repeat":"repeat","background-position":"center center","background-size":"auto","background-attachment":"scroll","background-type":"","background-media":"","overlay-type":"","overlay-color":"","overlay-opacity":"","overlay-gradient":""},"tablet":{"background-color":"var(--ast-global-color-5)","background-image":"","background-repeat":"repeat","background-position":"center center","background-size":"auto","background-attachment":"scroll","background-type":"","background-media":"","overlay-type":"","overlay-color":"","overlay-opacity":"","overlay-gradient":""},"mobile":{"background-color":"var(--ast-global-color-5)","background-image":"","background-repeat":"repeat","background-position":"center center","background-size":"auto","background-attachment":"scroll","background-type":"","background-media":"","overlay-type":"","overlay-color":"","overlay-opacity":"","overlay-gradient":""}},"footnotes":""},"class_list":["post-22656","page","type-page","status-publish","has-post-thumbnail","hentry"],"acf":[],"yoast_head":"<!-- This site is optimized with the Yoast SEO plugin v27.4 - https:\/\/yoast.com\/product\/yoast-seo-wordpress\/ -->\n<title>Bes\u00f8gende destinationer - V\u00e4lkommen till Helsingborg city!<\/title>\n<meta name=\"robots\" content=\"index, follow, max-snippet:-1, max-image-preview:large, max-video-preview:-1\" \/>\n<link rel=\"canonical\" href=\"https:\/\/hbgcity.se\/da\/oplev-byen\/besoksmal\/\" \/>\n<meta property=\"og:locale\" content=\"da_DK\" \/>\n<meta property=\"og:type\" content=\"article\" \/>\n<meta property=\"og:title\" content=\"Bes\u00f8gende destinationer - V\u00e4lkommen till Helsingborg city!\" \/>\n<meta property=\"og:description\" content=\"Steder at bes\u00f8ge i Helsingborg Helsingborg er fuld af sev\u00e6rdigheder, der er v\u00e6rd at se. Spektakul\u00e6re slotte, smukke strande, museer og udstillinger, b\u00e5dture og masser af andre attraktioner. Visit Helsingborg har samlet deres bedste tips til at bes\u00f8ge Helsingborg og omegn. Bes\u00f8g helsingborg\" \/>\n<meta property=\"og:url\" content=\"https:\/\/hbgcity.se\/da\/oplev-byen\/besoksmal\/\" \/>\n<meta property=\"og:site_name\" content=\"V\u00e4lkommen till Helsingborg city!\" \/>\n<meta property=\"article:publisher\" content=\"https:\/\/www.facebook.com\/helsingborgcity\" \/>\n<meta property=\"article:modified_time\" content=\"2026-04-07T09:10:45+00:00\" \/>\n<meta property=\"og:image\" content=\"https:\/\/hbgcity.se\/wp-content\/uploads\/2023\/08\/Karnan-Helsingborg-besoksmal-turistattraktion-1.jpg\" \/>\n\t<meta property=\"og:image:width\" content=\"1600\" \/>\n\t<meta property=\"og:image:height\" content=\"900\" \/>\n\t<meta property=\"og:image:type\" content=\"image\/jpeg\" \/>\n<meta name=\"twitter:card\" content=\"summary_large_image\" \/>\n<script type=\"application\/ld+json\" class=\"yoast-schema-graph\">{\"@context\":\"https:\\\/\\\/schema.org\",\"@graph\":[{\"@type\":\"WebPage\",\"@id\":\"https:\\\/\\\/hbgcity.se\\\/da\\\/oplev-byen\\\/besoksmal\\\/\",\"url\":\"https:\\\/\\\/hbgcity.se\\\/da\\\/oplev-byen\\\/besoksmal\\\/\",\"name\":\"Bes\u00f8gende destinationer - V\u00e4lkommen till Helsingborg city!\",\"isPartOf\":{\"@id\":\"https:\\\/\\\/hbgcity.se\\\/da\\\/#website\"},\"primaryImageOfPage\":{\"@id\":\"https:\\\/\\\/hbgcity.se\\\/da\\\/oplev-byen\\\/besoksmal\\\/#primaryimage\"},\"image\":{\"@id\":\"https:\\\/\\\/hbgcity.se\\\/da\\\/oplev-byen\\\/besoksmal\\\/#primaryimage\"},\"thumbnailUrl\":\"https:\\\/\\\/hbgcity.se\\\/wp-content\\\/uploads\\\/2023\\\/08\\\/Karnan-Helsingborg-besoksmal-turistattraktion-1.jpg\",\"datePublished\":\"2023-03-12T07:52:46+00:00\",\"dateModified\":\"2026-04-07T09:10:45+00:00\",\"breadcrumb\":{\"@id\":\"https:\\\/\\\/hbgcity.se\\\/da\\\/oplev-byen\\\/besoksmal\\\/#breadcrumb\"},\"inLanguage\":\"da-DK\",\"potentialAction\":[{\"@type\":\"ReadAction\",\"target\":[\"https:\\\/\\\/hbgcity.se\\\/da\\\/oplev-byen\\\/besoksmal\\\/\"]}]},{\"@type\":\"ImageObject\",\"inLanguage\":\"da-DK\",\"@id\":\"https:\\\/\\\/hbgcity.se\\\/da\\\/oplev-byen\\\/besoksmal\\\/#primaryimage\",\"url\":\"https:\\\/\\\/hbgcity.se\\\/wp-content\\\/uploads\\\/2023\\\/08\\\/Karnan-Helsingborg-besoksmal-turistattraktion-1.jpg\",\"contentUrl\":\"https:\\\/\\\/hbgcity.se\\\/wp-content\\\/uploads\\\/2023\\\/08\\\/Karnan-Helsingborg-besoksmal-turistattraktion-1.jpg\",\"width\":1600,\"height\":900,\"caption\":\"K\u00e4rnan i Helsingborg\"},{\"@type\":\"BreadcrumbList\",\"@id\":\"https:\\\/\\\/hbgcity.se\\\/da\\\/oplev-byen\\\/besoksmal\\\/#breadcrumb\",\"itemListElement\":[{\"@type\":\"ListItem\",\"position\":1,\"name\":\"Home\",\"item\":\"https:\\\/\\\/hbgcity.se\\\/da\\\/home-2\\\/\"},{\"@type\":\"ListItem\",\"position\":2,\"name\":\"Oplev byen\",\"item\":\"https:\\\/\\\/hbgcity.se\\\/da\\\/experience-the-city\\\/\"},{\"@type\":\"ListItem\",\"position\":3,\"name\":\"Bes\u00f8gende destinationer\"}]},{\"@type\":\"WebSite\",\"@id\":\"https:\\\/\\\/hbgcity.se\\\/da\\\/#website\",\"url\":\"https:\\\/\\\/hbgcity.se\\\/da\\\/\",\"name\":\"V\u00e4lkommen till HBG City!\",\"description\":\"I Helsingborg finns n\u00e5got f\u00f6r alla!\",\"publisher\":{\"@id\":\"https:\\\/\\\/hbgcity.se\\\/da\\\/#organization\"},\"potentialAction\":[{\"@type\":\"SearchAction\",\"target\":{\"@type\":\"EntryPoint\",\"urlTemplate\":\"https:\\\/\\\/hbgcity.se\\\/da\\\/?s={search_term_string}\"},\"query-input\":{\"@type\":\"PropertyValueSpecification\",\"valueRequired\":true,\"valueName\":\"search_term_string\"}}],\"inLanguage\":\"da-DK\"},{\"@type\":\"Organization\",\"@id\":\"https:\\\/\\\/hbgcity.se\\\/da\\\/#organization\",\"name\":\"V\u00e4lkommen till Hbgcity!\",\"url\":\"https:\\\/\\\/hbgcity.se\\\/da\\\/\",\"logo\":{\"@type\":\"ImageObject\",\"inLanguage\":\"da-DK\",\"@id\":\"https:\\\/\\\/hbgcity.se\\\/da\\\/#\\\/schema\\\/logo\\\/image\\\/\",\"url\":\"https:\\\/\\\/hbgcity.se\\\/wp-content\\\/uploads\\\/2023\\\/02\\\/HBG-CITY-Huvudlogotyp.svg\",\"contentUrl\":\"https:\\\/\\\/hbgcity.se\\\/wp-content\\\/uploads\\\/2023\\\/02\\\/HBG-CITY-Huvudlogotyp.svg\",\"caption\":\"V\u00e4lkommen till Hbgcity!\"},\"image\":{\"@id\":\"https:\\\/\\\/hbgcity.se\\\/da\\\/#\\\/schema\\\/logo\\\/image\\\/\"},\"sameAs\":[\"https:\\\/\\\/www.facebook.com\\\/helsingborgcity\",\"https:\\\/\\\/www.instagram.com\\\/hbgcity\\\/\",\"https:\\\/\\\/www.linkedin.com\\\/company\\\/helsingborg-city\"]}]}<\/script>\n<!-- \/ Yoast SEO plugin. -->","yoast_head_json":{"title":"Bes\u00f8gende destinationer - V\u00e4lkommen till Helsingborg city!","robots":{"index":"index","follow":"follow","max-snippet":"max-snippet:-1","max-image-preview":"max-image-preview:large","max-video-preview":"max-video-preview:-1"},"canonical":"https:\/\/hbgcity.se\/da\/oplev-byen\/besoksmal\/","og_locale":"da_DK","og_type":"article","og_title":"Bes\u00f8gende destinationer - V\u00e4lkommen till Helsingborg city!","og_description":"Steder at bes\u00f8ge i Helsingborg Helsingborg er fuld af sev\u00e6rdigheder, der er v\u00e6rd at se. Spektakul\u00e6re slotte, smukke strande, museer og udstillinger, b\u00e5dture og masser af andre attraktioner. Visit Helsingborg har samlet deres bedste tips til at bes\u00f8ge Helsingborg og omegn. Bes\u00f8g helsingborg","og_url":"https:\/\/hbgcity.se\/da\/oplev-byen\/besoksmal\/","og_site_name":"V\u00e4lkommen till Helsingborg city!","article_publisher":"https:\/\/www.facebook.com\/helsingborgcity","article_modified_time":"2026-04-07T09:10:45+00:00","og_image":[{"width":1600,"height":900,"url":"https:\/\/hbgcity.se\/wp-content\/uploads\/2023\/08\/Karnan-Helsingborg-besoksmal-turistattraktion-1.jpg","type":"image\/jpeg"}],"twitter_card":"summary_large_image","schema":{"@context":"https:\/\/schema.org","@graph":[{"@type":"WebPage","@id":"https:\/\/hbgcity.se\/da\/oplev-byen\/besoksmal\/","url":"https:\/\/hbgcity.se\/da\/oplev-byen\/besoksmal\/","name":"Bes\u00f8gende destinationer - V\u00e4lkommen till Helsingborg city!","isPartOf":{"@id":"https:\/\/hbgcity.se\/da\/#website"},"primaryImageOfPage":{"@id":"https:\/\/hbgcity.se\/da\/oplev-byen\/besoksmal\/#primaryimage"},"image":{"@id":"https:\/\/hbgcity.se\/da\/oplev-byen\/besoksmal\/#primaryimage"},"thumbnailUrl":"https:\/\/hbgcity.se\/wp-content\/uploads\/2023\/08\/Karnan-Helsingborg-besoksmal-turistattraktion-1.jpg","datePublished":"2023-03-12T07:52:46+00:00","dateModified":"2026-04-07T09:10:45+00:00","breadcrumb":{"@id":"https:\/\/hbgcity.se\/da\/oplev-byen\/besoksmal\/#breadcrumb"},"inLanguage":"da-DK","potentialAction":[{"@type":"ReadAction","target":["https:\/\/hbgcity.se\/da\/oplev-byen\/besoksmal\/"]}]},{"@type":"ImageObject","inLanguage":"da-DK","@id":"https:\/\/hbgcity.se\/da\/oplev-byen\/besoksmal\/#primaryimage","url":"https:\/\/hbgcity.se\/wp-content\/uploads\/2023\/08\/Karnan-Helsingborg-besoksmal-turistattraktion-1.jpg","contentUrl":"https:\/\/hbgcity.se\/wp-content\/uploads\/2023\/08\/Karnan-Helsingborg-besoksmal-turistattraktion-1.jpg","width":1600,"height":900,"caption":"K\u00e4rnan i Helsingborg"},{"@type":"BreadcrumbList","@id":"https:\/\/hbgcity.se\/da\/oplev-byen\/besoksmal\/#breadcrumb","itemListElement":[{"@type":"ListItem","position":1,"name":"Home","item":"https:\/\/hbgcity.se\/da\/home-2\/"},{"@type":"ListItem","position":2,"name":"Oplev byen","item":"https:\/\/hbgcity.se\/da\/experience-the-city\/"},{"@type":"ListItem","position":3,"name":"Bes\u00f8gende destinationer"}]},{"@type":"WebSite","@id":"https:\/\/hbgcity.se\/da\/#website","url":"https:\/\/hbgcity.se\/da\/","name":"V\u00e4lkommen till HBG City!","description":"I Helsingborg finns n\u00e5got f\u00f6r alla!","publisher":{"@id":"https:\/\/hbgcity.se\/da\/#organization"},"potentialAction":[{"@type":"SearchAction","target":{"@type":"EntryPoint","urlTemplate":"https:\/\/hbgcity.se\/da\/?s={search_term_string}"},"query-input":{"@type":"PropertyValueSpecification","valueRequired":true,"valueName":"search_term_string"}}],"inLanguage":"da-DK"},{"@type":"Organization","@id":"https:\/\/hbgcity.se\/da\/#organization","name":"V\u00e4lkommen till Hbgcity!","url":"https:\/\/hbgcity.se\/da\/","logo":{"@type":"ImageObject","inLanguage":"da-DK","@id":"https:\/\/hbgcity.se\/da\/#\/schema\/logo\/image\/","url":"https:\/\/hbgcity.se\/wp-content\/uploads\/2023\/02\/HBG-CITY-Huvudlogotyp.svg","contentUrl":"https:\/\/hbgcity.se\/wp-content\/uploads\/2023\/02\/HBG-CITY-Huvudlogotyp.svg","caption":"V\u00e4lkommen till Hbgcity!"},"image":{"@id":"https:\/\/hbgcity.se\/da\/#\/schema\/logo\/image\/"},"sameAs":["https:\/\/www.facebook.com\/helsingborgcity","https:\/\/www.instagram.com\/hbgcity\/","https:\/\/www.linkedin.com\/company\/helsingborg-city"]}]}},"_links":{"self":[{"href":"https:\/\/hbgcity.se\/da\/wp-json\/wp\/v2\/pages\/22656","targetHints":{"allow":["GET"]}}],"collection":[{"href":"https:\/\/hbgcity.se\/da\/wp-json\/wp\/v2\/pages"}],"about":[{"href":"https:\/\/hbgcity.se\/da\/wp-json\/wp\/v2\/types\/page"}],"author":[{"embeddable":true,"href":"https:\/\/hbgcity.se\/da\/wp-json\/wp\/v2\/users\/1"}],"replies":[{"embeddable":true,"href":"https:\/\/hbgcity.se\/da\/wp-json\/wp\/v2\/comments?post=22656"}],"version-history":[{"count":1,"href":"https:\/\/hbgcity.se\/da\/wp-json\/wp\/v2\/pages\/22656\/revisions"}],"predecessor-version":[{"id":22659,"href":"https:\/\/hbgcity.se\/da\/wp-json\/wp\/v2\/pages\/22656\/revisions\/22659"}],"up":[{"embeddable":true,"href":"https:\/\/hbgcity.se\/da\/wp-json\/wp\/v2\/pages\/22748"}],"wp:featuredmedia":[{"embeddable":true,"href":"https:\/\/hbgcity.se\/da\/wp-json\/wp\/v2\/media\/21148"}],"wp:attachment":[{"href":"https:\/\/hbgcity.se\/da\/wp-json\/wp\/v2\/media?parent=22656"}],"curies":[{"name":"wp","href":"https:\/\/api.w.org\/{rel}","templated":true}]}}