{"id":22703,"date":"2022-12-04T18:35:30","date_gmt":"2022-12-04T17:35:30","guid":{"rendered":"https:\/\/hbgcity.se\/eksisterende-netvaerk-og-samarbejdsformer\/"},"modified":"2025-05-22T10:42:59","modified_gmt":"2025-05-22T08:42:59","slug":"eksisterende-netvaerk-og-samarbejdsformer","status":"publish","type":"page","link":"https:\/\/hbgcity.se\/da\/byens-centrum\/det-elskede-syd\/eksisterende-netvaerk-og-samarbejdsformer\/","title":{"rendered":"Eksisterende netv\u00e6rk og samarbejdsformer"},"content":{"rendered":"\t\t<div data-elementor-type=\"wp-page\" data-elementor-id=\"22703\" class=\"elementor elementor-22703 elementor-4651\" data-elementor-post-type=\"page\">\n\t\t\t\t\t\t<section class=\"elementor-section elementor-top-section elementor-element elementor-element-7eeeb009 elementor-section-height-min-height elementor-section-boxed elementor-section-height-default elementor-section-items-middle\" data-id=\"7eeeb009\" data-element_type=\"section\" data-e-type=\"section\" data-settings=\"{&quot;background_background&quot;:&quot;classic&quot;}\">\n\t\t\t\t\t\t<div class=\"elementor-container elementor-column-gap-default\">\n\t\t\t\t\t<div class=\"elementor-column elementor-col-100 elementor-top-column elementor-element elementor-element-28e932a9\" data-id=\"28e932a9\" data-element_type=\"column\" data-e-type=\"column\">\n\t\t\t<div class=\"elementor-widget-wrap\">\n\t\t\t\t\t\t\t<\/div>\n\t\t<\/div>\n\t\t\t\t\t<\/div>\n\t\t<\/section>\n\t\t\t\t<section class=\"elementor-section elementor-top-section elementor-element elementor-element-83aa1cb elementor-section-boxed elementor-section-height-default elementor-section-height-default\" data-id=\"83aa1cb\" data-element_type=\"section\" data-e-type=\"section\">\n\t\t\t\t\t\t<div class=\"elementor-container elementor-column-gap-default\">\n\t\t\t\t\t<div class=\"elementor-column elementor-col-66 elementor-top-column elementor-element elementor-element-412098e6\" data-id=\"412098e6\" data-element_type=\"column\" data-e-type=\"column\">\n\t\t\t<div class=\"elementor-widget-wrap elementor-element-populated\">\n\t\t\t\t\t\t<div class=\"elementor-element elementor-element-2ebeb509 elementor-widget elementor-widget-heading\" data-id=\"2ebeb509\" data-element_type=\"widget\" data-e-type=\"widget\" data-widget_type=\"heading.default\">\n\t\t\t\t<div class=\"elementor-widget-container\">\n\t\t\t\t\t<h2 class=\"elementor-heading-title elementor-size-default\">Eksisterende netv\u00e6rk og samarbejdsformer\n<\/h2>\t\t\t\t<\/div>\n\t\t\t\t<\/div>\n\t\t\t\t<div class=\"elementor-element elementor-element-11511c20 elementor-widget elementor-widget-text-editor\" data-id=\"11511c20\" data-element_type=\"widget\" data-e-type=\"widget\" data-widget_type=\"text-editor.default\">\n\t\t\t\t<div class=\"elementor-widget-container\">\n\t\t\t\t\t\t\t\t\t<div class=\"wpb_text_column wpb_content_element vc_custom_1670855816355\"><div class=\"wpb_wrapper\"><div class=\"wpb_text_column wpb_content_element vc_custom_1621762080711\"><div class=\"wpb_wrapper\"><p><strong>Samarbejde med de \u00e6ldre <\/strong><strong>S<\/strong><strong>\u00f6der er et samarbejde mellem handlende, ejendomsejere, HBG City, politiet, Helsingborgs stad, <\/strong><strong>foreninger og sogne<\/strong><strong> og beboere og bes\u00f8gende.<\/strong><\/p><\/div><\/div><div class=\"wpb_text_column wpb_content_element \"><div class=\"wpb_wrapper\"><p><strong>HBG City med undergrupper:<\/strong><\/p><p>Sikkerhed og tryghed <em>i bymidten<\/em> - ejendomsejere, virksomhedsejere, sikkerhedsfirmaer, politiet og repr\u00e6sentanter fra byforvaltningen, socialforvaltningen og byplanl\u00e6gningsafdelingen.<\/p><p><em>Fastighets\u00e4garna City<\/em> -ejere i Helsingborg.<\/p><p><em>Cityf\u00f6reningen<\/em> - handlende og virksomheder i centret.<\/p><p><em>Bymilj\u00f8gruppen <\/em>- en samarbejdsgruppe for bymilj\u00f8sp\u00f8rgsm\u00e5l<\/p><p><strong><br>Administration af byledelse:<\/strong><\/p><p><em>Tj\u00e4nstemannagruppen tryggare Helsingborg - <\/em>(beslutningsniveau) byens forvaltninger og selskaber samt politiet.<\/p><p><em>BSA (kriminalitets- og skadeforebyggende arbejde) - <\/em>(operationelt niveau) byens forvaltninger, Helsingborgshem, Helsingborg arena och scen AB, R\u00e4ddningstj\u00e4nsten Sk\u00e5ne nordv\u00e4st og politiet.<\/p><p><strong><br>Administration af byudvikling:<\/strong><\/p><p><em>Handlingsplan for sikkerhed i bymilj\u00f8et<\/em><\/p><p><strong>Institut for Kommunikation og Virksomhed:<\/strong><\/p><p><em>Byens pilotfunktion<\/em> for virksomheder, restauranter og events er organiseret af afdelingen for kommunikation og erhverv. Form\u00e5let med piloten er at g\u00f8re det lettere for de forskellige virksomheder at f\u00e5 tilladelser, at identificere muligheder og at indg\u00e5 i dialog. Alle myndighedsomr\u00e5der er repr\u00e6senteret i pilotgruppen.  <\/p><p><em>Visit Helsingborg<\/em> - byens officielle bes\u00f8gsguide.<\/p><p><strong><br>Referencegruppen (lilla flag):<\/strong><\/p><p>Repr\u00e6sentanter i form af beboere, studerende, ejendomsejere, virksomheder, foreninger, sogne, bystyrer, politi og andre.<\/p><\/div><\/div><\/div><\/div><div class=\"wpb_text_column wpb_content_element vc_custom_1670856079404\"><div class=\"wpb_wrapper\"> <\/div><\/div>\t\t\t\t\t\t\t\t<\/div>\n\t\t\t\t<\/div>\n\t\t\t\t\t<\/div>\n\t\t<\/div>\n\t\t\t\t<div class=\"elementor-column elementor-col-33 elementor-top-column elementor-element elementor-element-4bfdcecb\" data-id=\"4bfdcecb\" data-element_type=\"column\" data-e-type=\"column\">\n\t\t\t<div class=\"elementor-widget-wrap elementor-element-populated\">\n\t\t\t\t\t\t<div class=\"elementor-element elementor-element-4494a123 elementor-widget elementor-widget-image\" data-id=\"4494a123\" data-element_type=\"widget\" data-e-type=\"widget\" data-widget_type=\"image.default\">\n\t\t\t\t<div class=\"elementor-widget-container\">\n\t\t\t\t\t\t\t\t\t\t\t\t\t\t\t<img fetchpriority=\"high\" decoding=\"async\" width=\"188\" height=\"300\" src=\"https:\/\/hbgcity.se\/wp-content\/uploads\/2023\/03\/alskade-soder-188x300-1.png\" class=\"attachment-large size-large wp-image-20906\" alt=\"\" \/>\t\t\t\t\t\t\t\t\t\t\t\t\t\t\t<\/div>\n\t\t\t\t<\/div>\n\t\t\t\t\t<\/div>\n\t\t<\/div>\n\t\t\t\t\t<\/div>\n\t\t<\/section>\n\t\t\t\t<\/div>\n\t\t","protected":false},"excerpt":{"rendered":"<p>Eksisterende netv\u00e6rk og samarbejdsformer Samarbejde med de \u00e6ldre S\u00f6der er et samarbejde mellem handlende, ejendomsejere, HBG City, politiet, Helsingborgs stad, foreninger og sogne og beboere og bes\u00f8gende. HBG City med undergrupper: Sikkerhed og tryghed i bymidten - ejendomsejere, virksomhedsejere, sikkerhedsfirmaer, politiet og repr\u00e6sentanter fra byforvaltningen, socialforvaltningen og byplanl\u00e6gningsafdelingen. Fastighets\u00e4garna City -ejere i Helsingborg. Cityf\u00f6reningen - [&hellip;]<\/p>\n","protected":false},"author":1,"featured_media":0,"parent":22717,"menu_order":0,"comment_status":"closed","ping_status":"closed","template":"","meta":{"_acf_changed":false,"site-sidebar-layout":"no-sidebar","site-content-layout":"page-builder","ast-site-content-layout":"default","site-content-style":"default","site-sidebar-style":"default","ast-global-header-display":"","ast-banner-title-visibility":"","ast-main-header-display":"","ast-hfb-above-header-display":"","ast-hfb-below-header-display":"","ast-hfb-mobile-header-display":"","site-post-title":"disabled","ast-breadcrumbs-content":"","ast-featured-img":"disabled","footer-sml-layout":"","ast-disable-related-posts":"","theme-transparent-header-meta":"default","adv-header-id-meta":"","stick-header-meta":"default","header-above-stick-meta":"","header-main-stick-meta":"","header-below-stick-meta":"","astra-migrate-meta-layouts":"default","ast-page-background-enabled":"default","ast-page-background-meta":{"desktop":{"background-color":"","background-image":"","background-repeat":"repeat","background-position":"center center","background-size":"auto","background-attachment":"scroll","background-type":"","background-media":"","overlay-type":"","overlay-color":"","overlay-opacity":"","overlay-gradient":""},"tablet":{"background-color":"","background-image":"","background-repeat":"repeat","background-position":"center center","background-size":"auto","background-attachment":"scroll","background-type":"","background-media":"","overlay-type":"","overlay-color":"","overlay-opacity":"","overlay-gradient":""},"mobile":{"background-color":"","background-image":"","background-repeat":"repeat","background-position":"center center","background-size":"auto","background-attachment":"scroll","background-type":"","background-media":"","overlay-type":"","overlay-color":"","overlay-opacity":"","overlay-gradient":""}},"ast-content-background-meta":{"desktop":{"background-color":"var(--ast-global-color-5)","background-image":"","background-repeat":"repeat","background-position":"center center","background-size":"auto","background-attachment":"scroll","background-type":"","background-media":"","overlay-type":"","overlay-color":"","overlay-opacity":"","overlay-gradient":""},"tablet":{"background-color":"var(--ast-global-color-5)","background-image":"","background-repeat":"repeat","background-position":"center center","background-size":"auto","background-attachment":"scroll","background-type":"","background-media":"","overlay-type":"","overlay-color":"","overlay-opacity":"","overlay-gradient":""},"mobile":{"background-color":"var(--ast-global-color-5)","background-image":"","background-repeat":"repeat","background-position":"center center","background-size":"auto","background-attachment":"scroll","background-type":"","background-media":"","overlay-type":"","overlay-color":"","overlay-opacity":"","overlay-gradient":""}},"footnotes":""},"class_list":["post-22703","page","type-page","status-publish","hentry"],"acf":[],"yoast_head":"<!-- This site is optimized with the Yoast SEO plugin v27.4 - https:\/\/yoast.com\/product\/yoast-seo-wordpress\/ -->\n<title>Eksisterende netv\u00e6rk og samarbejdsformer - V\u00e4lkommen till Helsingborg city!<\/title>\n<meta name=\"robots\" content=\"index, follow, max-snippet:-1, max-image-preview:large, max-video-preview:-1\" \/>\n<link rel=\"canonical\" href=\"https:\/\/hbgcity.se\/da\/byens-centrum\/det-elskede-syd\/eksisterende-netvaerk-og-samarbejdsformer\/\" \/>\n<meta property=\"og:locale\" content=\"da_DK\" \/>\n<meta property=\"og:type\" content=\"article\" \/>\n<meta property=\"og:title\" content=\"Eksisterende netv\u00e6rk og samarbejdsformer - V\u00e4lkommen till Helsingborg city!\" \/>\n<meta property=\"og:description\" content=\"Eksisterende netv\u00e6rk og samarbejdsformer Samarbejde med de \u00e6ldre S\u00f6der er et samarbejde mellem handlende, ejendomsejere, HBG City, politiet, Helsingborgs stad, foreninger og sogne og beboere og bes\u00f8gende. HBG City med undergrupper: Sikkerhed og tryghed i bymidten - ejendomsejere, virksomhedsejere, sikkerhedsfirmaer, politiet og repr\u00e6sentanter fra byforvaltningen, socialforvaltningen og byplanl\u00e6gningsafdelingen. Fastighets\u00e4garna City -ejere i Helsingborg. Cityf\u00f6reningen - [&hellip;]\" \/>\n<meta property=\"og:url\" content=\"https:\/\/hbgcity.se\/da\/byens-centrum\/det-elskede-syd\/eksisterende-netvaerk-og-samarbejdsformer\/\" \/>\n<meta property=\"og:site_name\" content=\"V\u00e4lkommen till Helsingborg city!\" \/>\n<meta property=\"article:publisher\" content=\"https:\/\/www.facebook.com\/helsingborgcity\" \/>\n<meta property=\"article:modified_time\" content=\"2025-05-22T08:42:59+00:00\" \/>\n<meta property=\"og:image\" content=\"https:\/\/hbgcity.se\/wp-content\/uploads\/2023\/03\/alskade-soder-188x300-1.png\" \/>\n\t<meta property=\"og:image:width\" content=\"188\" \/>\n\t<meta property=\"og:image:height\" content=\"300\" \/>\n\t<meta property=\"og:image:type\" content=\"image\/png\" \/>\n<meta name=\"twitter:card\" content=\"summary_large_image\" \/>\n<meta name=\"twitter:label1\" content=\"Estimeret l\u00e6setid\" \/>\n\t<meta name=\"twitter:data1\" content=\"1 minut\" \/>\n<script type=\"application\/ld+json\" class=\"yoast-schema-graph\">{\"@context\":\"https:\\\/\\\/schema.org\",\"@graph\":[{\"@type\":\"WebPage\",\"@id\":\"https:\\\/\\\/hbgcity.se\\\/da\\\/byens-centrum\\\/det-elskede-syd\\\/eksisterende-netvaerk-og-samarbejdsformer\\\/\",\"url\":\"https:\\\/\\\/hbgcity.se\\\/da\\\/byens-centrum\\\/det-elskede-syd\\\/eksisterende-netvaerk-og-samarbejdsformer\\\/\",\"name\":\"Eksisterende netv\u00e6rk og samarbejdsformer - V\u00e4lkommen till Helsingborg city!\",\"isPartOf\":{\"@id\":\"https:\\\/\\\/hbgcity.se\\\/da\\\/#website\"},\"primaryImageOfPage\":{\"@id\":\"https:\\\/\\\/hbgcity.se\\\/da\\\/byens-centrum\\\/det-elskede-syd\\\/eksisterende-netvaerk-og-samarbejdsformer\\\/#primaryimage\"},\"image\":{\"@id\":\"https:\\\/\\\/hbgcity.se\\\/da\\\/byens-centrum\\\/det-elskede-syd\\\/eksisterende-netvaerk-og-samarbejdsformer\\\/#primaryimage\"},\"thumbnailUrl\":\"https:\\\/\\\/hbgcity.se\\\/wp-content\\\/uploads\\\/2023\\\/03\\\/alskade-soder-188x300-1.png\",\"datePublished\":\"2022-12-04T17:35:30+00:00\",\"dateModified\":\"2025-05-22T08:42:59+00:00\",\"breadcrumb\":{\"@id\":\"https:\\\/\\\/hbgcity.se\\\/da\\\/byens-centrum\\\/det-elskede-syd\\\/eksisterende-netvaerk-og-samarbejdsformer\\\/#breadcrumb\"},\"inLanguage\":\"da-DK\",\"potentialAction\":[{\"@type\":\"ReadAction\",\"target\":[\"https:\\\/\\\/hbgcity.se\\\/da\\\/byens-centrum\\\/det-elskede-syd\\\/eksisterende-netvaerk-og-samarbejdsformer\\\/\"]}]},{\"@type\":\"ImageObject\",\"inLanguage\":\"da-DK\",\"@id\":\"https:\\\/\\\/hbgcity.se\\\/da\\\/byens-centrum\\\/det-elskede-syd\\\/eksisterende-netvaerk-og-samarbejdsformer\\\/#primaryimage\",\"url\":\"https:\\\/\\\/hbgcity.se\\\/wp-content\\\/uploads\\\/2023\\\/03\\\/alskade-soder-188x300-1.png\",\"contentUrl\":\"https:\\\/\\\/hbgcity.se\\\/wp-content\\\/uploads\\\/2023\\\/03\\\/alskade-soder-188x300-1.png\"},{\"@type\":\"BreadcrumbList\",\"@id\":\"https:\\\/\\\/hbgcity.se\\\/da\\\/byens-centrum\\\/det-elskede-syd\\\/eksisterende-netvaerk-og-samarbejdsformer\\\/#breadcrumb\",\"itemListElement\":[{\"@type\":\"ListItem\",\"position\":1,\"name\":\"Home\",\"item\":\"https:\\\/\\\/hbgcity.se\\\/da\\\/home-2\\\/\"},{\"@type\":\"ListItem\",\"position\":2,\"name\":\"Byens centrum\",\"item\":\"https:\\\/\\\/hbgcity.se\\\/da\\\/byens-centrum\\\/\"},{\"@type\":\"ListItem\",\"position\":3,\"name\":\"Det elskede syd\",\"item\":\"https:\\\/\\\/hbgcity.se\\\/da\\\/byens-centrum\\\/det-elskede-syd\\\/\"},{\"@type\":\"ListItem\",\"position\":4,\"name\":\"Eksisterende netv\u00e6rk og samarbejdsformer\"}]},{\"@type\":\"WebSite\",\"@id\":\"https:\\\/\\\/hbgcity.se\\\/da\\\/#website\",\"url\":\"https:\\\/\\\/hbgcity.se\\\/da\\\/\",\"name\":\"V\u00e4lkommen till HBG City!\",\"description\":\"I Helsingborg finns n\u00e5got f\u00f6r alla!\",\"publisher\":{\"@id\":\"https:\\\/\\\/hbgcity.se\\\/da\\\/#organization\"},\"potentialAction\":[{\"@type\":\"SearchAction\",\"target\":{\"@type\":\"EntryPoint\",\"urlTemplate\":\"https:\\\/\\\/hbgcity.se\\\/da\\\/?s={search_term_string}\"},\"query-input\":{\"@type\":\"PropertyValueSpecification\",\"valueRequired\":true,\"valueName\":\"search_term_string\"}}],\"inLanguage\":\"da-DK\"},{\"@type\":\"Organization\",\"@id\":\"https:\\\/\\\/hbgcity.se\\\/da\\\/#organization\",\"name\":\"V\u00e4lkommen till Hbgcity!\",\"url\":\"https:\\\/\\\/hbgcity.se\\\/da\\\/\",\"logo\":{\"@type\":\"ImageObject\",\"inLanguage\":\"da-DK\",\"@id\":\"https:\\\/\\\/hbgcity.se\\\/da\\\/#\\\/schema\\\/logo\\\/image\\\/\",\"url\":\"https:\\\/\\\/hbgcity.se\\\/wp-content\\\/uploads\\\/2023\\\/02\\\/HBG-CITY-Huvudlogotyp.svg\",\"contentUrl\":\"https:\\\/\\\/hbgcity.se\\\/wp-content\\\/uploads\\\/2023\\\/02\\\/HBG-CITY-Huvudlogotyp.svg\",\"caption\":\"V\u00e4lkommen till Hbgcity!\"},\"image\":{\"@id\":\"https:\\\/\\\/hbgcity.se\\\/da\\\/#\\\/schema\\\/logo\\\/image\\\/\"},\"sameAs\":[\"https:\\\/\\\/www.facebook.com\\\/helsingborgcity\",\"https:\\\/\\\/www.instagram.com\\\/hbgcity\\\/\",\"https:\\\/\\\/www.linkedin.com\\\/company\\\/helsingborg-city\"]}]}<\/script>\n<!-- \/ Yoast SEO plugin. -->","yoast_head_json":{"title":"Eksisterende netv\u00e6rk og samarbejdsformer - V\u00e4lkommen till Helsingborg city!","robots":{"index":"index","follow":"follow","max-snippet":"max-snippet:-1","max-image-preview":"max-image-preview:large","max-video-preview":"max-video-preview:-1"},"canonical":"https:\/\/hbgcity.se\/da\/byens-centrum\/det-elskede-syd\/eksisterende-netvaerk-og-samarbejdsformer\/","og_locale":"da_DK","og_type":"article","og_title":"Eksisterende netv\u00e6rk og samarbejdsformer - V\u00e4lkommen till Helsingborg city!","og_description":"Eksisterende netv\u00e6rk og samarbejdsformer Samarbejde med de \u00e6ldre S\u00f6der er et samarbejde mellem handlende, ejendomsejere, HBG City, politiet, Helsingborgs stad, foreninger og sogne og beboere og bes\u00f8gende. HBG City med undergrupper: Sikkerhed og tryghed i bymidten - ejendomsejere, virksomhedsejere, sikkerhedsfirmaer, politiet og repr\u00e6sentanter fra byforvaltningen, socialforvaltningen og byplanl\u00e6gningsafdelingen. Fastighets\u00e4garna City -ejere i Helsingborg. Cityf\u00f6reningen - [&hellip;]","og_url":"https:\/\/hbgcity.se\/da\/byens-centrum\/det-elskede-syd\/eksisterende-netvaerk-og-samarbejdsformer\/","og_site_name":"V\u00e4lkommen till Helsingborg city!","article_publisher":"https:\/\/www.facebook.com\/helsingborgcity","article_modified_time":"2025-05-22T08:42:59+00:00","og_image":[{"width":188,"height":300,"url":"https:\/\/hbgcity.se\/wp-content\/uploads\/2023\/03\/alskade-soder-188x300-1.png","type":"image\/png"}],"twitter_card":"summary_large_image","twitter_misc":{"Estimeret l\u00e6setid":"1 minut"},"schema":{"@context":"https:\/\/schema.org","@graph":[{"@type":"WebPage","@id":"https:\/\/hbgcity.se\/da\/byens-centrum\/det-elskede-syd\/eksisterende-netvaerk-og-samarbejdsformer\/","url":"https:\/\/hbgcity.se\/da\/byens-centrum\/det-elskede-syd\/eksisterende-netvaerk-og-samarbejdsformer\/","name":"Eksisterende netv\u00e6rk og samarbejdsformer - V\u00e4lkommen till Helsingborg city!","isPartOf":{"@id":"https:\/\/hbgcity.se\/da\/#website"},"primaryImageOfPage":{"@id":"https:\/\/hbgcity.se\/da\/byens-centrum\/det-elskede-syd\/eksisterende-netvaerk-og-samarbejdsformer\/#primaryimage"},"image":{"@id":"https:\/\/hbgcity.se\/da\/byens-centrum\/det-elskede-syd\/eksisterende-netvaerk-og-samarbejdsformer\/#primaryimage"},"thumbnailUrl":"https:\/\/hbgcity.se\/wp-content\/uploads\/2023\/03\/alskade-soder-188x300-1.png","datePublished":"2022-12-04T17:35:30+00:00","dateModified":"2025-05-22T08:42:59+00:00","breadcrumb":{"@id":"https:\/\/hbgcity.se\/da\/byens-centrum\/det-elskede-syd\/eksisterende-netvaerk-og-samarbejdsformer\/#breadcrumb"},"inLanguage":"da-DK","potentialAction":[{"@type":"ReadAction","target":["https:\/\/hbgcity.se\/da\/byens-centrum\/det-elskede-syd\/eksisterende-netvaerk-og-samarbejdsformer\/"]}]},{"@type":"ImageObject","inLanguage":"da-DK","@id":"https:\/\/hbgcity.se\/da\/byens-centrum\/det-elskede-syd\/eksisterende-netvaerk-og-samarbejdsformer\/#primaryimage","url":"https:\/\/hbgcity.se\/wp-content\/uploads\/2023\/03\/alskade-soder-188x300-1.png","contentUrl":"https:\/\/hbgcity.se\/wp-content\/uploads\/2023\/03\/alskade-soder-188x300-1.png"},{"@type":"BreadcrumbList","@id":"https:\/\/hbgcity.se\/da\/byens-centrum\/det-elskede-syd\/eksisterende-netvaerk-og-samarbejdsformer\/#breadcrumb","itemListElement":[{"@type":"ListItem","position":1,"name":"Home","item":"https:\/\/hbgcity.se\/da\/home-2\/"},{"@type":"ListItem","position":2,"name":"Byens centrum","item":"https:\/\/hbgcity.se\/da\/byens-centrum\/"},{"@type":"ListItem","position":3,"name":"Det elskede syd","item":"https:\/\/hbgcity.se\/da\/byens-centrum\/det-elskede-syd\/"},{"@type":"ListItem","position":4,"name":"Eksisterende netv\u00e6rk og samarbejdsformer"}]},{"@type":"WebSite","@id":"https:\/\/hbgcity.se\/da\/#website","url":"https:\/\/hbgcity.se\/da\/","name":"V\u00e4lkommen till HBG City!","description":"I Helsingborg finns n\u00e5got f\u00f6r alla!","publisher":{"@id":"https:\/\/hbgcity.se\/da\/#organization"},"potentialAction":[{"@type":"SearchAction","target":{"@type":"EntryPoint","urlTemplate":"https:\/\/hbgcity.se\/da\/?s={search_term_string}"},"query-input":{"@type":"PropertyValueSpecification","valueRequired":true,"valueName":"search_term_string"}}],"inLanguage":"da-DK"},{"@type":"Organization","@id":"https:\/\/hbgcity.se\/da\/#organization","name":"V\u00e4lkommen till Hbgcity!","url":"https:\/\/hbgcity.se\/da\/","logo":{"@type":"ImageObject","inLanguage":"da-DK","@id":"https:\/\/hbgcity.se\/da\/#\/schema\/logo\/image\/","url":"https:\/\/hbgcity.se\/wp-content\/uploads\/2023\/02\/HBG-CITY-Huvudlogotyp.svg","contentUrl":"https:\/\/hbgcity.se\/wp-content\/uploads\/2023\/02\/HBG-CITY-Huvudlogotyp.svg","caption":"V\u00e4lkommen till Hbgcity!"},"image":{"@id":"https:\/\/hbgcity.se\/da\/#\/schema\/logo\/image\/"},"sameAs":["https:\/\/www.facebook.com\/helsingborgcity","https:\/\/www.instagram.com\/hbgcity\/","https:\/\/www.linkedin.com\/company\/helsingborg-city"]}]}},"_links":{"self":[{"href":"https:\/\/hbgcity.se\/da\/wp-json\/wp\/v2\/pages\/22703","targetHints":{"allow":["GET"]}}],"collection":[{"href":"https:\/\/hbgcity.se\/da\/wp-json\/wp\/v2\/pages"}],"about":[{"href":"https:\/\/hbgcity.se\/da\/wp-json\/wp\/v2\/types\/page"}],"author":[{"embeddable":true,"href":"https:\/\/hbgcity.se\/da\/wp-json\/wp\/v2\/users\/1"}],"replies":[{"embeddable":true,"href":"https:\/\/hbgcity.se\/da\/wp-json\/wp\/v2\/comments?post=22703"}],"version-history":[{"count":5,"href":"https:\/\/hbgcity.se\/da\/wp-json\/wp\/v2\/pages\/22703\/revisions"}],"predecessor-version":[{"id":28023,"href":"https:\/\/hbgcity.se\/da\/wp-json\/wp\/v2\/pages\/22703\/revisions\/28023"}],"up":[{"embeddable":true,"href":"https:\/\/hbgcity.se\/da\/wp-json\/wp\/v2\/pages\/22717"}],"wp:attachment":[{"href":"https:\/\/hbgcity.se\/da\/wp-json\/wp\/v2\/media?parent=22703"}],"curies":[{"name":"wp","href":"https:\/\/api.w.org\/{rel}","templated":true}]}}