{"id":22708,"date":"2022-12-04T18:35:17","date_gmt":"2022-12-04T17:35:17","guid":{"rendered":"https:\/\/hbgcity.se\/omraadet\/"},"modified":"2025-09-22T11:20:39","modified_gmt":"2025-09-22T09:20:39","slug":"omraadet","status":"publish","type":"page","link":"https:\/\/hbgcity.se\/da\/byens-centrum\/det-elskede-syd\/omraadet\/","title":{"rendered":"Omr\u00e5det"},"content":{"rendered":"\t\t<div data-elementor-type=\"wp-page\" data-elementor-id=\"22708\" class=\"elementor elementor-22708 elementor-4649\" data-elementor-post-type=\"page\">\n\t\t\t\t\t\t<section class=\"elementor-section elementor-top-section elementor-element elementor-element-1c45f367 elementor-section-height-min-height elementor-section-boxed elementor-section-height-default elementor-section-items-middle\" data-id=\"1c45f367\" data-element_type=\"section\" data-e-type=\"section\" data-settings=\"{&quot;background_background&quot;:&quot;classic&quot;}\">\n\t\t\t\t\t\t<div class=\"elementor-container elementor-column-gap-default\">\n\t\t\t\t\t<div class=\"elementor-column elementor-col-100 elementor-top-column elementor-element elementor-element-193f0c1d\" data-id=\"193f0c1d\" data-element_type=\"column\" data-e-type=\"column\">\n\t\t\t<div class=\"elementor-widget-wrap\">\n\t\t\t\t\t\t\t<\/div>\n\t\t<\/div>\n\t\t\t\t\t<\/div>\n\t\t<\/section>\n\t\t\t\t<section class=\"elementor-section elementor-top-section elementor-element elementor-element-7e6b9e52 elementor-section-boxed elementor-section-height-default elementor-section-height-default\" data-id=\"7e6b9e52\" data-element_type=\"section\" data-e-type=\"section\">\n\t\t\t\t\t\t<div class=\"elementor-container elementor-column-gap-default\">\n\t\t\t\t\t<div class=\"elementor-column elementor-col-66 elementor-top-column elementor-element elementor-element-17822af7\" data-id=\"17822af7\" data-element_type=\"column\" data-e-type=\"column\">\n\t\t\t<div class=\"elementor-widget-wrap elementor-element-populated\">\n\t\t\t\t\t\t<div class=\"elementor-element elementor-element-26ba933e elementor-widget elementor-widget-heading\" data-id=\"26ba933e\" data-element_type=\"widget\" data-e-type=\"widget\" data-widget_type=\"heading.default\">\n\t\t\t\t<div class=\"elementor-widget-container\">\n\t\t\t\t\t<h2 class=\"elementor-heading-title elementor-size-default\">Omr\u00e5det for \u00e6ldre S\u00f6der\n<\/h2>\t\t\t\t<\/div>\n\t\t\t\t<\/div>\n\t\t\t\t<div class=\"elementor-element elementor-element-5da006d9 elementor-widget elementor-widget-text-editor\" data-id=\"5da006d9\" data-element_type=\"widget\" data-e-type=\"widget\" data-widget_type=\"text-editor.default\">\n\t\t\t\t<div class=\"elementor-widget-container\">\n\t\t\t\t\t\t\t\t\t<p>Det nuv\u00e6rende omr\u00e5de er direkte forbundet med de to certificerede Purple Flag-omr\u00e5der og omfatter S\u00f6der-distriktet med dets bygninger, parkeringspladser og gader. De prim\u00e6re omr\u00e5der er hovedsageligt det kommercielle omr\u00e5de, men for at d\u00e6kke beboere og studerende er der ogs\u00e5 et sekund\u00e6rt omr\u00e5de. <\/p><p>Det lyse omr\u00e5de inden for ovalen er det prim\u00e6re omr\u00e5de for virksomheder. Det m\u00f8rkere omr\u00e5de er det prim\u00e6re omr\u00e5de for beboere og studerende. <\/p>\t\t\t\t\t\t\t\t<\/div>\n\t\t\t\t<\/div>\n\t\t\t\t<div class=\"elementor-element elementor-element-7d44e1f elementor-widget elementor-widget-image\" data-id=\"7d44e1f\" data-element_type=\"widget\" data-e-type=\"widget\" data-widget_type=\"image.default\">\n\t\t\t\t<div class=\"elementor-widget-container\">\n\t\t\t\t\t\t\t\t\t\t\t\t\t\t\t<img decoding=\"async\" src=\"https:\/\/hbgcity.se\/wp-content\/uploads\/2023\/03\/purpleflag-soder-karta-800x690-1.png\" title=\"\" alt=\"\" loading=\"lazy\" \/>\t\t\t\t\t\t\t\t\t\t\t\t\t\t\t<\/div>\n\t\t\t\t<\/div>\n\t\t\t\t<div class=\"elementor-element elementor-element-cc79d23 elementor-widget elementor-widget-text-editor\" data-id=\"cc79d23\" data-element_type=\"widget\" data-e-type=\"widget\" data-widget_type=\"text-editor.default\">\n\t\t\t\t<div class=\"elementor-widget-container\">\n\t\t\t\t\t\t\t\t\t<p>Det nuv\u00e6rende omr\u00e5de er direkte forbundet med de to certificerede Purple Flag-omr\u00e5der og omfatter S\u00f6der-distriktet med dets bygninger, parkeringspladser og gader. De prim\u00e6re omr\u00e5der er hovedsageligt det kommercielle omr\u00e5de, men for at d\u00e6kke beboere og studerende er der ogs\u00e5 et sekund\u00e6rt omr\u00e5de. <\/p><p>I det 19. \u00e5rhundrede blev der etableret industrier og arbejderkvarterer p\u00e5 S\u00f6der, is\u00e6r p\u00e5 grund af n\u00e6rheden til havnen og jernbanen, hvilket lagde grunden til segregering i byen og mod de nordlige distrikter. Omr\u00e5det \u00e6ndrede sig, da industrierne flyttede v\u00e6k for at give plads til nye boliger, butikker og kontorer. Forskellen mellem syd og nord er stadig tydelig. S\u00f6der har en multikulturel karakter i udvalget af butikker og restauranter. Omr\u00e5det opleves i dag som henkastet og meget utrygt og til tider rodet, selv om der er sket forbedringer i l\u00f8bet af arbejdet med \u00c4lskade-sitesamarbejdet S\u00f6der. S\u00f6der er et omr\u00e5de, hvor der er beg\u00e5et flere alvorlige forbrydelser, og opfattelsen er stadig, at der er en h\u00f8j grad af kriminalitet koncentreret i blandt andet dette kvarter.     <\/p><p>I omr\u00e5det er der flere studenterboliger, studenterforeningsbygninger, udlejningslejligheder og ejerlejligheder, og selv om omr\u00e5det opfattes som utrygt gennem blandt andet politiets tryghedsm\u00e5ling, har mange det godt.<\/p><p>S\u00f6der har v\u00e6ret p\u00e5 dagsordenen ved flere lejligheder med det form\u00e5l at \u00f8ge og forbedre opfattelsen af kvarteret og dets omd\u00f8mme, is\u00e6r med hensyn til affald, utryghed og segregering.<\/p><p>I 1990&#8217;erne blev projektet &#8220;Hela S\u00f6der\" lanceret med et handlingsprogram for at udvikle bydelen. Der var diskussioner om at nedgrave jernbanen for at forbedre forbindelsen mod vest og havneomr\u00e5det. <\/p><p>I 2000&#8217;erne blev processen &#8220;S\u00f6der i f\u00f6r\u00e4ndring\" ( i forandring) sat i gang med det form\u00e5l at forbedre kvarteret gennem fysiske \u00e6ndringer og \u00f8ge integrationen og dermed omr\u00e5dets tiltr\u00e6kningskraft. I for\u00e5ret 2006 blev flere af de identificerede forandringsprojekter afsluttet, f.eks. omdannelsen af S\u00f6dergatan til en busgade med cykelstier og redesignet af Gustav Adolfs torg. <\/p><p>I forbindelse med byens beslutning om at bygge S\u00f6dertunnelen (nedgravning af jernbanen) blev byfornyelsesprojektet H+ lanceret i havneomr\u00e5det. Det ville flytte tyngdepunktet i byens centrum mod syd, og bydelen S\u00f6der ville blive mere central og f\u00e5 en direkte forbindelse til H+ og havet. <\/p><p>I 2000 blev Campus etableret i H+ omr\u00e5det lige \u00f8st for jernbanen. H\u00e5bet var, at de studerendes tilstedev\u00e6relse ville forbedre kvarteret. Der er blevet bygget flere studenterboliger i n\u00e6rheden af Furutorpsplatsen, og der har ogs\u00e5 v\u00e6ret et studenterforeningscenter her i nogle \u00e5r.  <\/p><p>S\u00f6dertunneln blev ikke realiseret, men S\u00f6der er forbundet med Campus via en fodg\u00e6nger- og cykelbro over J\u00e4rnv\u00e4gsgatan og jernbanen.<\/p><p>En ny indgang fra Helsingborgs centralstation er blevet bygget i tr\u00e5d med Stadsparken, og J\u00e4rnv\u00e4gsgatan er blevet ombygget for at forbedre adgangen for fodg\u00e6ngere og cyklister til S\u00f6der.<\/p><p>I 2014 besluttede kommunalbestyrelsen, at der skulle udarbejdes en udviklingsplan for syd. &#8220;Think about\/South\" var resultatet af en analyse af den nuv\u00e6rende situation, dialoger og byanalyser. Udviklingsplanen indeholder ogs\u00e5 konkrete forslag til tiltag p\u00e5 b\u00e5de kort og lang sigt. Flere af disse er nu gennemf\u00f8rt.   <\/p><p>H+ omr\u00e5det er under opf\u00f8relse i fase 1 p\u00e5 Oceanhamnen, hvor der i \u00f8jeblikket bygges boliger, kontorer, hoteller og en fodg\u00e6nger- og cykelbro mellem H+ og Helsingborg Central over f\u00e6rgelejet og havnebassinet.<\/p><p>P\u00e5 trods af fokus p\u00e5 handling i omr\u00e5det har det ikke haft den \u00f8nskede effekt. Kvarteret opfattes stadigv\u00e6k som fors\u00f8mt, utrygt, glemt og segregeret. I efter\u00e5ret 2018 foreslog politikerne, at S\u00f6der skulle blive det tredje Purple Flag-omr\u00e5de i byen.  <\/p><p>Byr\u00e5det gav en klar opgave til byplanl\u00e6gningsforvaltningen om at arbejde med vores f\u00e6lles og personlige ansvar for et renere Helsingborg. Byen skal v\u00e6re ren og sikker og sikre et attraktivt bymilj\u00f8. H\u00e6rv\u00e6rk og henkastning af affald bidrager til et d\u00e5rligere bymilj\u00f8, men ogs\u00e5 til en mere utryg by, hvor t\u00e6rsklen for at beg\u00e5 kriminalitet mindskes. Opgaven fremh\u00e6ver et igangv\u00e6rende projekt &#8220;A S\u00f6der where everyone can thrive\", som g\u00e5r ud p\u00e5, at byen skal \u00f8ge bevidstheden blandt borgerne om, hvordan henkastet affald p\u00e5virker sikkerheden negativt.   <\/p><p>S\u00f6der har ogs\u00e5 mange positive tr\u00e6k, som skal fremh\u00e6ves og udvikles yderligere. Fra nord er der sket en fornyelse med opf\u00f8relsen af Radisson Blue-hotellet, kontorbygninger og boliger samt en omfattende ombygning af indk\u00f8bscentret S\u00f6derpunkten, som nu hedder S\u00f6DER, og som huser en lang r\u00e6kke restauranter, butikker, fitnesscentre og Filmstaden. Det har bidraget til en stigning i antallet af bes\u00f8gende i den nordlige del af den sydlige del af byen.  <\/p><p>I centrum af omr\u00e5det ligger Gustav Adolfs torg med kirken og den gamle sv\u00f8mmehal.<\/p><p>I vores arbejde vil vi prim\u00e6rt fokusere p\u00e5 komplet, ren, ryddelig og sikker. At opn\u00e5 dette kr\u00e6ver et bredt samarbejde og deltagelse. <\/p><p>S\u00f6der er et komplekst omr\u00e5de med en lang r\u00e6kke problemer, som ikke kun vedr\u00f8rer det offentlige rum. Sp\u00f8rgsm\u00e5let om ligestilling mellem k\u00f8nnene er vigtigt, og det samme er sp\u00f8rgsm\u00e5let om integration. At aktivere og finde m\u00e5lpunkter for en bredere gruppe, at skabe stolthed og ejerskab. Samtidig bliver S\u00f6ders historie og mangfoldighed et aktiv og en identitet.   <\/p>\t\t\t\t\t\t\t\t<\/div>\n\t\t\t\t<\/div>\n\t\t\t\t\t<\/div>\n\t\t<\/div>\n\t\t\t\t<div class=\"elementor-column elementor-col-33 elementor-top-column elementor-element elementor-element-edeb38b\" data-id=\"edeb38b\" data-element_type=\"column\" data-e-type=\"column\">\n\t\t\t<div class=\"elementor-widget-wrap elementor-element-populated\">\n\t\t\t\t\t\t<div class=\"elementor-element elementor-element-954f618 elementor-widget elementor-widget-image\" data-id=\"954f618\" data-element_type=\"widget\" data-e-type=\"widget\" data-widget_type=\"image.default\">\n\t\t\t\t<div class=\"elementor-widget-container\">\n\t\t\t\t\t\t\t\t\t\t\t\t\t\t\t<img fetchpriority=\"high\" decoding=\"async\" width=\"188\" height=\"300\" src=\"https:\/\/hbgcity.se\/wp-content\/uploads\/2023\/03\/alskade-soder-188x300-1.png\" class=\"attachment-large size-large wp-image-20906\" alt=\"\" \/>\t\t\t\t\t\t\t\t\t\t\t\t\t\t\t<\/div>\n\t\t\t\t<\/div>\n\t\t\t\t\t<\/div>\n\t\t<\/div>\n\t\t\t\t\t<\/div>\n\t\t<\/section>\n\t\t\t\t<\/div>\n\t\t","protected":false},"excerpt":{"rendered":"<p>Omr\u00e5det for \u00e6ldre S\u00f6der Det nuv\u00e6rende omr\u00e5de er direkte forbundet med de to certificerede Purple Flag-omr\u00e5der og omfatter S\u00f6der-distriktet med dets bygninger, parkeringspladser og gader. De prim\u00e6re omr\u00e5der er hovedsageligt det kommercielle omr\u00e5de, men for at d\u00e6kke beboere og studerende er der ogs\u00e5 et sekund\u00e6rt omr\u00e5de. Det lyse omr\u00e5de inden for ovalen er det prim\u00e6re [&hellip;]<\/p>\n","protected":false},"author":1,"featured_media":0,"parent":22717,"menu_order":0,"comment_status":"closed","ping_status":"closed","template":"","meta":{"_acf_changed":false,"site-sidebar-layout":"no-sidebar","site-content-layout":"page-builder","ast-site-content-layout":"default","site-content-style":"default","site-sidebar-style":"default","ast-global-header-display":"","ast-banner-title-visibility":"","ast-main-header-display":"","ast-hfb-above-header-display":"","ast-hfb-below-header-display":"","ast-hfb-mobile-header-display":"","site-post-title":"disabled","ast-breadcrumbs-content":"","ast-featured-img":"disabled","footer-sml-layout":"","ast-disable-related-posts":"","theme-transparent-header-meta":"default","adv-header-id-meta":"","stick-header-meta":"default","header-above-stick-meta":"","header-main-stick-meta":"","header-below-stick-meta":"","astra-migrate-meta-layouts":"default","ast-page-background-enabled":"default","ast-page-background-meta":{"desktop":{"background-color":"","background-image":"","background-repeat":"repeat","background-position":"center center","background-size":"auto","background-attachment":"scroll","background-type":"","background-media":"","overlay-type":"","overlay-color":"","overlay-opacity":"","overlay-gradient":""},"tablet":{"background-color":"","background-image":"","background-repeat":"repeat","background-position":"center center","background-size":"auto","background-attachment":"scroll","background-type":"","background-media":"","overlay-type":"","overlay-color":"","overlay-opacity":"","overlay-gradient":""},"mobile":{"background-color":"","background-image":"","background-repeat":"repeat","background-position":"center center","background-size":"auto","background-attachment":"scroll","background-type":"","background-media":"","overlay-type":"","overlay-color":"","overlay-opacity":"","overlay-gradient":""}},"ast-content-background-meta":{"desktop":{"background-color":"var(--ast-global-color-5)","background-image":"","background-repeat":"repeat","background-position":"center center","background-size":"auto","background-attachment":"scroll","background-type":"","background-media":"","overlay-type":"","overlay-color":"","overlay-opacity":"","overlay-gradient":""},"tablet":{"background-color":"var(--ast-global-color-5)","background-image":"","background-repeat":"repeat","background-position":"center center","background-size":"auto","background-attachment":"scroll","background-type":"","background-media":"","overlay-type":"","overlay-color":"","overlay-opacity":"","overlay-gradient":""},"mobile":{"background-color":"var(--ast-global-color-5)","background-image":"","background-repeat":"repeat","background-position":"center center","background-size":"auto","background-attachment":"scroll","background-type":"","background-media":"","overlay-type":"","overlay-color":"","overlay-opacity":"","overlay-gradient":""}},"footnotes":""},"class_list":["post-22708","page","type-page","status-publish","hentry"],"acf":[],"yoast_head":"<!-- This site is optimized with the Yoast SEO plugin v27.5 - https:\/\/yoast.com\/product\/yoast-seo-wordpress\/ -->\n<title>Omr\u00e5det - V\u00e4lkommen till Helsingborg city!<\/title>\n<meta name=\"robots\" content=\"index, follow, max-snippet:-1, max-image-preview:large, max-video-preview:-1\" \/>\n<link rel=\"canonical\" href=\"https:\/\/hbgcity.se\/da\/byens-centrum\/det-elskede-syd\/omraadet\/\" \/>\n<meta property=\"og:locale\" content=\"da_DK\" \/>\n<meta property=\"og:type\" content=\"article\" \/>\n<meta property=\"og:title\" content=\"Omr\u00e5det - V\u00e4lkommen till Helsingborg city!\" \/>\n<meta property=\"og:description\" content=\"Omr\u00e5det for \u00e6ldre S\u00f6der Det nuv\u00e6rende omr\u00e5de er direkte forbundet med de to certificerede Purple Flag-omr\u00e5der og omfatter S\u00f6der-distriktet med dets bygninger, parkeringspladser og gader. De prim\u00e6re omr\u00e5der er hovedsageligt det kommercielle omr\u00e5de, men for at d\u00e6kke beboere og studerende er der ogs\u00e5 et sekund\u00e6rt omr\u00e5de. Det lyse omr\u00e5de inden for ovalen er det prim\u00e6re [&hellip;]\" \/>\n<meta property=\"og:url\" content=\"https:\/\/hbgcity.se\/da\/byens-centrum\/det-elskede-syd\/omraadet\/\" \/>\n<meta property=\"og:site_name\" content=\"V\u00e4lkommen till Helsingborg city!\" \/>\n<meta property=\"article:publisher\" content=\"https:\/\/www.facebook.com\/helsingborgcity\" \/>\n<meta property=\"article:modified_time\" content=\"2025-09-22T09:20:39+00:00\" \/>\n<meta property=\"og:image\" content=\"https:\/\/hbgcity.se\/wp-content\/uploads\/2023\/03\/purpleflag-soder-karta-800x690-1.png\" \/>\n<meta name=\"twitter:card\" content=\"summary_large_image\" \/>\n<meta name=\"twitter:label1\" content=\"Estimeret l\u00e6setid\" \/>\n\t<meta name=\"twitter:data1\" content=\"5 minutter\" \/>\n<script type=\"application\/ld+json\" class=\"yoast-schema-graph\">{\"@context\":\"https:\\\/\\\/schema.org\",\"@graph\":[{\"@type\":\"WebPage\",\"@id\":\"https:\\\/\\\/hbgcity.se\\\/da\\\/byens-centrum\\\/det-elskede-syd\\\/omraadet\\\/\",\"url\":\"https:\\\/\\\/hbgcity.se\\\/da\\\/byens-centrum\\\/det-elskede-syd\\\/omraadet\\\/\",\"name\":\"Omr\u00e5det - V\u00e4lkommen till Helsingborg city!\",\"isPartOf\":{\"@id\":\"https:\\\/\\\/hbgcity.se\\\/da\\\/#website\"},\"primaryImageOfPage\":{\"@id\":\"https:\\\/\\\/hbgcity.se\\\/da\\\/byens-centrum\\\/det-elskede-syd\\\/omraadet\\\/#primaryimage\"},\"image\":{\"@id\":\"https:\\\/\\\/hbgcity.se\\\/da\\\/byens-centrum\\\/det-elskede-syd\\\/omraadet\\\/#primaryimage\"},\"thumbnailUrl\":\"https:\\\/\\\/hbgcity.se\\\/wp-content\\\/uploads\\\/2023\\\/03\\\/purpleflag-soder-karta-800x690-1.png\",\"datePublished\":\"2022-12-04T17:35:17+00:00\",\"dateModified\":\"2025-09-22T09:20:39+00:00\",\"breadcrumb\":{\"@id\":\"https:\\\/\\\/hbgcity.se\\\/da\\\/byens-centrum\\\/det-elskede-syd\\\/omraadet\\\/#breadcrumb\"},\"inLanguage\":\"da-DK\",\"potentialAction\":[{\"@type\":\"ReadAction\",\"target\":[\"https:\\\/\\\/hbgcity.se\\\/da\\\/byens-centrum\\\/det-elskede-syd\\\/omraadet\\\/\"]}]},{\"@type\":\"ImageObject\",\"inLanguage\":\"da-DK\",\"@id\":\"https:\\\/\\\/hbgcity.se\\\/da\\\/byens-centrum\\\/det-elskede-syd\\\/omraadet\\\/#primaryimage\",\"url\":\"https:\\\/\\\/hbgcity.se\\\/wp-content\\\/uploads\\\/2023\\\/03\\\/purpleflag-soder-karta-800x690-1.png\",\"contentUrl\":\"https:\\\/\\\/hbgcity.se\\\/wp-content\\\/uploads\\\/2023\\\/03\\\/purpleflag-soder-karta-800x690-1.png\"},{\"@type\":\"BreadcrumbList\",\"@id\":\"https:\\\/\\\/hbgcity.se\\\/da\\\/byens-centrum\\\/det-elskede-syd\\\/omraadet\\\/#breadcrumb\",\"itemListElement\":[{\"@type\":\"ListItem\",\"position\":1,\"name\":\"Home\",\"item\":\"https:\\\/\\\/hbgcity.se\\\/da\\\/home-2\\\/\"},{\"@type\":\"ListItem\",\"position\":2,\"name\":\"Byens centrum\",\"item\":\"https:\\\/\\\/hbgcity.se\\\/da\\\/byens-centrum\\\/\"},{\"@type\":\"ListItem\",\"position\":3,\"name\":\"Det elskede syd\",\"item\":\"https:\\\/\\\/hbgcity.se\\\/da\\\/byens-centrum\\\/det-elskede-syd\\\/\"},{\"@type\":\"ListItem\",\"position\":4,\"name\":\"Omr\u00e5det\"}]},{\"@type\":\"WebSite\",\"@id\":\"https:\\\/\\\/hbgcity.se\\\/da\\\/#website\",\"url\":\"https:\\\/\\\/hbgcity.se\\\/da\\\/\",\"name\":\"V\u00e4lkommen till HBG City!\",\"description\":\"I Helsingborg finns n\u00e5got f\u00f6r alla!\",\"publisher\":{\"@id\":\"https:\\\/\\\/hbgcity.se\\\/da\\\/#organization\"},\"potentialAction\":[{\"@type\":\"SearchAction\",\"target\":{\"@type\":\"EntryPoint\",\"urlTemplate\":\"https:\\\/\\\/hbgcity.se\\\/da\\\/?s={search_term_string}\"},\"query-input\":{\"@type\":\"PropertyValueSpecification\",\"valueRequired\":true,\"valueName\":\"search_term_string\"}}],\"inLanguage\":\"da-DK\"},{\"@type\":\"Organization\",\"@id\":\"https:\\\/\\\/hbgcity.se\\\/da\\\/#organization\",\"name\":\"V\u00e4lkommen till Hbgcity!\",\"url\":\"https:\\\/\\\/hbgcity.se\\\/da\\\/\",\"logo\":{\"@type\":\"ImageObject\",\"inLanguage\":\"da-DK\",\"@id\":\"https:\\\/\\\/hbgcity.se\\\/da\\\/#\\\/schema\\\/logo\\\/image\\\/\",\"url\":\"https:\\\/\\\/hbgcity.se\\\/wp-content\\\/uploads\\\/2023\\\/02\\\/HBG-CITY-Huvudlogotyp.svg\",\"contentUrl\":\"https:\\\/\\\/hbgcity.se\\\/wp-content\\\/uploads\\\/2023\\\/02\\\/HBG-CITY-Huvudlogotyp.svg\",\"caption\":\"V\u00e4lkommen till Hbgcity!\"},\"image\":{\"@id\":\"https:\\\/\\\/hbgcity.se\\\/da\\\/#\\\/schema\\\/logo\\\/image\\\/\"},\"sameAs\":[\"https:\\\/\\\/www.facebook.com\\\/helsingborgcity\",\"https:\\\/\\\/www.instagram.com\\\/hbgcity\\\/\",\"https:\\\/\\\/www.linkedin.com\\\/company\\\/helsingborg-city\"]}]}<\/script>\n<!-- \/ Yoast SEO plugin. -->","yoast_head_json":{"title":"Omr\u00e5det - V\u00e4lkommen till Helsingborg city!","robots":{"index":"index","follow":"follow","max-snippet":"max-snippet:-1","max-image-preview":"max-image-preview:large","max-video-preview":"max-video-preview:-1"},"canonical":"https:\/\/hbgcity.se\/da\/byens-centrum\/det-elskede-syd\/omraadet\/","og_locale":"da_DK","og_type":"article","og_title":"Omr\u00e5det - V\u00e4lkommen till Helsingborg city!","og_description":"Omr\u00e5det for \u00e6ldre S\u00f6der Det nuv\u00e6rende omr\u00e5de er direkte forbundet med de to certificerede Purple Flag-omr\u00e5der og omfatter S\u00f6der-distriktet med dets bygninger, parkeringspladser og gader. De prim\u00e6re omr\u00e5der er hovedsageligt det kommercielle omr\u00e5de, men for at d\u00e6kke beboere og studerende er der ogs\u00e5 et sekund\u00e6rt omr\u00e5de. Det lyse omr\u00e5de inden for ovalen er det prim\u00e6re [&hellip;]","og_url":"https:\/\/hbgcity.se\/da\/byens-centrum\/det-elskede-syd\/omraadet\/","og_site_name":"V\u00e4lkommen till Helsingborg city!","article_publisher":"https:\/\/www.facebook.com\/helsingborgcity","article_modified_time":"2025-09-22T09:20:39+00:00","og_image":[{"url":"https:\/\/hbgcity.se\/wp-content\/uploads\/2023\/03\/purpleflag-soder-karta-800x690-1.png","type":"","width":"","height":""}],"twitter_card":"summary_large_image","twitter_misc":{"Estimeret l\u00e6setid":"5 minutter"},"schema":{"@context":"https:\/\/schema.org","@graph":[{"@type":"WebPage","@id":"https:\/\/hbgcity.se\/da\/byens-centrum\/det-elskede-syd\/omraadet\/","url":"https:\/\/hbgcity.se\/da\/byens-centrum\/det-elskede-syd\/omraadet\/","name":"Omr\u00e5det - V\u00e4lkommen till Helsingborg city!","isPartOf":{"@id":"https:\/\/hbgcity.se\/da\/#website"},"primaryImageOfPage":{"@id":"https:\/\/hbgcity.se\/da\/byens-centrum\/det-elskede-syd\/omraadet\/#primaryimage"},"image":{"@id":"https:\/\/hbgcity.se\/da\/byens-centrum\/det-elskede-syd\/omraadet\/#primaryimage"},"thumbnailUrl":"https:\/\/hbgcity.se\/wp-content\/uploads\/2023\/03\/purpleflag-soder-karta-800x690-1.png","datePublished":"2022-12-04T17:35:17+00:00","dateModified":"2025-09-22T09:20:39+00:00","breadcrumb":{"@id":"https:\/\/hbgcity.se\/da\/byens-centrum\/det-elskede-syd\/omraadet\/#breadcrumb"},"inLanguage":"da-DK","potentialAction":[{"@type":"ReadAction","target":["https:\/\/hbgcity.se\/da\/byens-centrum\/det-elskede-syd\/omraadet\/"]}]},{"@type":"ImageObject","inLanguage":"da-DK","@id":"https:\/\/hbgcity.se\/da\/byens-centrum\/det-elskede-syd\/omraadet\/#primaryimage","url":"https:\/\/hbgcity.se\/wp-content\/uploads\/2023\/03\/purpleflag-soder-karta-800x690-1.png","contentUrl":"https:\/\/hbgcity.se\/wp-content\/uploads\/2023\/03\/purpleflag-soder-karta-800x690-1.png"},{"@type":"BreadcrumbList","@id":"https:\/\/hbgcity.se\/da\/byens-centrum\/det-elskede-syd\/omraadet\/#breadcrumb","itemListElement":[{"@type":"ListItem","position":1,"name":"Home","item":"https:\/\/hbgcity.se\/da\/home-2\/"},{"@type":"ListItem","position":2,"name":"Byens centrum","item":"https:\/\/hbgcity.se\/da\/byens-centrum\/"},{"@type":"ListItem","position":3,"name":"Det elskede syd","item":"https:\/\/hbgcity.se\/da\/byens-centrum\/det-elskede-syd\/"},{"@type":"ListItem","position":4,"name":"Omr\u00e5det"}]},{"@type":"WebSite","@id":"https:\/\/hbgcity.se\/da\/#website","url":"https:\/\/hbgcity.se\/da\/","name":"V\u00e4lkommen till HBG City!","description":"I Helsingborg finns n\u00e5got f\u00f6r alla!","publisher":{"@id":"https:\/\/hbgcity.se\/da\/#organization"},"potentialAction":[{"@type":"SearchAction","target":{"@type":"EntryPoint","urlTemplate":"https:\/\/hbgcity.se\/da\/?s={search_term_string}"},"query-input":{"@type":"PropertyValueSpecification","valueRequired":true,"valueName":"search_term_string"}}],"inLanguage":"da-DK"},{"@type":"Organization","@id":"https:\/\/hbgcity.se\/da\/#organization","name":"V\u00e4lkommen till Hbgcity!","url":"https:\/\/hbgcity.se\/da\/","logo":{"@type":"ImageObject","inLanguage":"da-DK","@id":"https:\/\/hbgcity.se\/da\/#\/schema\/logo\/image\/","url":"https:\/\/hbgcity.se\/wp-content\/uploads\/2023\/02\/HBG-CITY-Huvudlogotyp.svg","contentUrl":"https:\/\/hbgcity.se\/wp-content\/uploads\/2023\/02\/HBG-CITY-Huvudlogotyp.svg","caption":"V\u00e4lkommen till Hbgcity!"},"image":{"@id":"https:\/\/hbgcity.se\/da\/#\/schema\/logo\/image\/"},"sameAs":["https:\/\/www.facebook.com\/helsingborgcity","https:\/\/www.instagram.com\/hbgcity\/","https:\/\/www.linkedin.com\/company\/helsingborg-city"]}]}},"_links":{"self":[{"href":"https:\/\/hbgcity.se\/da\/wp-json\/wp\/v2\/pages\/22708","targetHints":{"allow":["GET"]}}],"collection":[{"href":"https:\/\/hbgcity.se\/da\/wp-json\/wp\/v2\/pages"}],"about":[{"href":"https:\/\/hbgcity.se\/da\/wp-json\/wp\/v2\/types\/page"}],"author":[{"embeddable":true,"href":"https:\/\/hbgcity.se\/da\/wp-json\/wp\/v2\/users\/1"}],"replies":[{"embeddable":true,"href":"https:\/\/hbgcity.se\/da\/wp-json\/wp\/v2\/comments?post=22708"}],"version-history":[{"count":7,"href":"https:\/\/hbgcity.se\/da\/wp-json\/wp\/v2\/pages\/22708\/revisions"}],"predecessor-version":[{"id":30713,"href":"https:\/\/hbgcity.se\/da\/wp-json\/wp\/v2\/pages\/22708\/revisions\/30713"}],"up":[{"embeddable":true,"href":"https:\/\/hbgcity.se\/da\/wp-json\/wp\/v2\/pages\/22717"}],"wp:attachment":[{"href":"https:\/\/hbgcity.se\/da\/wp-json\/wp\/v2\/media?parent=22708"}],"curies":[{"name":"wp","href":"https:\/\/api.w.org\/{rel}","templated":true}]}}