{"id":34753,"date":"2025-12-10T08:22:40","date_gmt":"2025-12-10T07:22:40","guid":{"rendered":"https:\/\/hbgcity.se\/projektet\/tillganglighet-i-city\/"},"modified":"2025-12-10T08:23:21","modified_gmt":"2025-12-10T07:23:21","slug":"tillganglighet-i-city","status":"publish","type":"page","link":"https:\/\/hbgcity.se\/da\/projekt\/tillganglighet-i-city\/","title":{"rendered":"Tilg\u00e6ngelighed i byens centrum"},"content":{"rendered":"\t\t<div data-elementor-type=\"wp-page\" data-elementor-id=\"34753\" class=\"elementor elementor-34753 elementor-34692\" data-elementor-post-type=\"page\">\n\t\t\t\t\t\t<section class=\"elementor-section elementor-top-section elementor-element elementor-element-1841f1e elementor-section-height-min-height elementor-section-boxed elementor-section-height-default elementor-section-items-middle\" data-id=\"1841f1e\" data-element_type=\"section\" data-e-type=\"section\" data-settings=\"{&quot;background_background&quot;:&quot;classic&quot;}\">\n\t\t\t\t\t\t<div class=\"elementor-container elementor-column-gap-default\">\n\t\t\t\t\t<div class=\"elementor-column elementor-col-100 elementor-top-column elementor-element elementor-element-f0f22b7\" data-id=\"f0f22b7\" data-element_type=\"column\" data-e-type=\"column\">\n\t\t\t<div class=\"elementor-widget-wrap\">\n\t\t\t\t\t\t\t<\/div>\n\t\t<\/div>\n\t\t\t\t\t<\/div>\n\t\t<\/section>\n\t\t\t\t<section class=\"elementor-section elementor-top-section elementor-element elementor-element-48e8614 elementor-section-boxed elementor-section-height-default elementor-section-height-default\" data-id=\"48e8614\" data-element_type=\"section\" data-e-type=\"section\">\n\t\t\t\t\t\t<div class=\"elementor-container elementor-column-gap-default\">\n\t\t\t\t\t<div class=\"elementor-column elementor-col-100 elementor-top-column elementor-element elementor-element-96fcb65\" data-id=\"96fcb65\" data-element_type=\"column\" data-e-type=\"column\">\n\t\t\t<div class=\"elementor-widget-wrap elementor-element-populated\">\n\t\t\t\t\t\t<div class=\"elementor-element elementor-element-b484721 elementor-widget elementor-widget-heading\" data-id=\"b484721\" data-element_type=\"widget\" data-e-type=\"widget\" data-widget_type=\"heading.default\">\n\t\t\t\t<div class=\"elementor-widget-container\">\n\t\t\t\t\t<h1 class=\"elementor-heading-title elementor-size-default\">Tilg\u00e6ngelighed i byens centrum<\/h1>\t\t\t\t<\/div>\n\t\t\t\t<\/div>\n\t\t\t\t<div class=\"elementor-element elementor-element-96785b0 elementor-widget elementor-widget-text-editor\" data-id=\"96785b0\" data-element_type=\"widget\" data-e-type=\"widget\" data-widget_type=\"text-editor.default\">\n\t\t\t\t<div class=\"elementor-widget-container\">\n\t\t\t\t\t\t\t\t\t<p style=\"text-align: center;\">Helsingborgs bymidte skal v\u00e6re et sted for alle. Her har vi samlet information om tilg\u00e6ngelige steder i bymidten. <\/p>\t\t\t\t\t\t\t\t<\/div>\n\t\t\t\t<\/div>\n\t\t\t\t\t<\/div>\n\t\t<\/div>\n\t\t\t\t\t<\/div>\n\t\t<\/section>\n\t\t\t\t<section class=\"elementor-section elementor-top-section elementor-element elementor-element-f640c77 elementor-section-boxed elementor-section-height-default elementor-section-height-default\" data-id=\"f640c77\" data-element_type=\"section\" data-e-type=\"section\">\n\t\t\t\t\t\t<div class=\"elementor-container elementor-column-gap-default\">\n\t\t\t\t\t<div class=\"elementor-column elementor-col-100 elementor-top-column elementor-element elementor-element-90262aa\" data-id=\"90262aa\" data-element_type=\"column\" data-e-type=\"column\">\n\t\t\t<div class=\"elementor-widget-wrap elementor-element-populated\">\n\t\t\t\t\t\t<div class=\"elementor-element elementor-element-303101d elementor-widget elementor-widget-heading\" data-id=\"303101d\" data-element_type=\"widget\" data-e-type=\"widget\" data-widget_type=\"heading.default\">\n\t\t\t\t<div class=\"elementor-widget-container\">\n\t\t\t\t\t<h2 class=\"elementor-heading-title elementor-size-default\">Offentlige steder  <\/h2>\t\t\t\t<\/div>\n\t\t\t\t<\/div>\n\t\t\t\t\t<\/div>\n\t\t<\/div>\n\t\t\t\t\t<\/div>\n\t\t<\/section>\n\t\t\t\t<section class=\"elementor-section elementor-top-section elementor-element elementor-element-465e8d8 elementor-section-boxed elementor-section-height-default elementor-section-height-default\" data-id=\"465e8d8\" data-element_type=\"section\" data-e-type=\"section\">\n\t\t\t\t\t\t<div class=\"elementor-container elementor-column-gap-default\">\n\t\t\t\t\t<div class=\"elementor-column elementor-col-50 elementor-top-column elementor-element elementor-element-c0361fe\" data-id=\"c0361fe\" data-element_type=\"column\" data-e-type=\"column\">\n\t\t\t<div class=\"elementor-widget-wrap elementor-element-populated\">\n\t\t\t\t\t\t<div class=\"elementor-element elementor-element-1948394 elementor-widget elementor-widget-text-editor\" data-id=\"1948394\" data-element_type=\"widget\" data-e-type=\"widget\" data-widget_type=\"text-editor.default\">\n\t\t\t\t<div class=\"elementor-widget-container\">\n\t\t\t\t\t\t\t\t\t<p><strong>Offentlige toil<\/strong>etter <strong><br> Helsingborgs stads kort over offentlige toiletter viser, hvor de er placeret, og om de er tilg\u00e6ngelige.<\/strong> <br><a href=\"https:\/\/kartportal.helsingborg.se\/portal\/apps\/instant\/media\/index.html?appid=6f955f386faf473f9dd6735e2790422e\" target=\"_blank\" rel=\"noopener\"><strong>Kort over offentlige toiletter<\/strong><\/a><\/p><p><strong>Parkeringspladser<br><\/strong>Helsingborgs stads parkeringskort viser parkeringspladser i Helsingborg. Du kan se pris og information om parkeringspladserne. V\u00e6lg <em>Handikappede med parkeringstilladelse<\/em> for at se parkeringspladser for handicappede.    <br><a href=\"https:\/\/kartportal.helsingborg.se\/portal\/apps\/instant\/sidebar\/index.html?appid=678a559a18834c68b2f148c9b3f70d94\" target=\"_blank\" rel=\"noopener\"><strong>Kort over parkeringspladser<\/strong><\/a><\/p><p><strong>Badesteder<\/strong><br>Her finder du information om tilg\u00e6ngelige badesteder i Helsingborg.<br><strong><a href=\"https:\/\/helsingborg.se\/uppleva-och-gora\/friluftsliv-och-motion\/badplatser-och-strander\/handikappanpassade-strander\/\" target=\"_blank\" rel=\"noopener\">Badesteder<\/a><\/strong><\/p>\t\t\t\t\t\t\t\t<\/div>\n\t\t\t\t<\/div>\n\t\t\t\t\t<\/div>\n\t\t<\/div>\n\t\t\t\t<div class=\"elementor-column elementor-col-50 elementor-top-column elementor-element elementor-element-98394f3\" data-id=\"98394f3\" data-element_type=\"column\" data-e-type=\"column\">\n\t\t\t<div class=\"elementor-widget-wrap elementor-element-populated\">\n\t\t\t\t\t\t<div class=\"elementor-element elementor-element-3e74187 elementor-widget elementor-widget-image\" data-id=\"3e74187\" data-element_type=\"widget\" data-e-type=\"widget\" data-widget_type=\"image.default\">\n\t\t\t\t<div class=\"elementor-widget-container\">\n\t\t\t\t\t\t\t\t\t\t\t\t\t\t\t<img fetchpriority=\"high\" decoding=\"async\" width=\"900\" height=\"600\" src=\"https:\/\/hbgcity.se\/wp-content\/uploads\/2025\/12\/Toalett-Helsingborg-tillgganglighetsanpassad.jpg\" class=\"attachment-large size-large wp-image-34706\" alt=\"En offentlig toalett utomhus. Toalettens v\u00e4ggar har zeebram\u00f6nster\" srcset=\"https:\/\/hbgcity.se\/wp-content\/uploads\/2025\/12\/Toalett-Helsingborg-tillgganglighetsanpassad.jpg 900w, https:\/\/hbgcity.se\/wp-content\/uploads\/2025\/12\/Toalett-Helsingborg-tillgganglighetsanpassad-300x200.jpg 300w, https:\/\/hbgcity.se\/wp-content\/uploads\/2025\/12\/Toalett-Helsingborg-tillgganglighetsanpassad-768x512.jpg 768w\" sizes=\"(max-width: 900px) 100vw, 900px\" \/>\t\t\t\t\t\t\t\t\t\t\t\t\t\t\t<\/div>\n\t\t\t\t<\/div>\n\t\t\t\t\t<\/div>\n\t\t<\/div>\n\t\t\t\t\t<\/div>\n\t\t<\/section>\n\t\t\t\t<section class=\"elementor-section elementor-top-section elementor-element elementor-element-461b5a6 elementor-section-boxed elementor-section-height-default elementor-section-height-default\" data-id=\"461b5a6\" data-element_type=\"section\" data-e-type=\"section\">\n\t\t\t\t\t\t<div class=\"elementor-container elementor-column-gap-default\">\n\t\t\t\t\t<div class=\"elementor-column elementor-col-100 elementor-top-column elementor-element elementor-element-c4760fd\" data-id=\"c4760fd\" data-element_type=\"column\" data-e-type=\"column\">\n\t\t\t<div class=\"elementor-widget-wrap elementor-element-populated\">\n\t\t\t\t\t\t<div class=\"elementor-element elementor-element-ae9f46d elementor-widget elementor-widget-text-editor\" data-id=\"ae9f46d\" data-element_type=\"widget\" data-e-type=\"widget\" data-widget_type=\"text-editor.default\">\n\t\t\t\t<div class=\"elementor-widget-container\">\n\t\t\t\t\t\t\t\t\t<p>Du kan finde mere information om tilg\u00e6ngelighed i Helsingborg p\u00e5 <strong><a href=\"https:\/\/helsingborg.se\/trafik-och-stadsplanering\/gator-och-trottoarer\/tillganglighet\/\" target=\"_blank\" rel=\"noopener\">helsingborg.se<\/a><\/strong>.  <\/p>\t\t\t\t\t\t\t\t<\/div>\n\t\t\t\t<\/div>\n\t\t\t\t\t<\/div>\n\t\t<\/div>\n\t\t\t\t\t<\/div>\n\t\t<\/section>\n\t\t\t\t<\/div>\n\t\t","protected":false},"excerpt":{"rendered":"<p>Tilg\u00e6ngelighed i byens centrum Helsingborgs bymidte skal v\u00e6re et sted for alle. Her har vi samlet information om tilg\u00e6ngelige steder i bymidten. Offentlige steder Offentlige toiletter Helsingborgs stads kort over offentlige toiletter viser, hvor de er placeret, og om de er tilg\u00e6ngelige. Kort over offentlige toiletter ParkeringspladserHelsingborgs stads parkeringskort viser parkeringspladser i Helsingborg. Du kan [&hellip;]<\/p>\n","protected":false},"author":9,"featured_media":34703,"parent":22705,"menu_order":0,"comment_status":"closed","ping_status":"closed","template":"","meta":{"_acf_changed":false,"site-sidebar-layout":"no-sidebar","site-content-layout":"page-builder","ast-site-content-layout":"full-width-container","site-content-style":"unboxed","site-sidebar-style":"unboxed","ast-global-header-display":"","ast-banner-title-visibility":"","ast-main-header-display":"","ast-hfb-above-header-display":"","ast-hfb-below-header-display":"","ast-hfb-mobile-header-display":"","site-post-title":"disabled","ast-breadcrumbs-content":"","ast-featured-img":"disabled","footer-sml-layout":"","ast-disable-related-posts":"","theme-transparent-header-meta":"default","adv-header-id-meta":"","stick-header-meta":"default","header-above-stick-meta":"","header-main-stick-meta":"","header-below-stick-meta":"","astra-migrate-meta-layouts":"default","ast-page-background-enabled":"default","ast-page-background-meta":{"desktop":{"background-color":"","background-image":"","background-repeat":"repeat","background-position":"center center","background-size":"auto","background-attachment":"scroll","background-type":"","background-media":"","overlay-type":"","overlay-color":"","overlay-opacity":"","overlay-gradient":""},"tablet":{"background-color":"","background-image":"","background-repeat":"repeat","background-position":"center center","background-size":"auto","background-attachment":"scroll","background-type":"","background-media":"","overlay-type":"","overlay-color":"","overlay-opacity":"","overlay-gradient":""},"mobile":{"background-color":"","background-image":"","background-repeat":"repeat","background-position":"center center","background-size":"auto","background-attachment":"scroll","background-type":"","background-media":"","overlay-type":"","overlay-color":"","overlay-opacity":"","overlay-gradient":""}},"ast-content-background-meta":{"desktop":{"background-color":"var(--ast-global-color-5)","background-image":"","background-repeat":"repeat","background-position":"center center","background-size":"auto","background-attachment":"scroll","background-type":"","background-media":"","overlay-type":"","overlay-color":"","overlay-opacity":"","overlay-gradient":""},"tablet":{"background-color":"var(--ast-global-color-5)","background-image":"","background-repeat":"repeat","background-position":"center center","background-size":"auto","background-attachment":"scroll","background-type":"","background-media":"","overlay-type":"","overlay-color":"","overlay-opacity":"","overlay-gradient":""},"mobile":{"background-color":"var(--ast-global-color-5)","background-image":"","background-repeat":"repeat","background-position":"center center","background-size":"auto","background-attachment":"scroll","background-type":"","background-media":"","overlay-type":"","overlay-color":"","overlay-opacity":"","overlay-gradient":""}},"footnotes":""},"class_list":["post-34753","page","type-page","status-publish","has-post-thumbnail","hentry"],"acf":[],"yoast_head":"<!-- This site is optimized with the Yoast SEO plugin v27.4 - https:\/\/yoast.com\/product\/yoast-seo-wordpress\/ -->\n<title>Tilg\u00e6ngelighed i byens centrum - V\u00e4lkommen till Helsingborg city!<\/title>\n<meta name=\"description\" content=\"Helsingborgs centrum skal v\u00e6re et sted for alle. Her kan du finde information om tilg\u00e6ngelighed i Helsingborgs centrum.\" \/>\n<meta name=\"robots\" content=\"index, follow, max-snippet:-1, max-image-preview:large, max-video-preview:-1\" \/>\n<link rel=\"canonical\" href=\"https:\/\/hbgcity.se\/da\/projekt\/tillganglighet-i-city\/\" \/>\n<meta property=\"og:locale\" content=\"da_DK\" \/>\n<meta property=\"og:type\" content=\"article\" \/>\n<meta property=\"og:title\" content=\"Tilg\u00e6ngelighed i byens centrum - V\u00e4lkommen till Helsingborg city!\" \/>\n<meta property=\"og:description\" content=\"Helsingborgs centrum skal v\u00e6re et sted for alle. Her kan du finde information om tilg\u00e6ngelighed i Helsingborgs centrum.\" \/>\n<meta property=\"og:url\" content=\"https:\/\/hbgcity.se\/da\/projekt\/tillganglighet-i-city\/\" \/>\n<meta property=\"og:site_name\" content=\"V\u00e4lkommen till Helsingborg city!\" \/>\n<meta property=\"article:publisher\" content=\"https:\/\/www.facebook.com\/helsingborgcity\" \/>\n<meta property=\"article:modified_time\" content=\"2025-12-10T07:23:21+00:00\" \/>\n<meta property=\"og:image\" content=\"https:\/\/hbgcity.se\/wp-content\/uploads\/2025\/12\/Tillganglighet-Helsingborg-city.png\" \/>\n\t<meta property=\"og:image:width\" content=\"1600\" \/>\n\t<meta property=\"og:image:height\" content=\"900\" \/>\n\t<meta property=\"og:image:type\" content=\"image\/png\" \/>\n<meta name=\"twitter:card\" content=\"summary_large_image\" \/>\n<meta name=\"twitter:label1\" content=\"Estimeret l\u00e6setid\" \/>\n\t<meta name=\"twitter:data1\" content=\"1 minut\" \/>\n<script type=\"application\/ld+json\" class=\"yoast-schema-graph\">{\"@context\":\"https:\\\/\\\/schema.org\",\"@graph\":[{\"@type\":\"WebPage\",\"@id\":\"https:\\\/\\\/hbgcity.se\\\/da\\\/projekt\\\/tillganglighet-i-city\\\/\",\"url\":\"https:\\\/\\\/hbgcity.se\\\/da\\\/projekt\\\/tillganglighet-i-city\\\/\",\"name\":\"Tilg\u00e6ngelighed i byens centrum - V\u00e4lkommen till Helsingborg city!\",\"isPartOf\":{\"@id\":\"https:\\\/\\\/hbgcity.se\\\/da\\\/#website\"},\"primaryImageOfPage\":{\"@id\":\"https:\\\/\\\/hbgcity.se\\\/da\\\/projekt\\\/tillganglighet-i-city\\\/#primaryimage\"},\"image\":{\"@id\":\"https:\\\/\\\/hbgcity.se\\\/da\\\/projekt\\\/tillganglighet-i-city\\\/#primaryimage\"},\"thumbnailUrl\":\"https:\\\/\\\/hbgcity.se\\\/wp-content\\\/uploads\\\/2025\\\/12\\\/Tillganglighet-Helsingborg-city.png\",\"datePublished\":\"2025-12-10T07:22:40+00:00\",\"dateModified\":\"2025-12-10T07:23:21+00:00\",\"description\":\"Helsingborgs centrum skal v\u00e6re et sted for alle. Her kan du finde information om tilg\u00e6ngelighed i Helsingborgs centrum.\",\"breadcrumb\":{\"@id\":\"https:\\\/\\\/hbgcity.se\\\/da\\\/projekt\\\/tillganglighet-i-city\\\/#breadcrumb\"},\"inLanguage\":\"da-DK\",\"potentialAction\":[{\"@type\":\"ReadAction\",\"target\":[\"https:\\\/\\\/hbgcity.se\\\/da\\\/projekt\\\/tillganglighet-i-city\\\/\"]}]},{\"@type\":\"ImageObject\",\"inLanguage\":\"da-DK\",\"@id\":\"https:\\\/\\\/hbgcity.se\\\/da\\\/projekt\\\/tillganglighet-i-city\\\/#primaryimage\",\"url\":\"https:\\\/\\\/hbgcity.se\\\/wp-content\\\/uploads\\\/2025\\\/12\\\/Tillganglighet-Helsingborg-city.png\",\"contentUrl\":\"https:\\\/\\\/hbgcity.se\\\/wp-content\\\/uploads\\\/2025\\\/12\\\/Tillganglighet-Helsingborg-city.png\",\"width\":1600,\"height\":900,\"caption\":\"Ett g\u00e5ngstr\u00e5k med tr\u00e4b\u00e4nkar d\u00e4r en person sitter och vilar. L\u00e4ngre fram g\u00e5r en person l\u00e4ngs str\u00e5ket. I bakgrunden sr man havet och p\u00e5 h\u00f6ger sida l\u00e4genhetsfasader.\"},{\"@type\":\"BreadcrumbList\",\"@id\":\"https:\\\/\\\/hbgcity.se\\\/da\\\/projekt\\\/tillganglighet-i-city\\\/#breadcrumb\",\"itemListElement\":[{\"@type\":\"ListItem\",\"position\":1,\"name\":\"Home\",\"item\":\"https:\\\/\\\/hbgcity.se\\\/da\\\/home-2\\\/\"},{\"@type\":\"ListItem\",\"position\":2,\"name\":\"Projektet\",\"item\":\"https:\\\/\\\/hbgcity.se\\\/da\\\/projekt\\\/\"},{\"@type\":\"ListItem\",\"position\":3,\"name\":\"Tilg\u00e6ngelighed i byens centrum\"}]},{\"@type\":\"WebSite\",\"@id\":\"https:\\\/\\\/hbgcity.se\\\/da\\\/#website\",\"url\":\"https:\\\/\\\/hbgcity.se\\\/da\\\/\",\"name\":\"V\u00e4lkommen till HBG City!\",\"description\":\"I Helsingborg finns n\u00e5got f\u00f6r alla!\",\"publisher\":{\"@id\":\"https:\\\/\\\/hbgcity.se\\\/da\\\/#organization\"},\"potentialAction\":[{\"@type\":\"SearchAction\",\"target\":{\"@type\":\"EntryPoint\",\"urlTemplate\":\"https:\\\/\\\/hbgcity.se\\\/da\\\/?s={search_term_string}\"},\"query-input\":{\"@type\":\"PropertyValueSpecification\",\"valueRequired\":true,\"valueName\":\"search_term_string\"}}],\"inLanguage\":\"da-DK\"},{\"@type\":\"Organization\",\"@id\":\"https:\\\/\\\/hbgcity.se\\\/da\\\/#organization\",\"name\":\"V\u00e4lkommen till Hbgcity!\",\"url\":\"https:\\\/\\\/hbgcity.se\\\/da\\\/\",\"logo\":{\"@type\":\"ImageObject\",\"inLanguage\":\"da-DK\",\"@id\":\"https:\\\/\\\/hbgcity.se\\\/da\\\/#\\\/schema\\\/logo\\\/image\\\/\",\"url\":\"https:\\\/\\\/hbgcity.se\\\/wp-content\\\/uploads\\\/2023\\\/02\\\/HBG-CITY-Huvudlogotyp.svg\",\"contentUrl\":\"https:\\\/\\\/hbgcity.se\\\/wp-content\\\/uploads\\\/2023\\\/02\\\/HBG-CITY-Huvudlogotyp.svg\",\"caption\":\"V\u00e4lkommen till Hbgcity!\"},\"image\":{\"@id\":\"https:\\\/\\\/hbgcity.se\\\/da\\\/#\\\/schema\\\/logo\\\/image\\\/\"},\"sameAs\":[\"https:\\\/\\\/www.facebook.com\\\/helsingborgcity\",\"https:\\\/\\\/www.instagram.com\\\/hbgcity\\\/\",\"https:\\\/\\\/www.linkedin.com\\\/company\\\/helsingborg-city\"]}]}<\/script>\n<!-- \/ Yoast SEO plugin. -->","yoast_head_json":{"title":"Tilg\u00e6ngelighed i byens centrum - V\u00e4lkommen till Helsingborg city!","description":"Helsingborgs centrum skal v\u00e6re et sted for alle. Her kan du finde information om tilg\u00e6ngelighed i Helsingborgs centrum.","robots":{"index":"index","follow":"follow","max-snippet":"max-snippet:-1","max-image-preview":"max-image-preview:large","max-video-preview":"max-video-preview:-1"},"canonical":"https:\/\/hbgcity.se\/da\/projekt\/tillganglighet-i-city\/","og_locale":"da_DK","og_type":"article","og_title":"Tilg\u00e6ngelighed i byens centrum - V\u00e4lkommen till Helsingborg city!","og_description":"Helsingborgs centrum skal v\u00e6re et sted for alle. Her kan du finde information om tilg\u00e6ngelighed i Helsingborgs centrum.","og_url":"https:\/\/hbgcity.se\/da\/projekt\/tillganglighet-i-city\/","og_site_name":"V\u00e4lkommen till Helsingborg city!","article_publisher":"https:\/\/www.facebook.com\/helsingborgcity","article_modified_time":"2025-12-10T07:23:21+00:00","og_image":[{"width":1600,"height":900,"url":"https:\/\/hbgcity.se\/wp-content\/uploads\/2025\/12\/Tillganglighet-Helsingborg-city.png","type":"image\/png"}],"twitter_card":"summary_large_image","twitter_misc":{"Estimeret l\u00e6setid":"1 minut"},"schema":{"@context":"https:\/\/schema.org","@graph":[{"@type":"WebPage","@id":"https:\/\/hbgcity.se\/da\/projekt\/tillganglighet-i-city\/","url":"https:\/\/hbgcity.se\/da\/projekt\/tillganglighet-i-city\/","name":"Tilg\u00e6ngelighed i byens centrum - V\u00e4lkommen till Helsingborg city!","isPartOf":{"@id":"https:\/\/hbgcity.se\/da\/#website"},"primaryImageOfPage":{"@id":"https:\/\/hbgcity.se\/da\/projekt\/tillganglighet-i-city\/#primaryimage"},"image":{"@id":"https:\/\/hbgcity.se\/da\/projekt\/tillganglighet-i-city\/#primaryimage"},"thumbnailUrl":"https:\/\/hbgcity.se\/wp-content\/uploads\/2025\/12\/Tillganglighet-Helsingborg-city.png","datePublished":"2025-12-10T07:22:40+00:00","dateModified":"2025-12-10T07:23:21+00:00","description":"Helsingborgs centrum skal v\u00e6re et sted for alle. Her kan du finde information om tilg\u00e6ngelighed i Helsingborgs centrum.","breadcrumb":{"@id":"https:\/\/hbgcity.se\/da\/projekt\/tillganglighet-i-city\/#breadcrumb"},"inLanguage":"da-DK","potentialAction":[{"@type":"ReadAction","target":["https:\/\/hbgcity.se\/da\/projekt\/tillganglighet-i-city\/"]}]},{"@type":"ImageObject","inLanguage":"da-DK","@id":"https:\/\/hbgcity.se\/da\/projekt\/tillganglighet-i-city\/#primaryimage","url":"https:\/\/hbgcity.se\/wp-content\/uploads\/2025\/12\/Tillganglighet-Helsingborg-city.png","contentUrl":"https:\/\/hbgcity.se\/wp-content\/uploads\/2025\/12\/Tillganglighet-Helsingborg-city.png","width":1600,"height":900,"caption":"Ett g\u00e5ngstr\u00e5k med tr\u00e4b\u00e4nkar d\u00e4r en person sitter och vilar. L\u00e4ngre fram g\u00e5r en person l\u00e4ngs str\u00e5ket. I bakgrunden sr man havet och p\u00e5 h\u00f6ger sida l\u00e4genhetsfasader."},{"@type":"BreadcrumbList","@id":"https:\/\/hbgcity.se\/da\/projekt\/tillganglighet-i-city\/#breadcrumb","itemListElement":[{"@type":"ListItem","position":1,"name":"Home","item":"https:\/\/hbgcity.se\/da\/home-2\/"},{"@type":"ListItem","position":2,"name":"Projektet","item":"https:\/\/hbgcity.se\/da\/projekt\/"},{"@type":"ListItem","position":3,"name":"Tilg\u00e6ngelighed i byens centrum"}]},{"@type":"WebSite","@id":"https:\/\/hbgcity.se\/da\/#website","url":"https:\/\/hbgcity.se\/da\/","name":"V\u00e4lkommen till HBG City!","description":"I Helsingborg finns n\u00e5got f\u00f6r alla!","publisher":{"@id":"https:\/\/hbgcity.se\/da\/#organization"},"potentialAction":[{"@type":"SearchAction","target":{"@type":"EntryPoint","urlTemplate":"https:\/\/hbgcity.se\/da\/?s={search_term_string}"},"query-input":{"@type":"PropertyValueSpecification","valueRequired":true,"valueName":"search_term_string"}}],"inLanguage":"da-DK"},{"@type":"Organization","@id":"https:\/\/hbgcity.se\/da\/#organization","name":"V\u00e4lkommen till Hbgcity!","url":"https:\/\/hbgcity.se\/da\/","logo":{"@type":"ImageObject","inLanguage":"da-DK","@id":"https:\/\/hbgcity.se\/da\/#\/schema\/logo\/image\/","url":"https:\/\/hbgcity.se\/wp-content\/uploads\/2023\/02\/HBG-CITY-Huvudlogotyp.svg","contentUrl":"https:\/\/hbgcity.se\/wp-content\/uploads\/2023\/02\/HBG-CITY-Huvudlogotyp.svg","caption":"V\u00e4lkommen till Hbgcity!"},"image":{"@id":"https:\/\/hbgcity.se\/da\/#\/schema\/logo\/image\/"},"sameAs":["https:\/\/www.facebook.com\/helsingborgcity","https:\/\/www.instagram.com\/hbgcity\/","https:\/\/www.linkedin.com\/company\/helsingborg-city"]}]}},"_links":{"self":[{"href":"https:\/\/hbgcity.se\/da\/wp-json\/wp\/v2\/pages\/34753","targetHints":{"allow":["GET"]}}],"collection":[{"href":"https:\/\/hbgcity.se\/da\/wp-json\/wp\/v2\/pages"}],"about":[{"href":"https:\/\/hbgcity.se\/da\/wp-json\/wp\/v2\/types\/page"}],"author":[{"embeddable":true,"href":"https:\/\/hbgcity.se\/da\/wp-json\/wp\/v2\/users\/9"}],"replies":[{"embeddable":true,"href":"https:\/\/hbgcity.se\/da\/wp-json\/wp\/v2\/comments?post=34753"}],"version-history":[{"count":1,"href":"https:\/\/hbgcity.se\/da\/wp-json\/wp\/v2\/pages\/34753\/revisions"}],"predecessor-version":[{"id":34754,"href":"https:\/\/hbgcity.se\/da\/wp-json\/wp\/v2\/pages\/34753\/revisions\/34754"}],"up":[{"embeddable":true,"href":"https:\/\/hbgcity.se\/da\/wp-json\/wp\/v2\/pages\/22705"}],"wp:featuredmedia":[{"embeddable":true,"href":"https:\/\/hbgcity.se\/da\/wp-json\/wp\/v2\/media\/34703"}],"wp:attachment":[{"href":"https:\/\/hbgcity.se\/da\/wp-json\/wp\/v2\/media?parent=34753"}],"curies":[{"name":"wp","href":"https:\/\/api.w.org\/{rel}","templated":true}]}}