{"id":37419,"date":"2026-04-09T14:29:01","date_gmt":"2026-04-09T12:29:01","guid":{"rendered":"https:\/\/hbgcity.se\/strategi-helsingborgs-stadskarna\/"},"modified":"2026-04-15T16:33:59","modified_gmt":"2026-04-15T14:33:59","slug":"strategi","status":"publish","type":"page","link":"https:\/\/hbgcity.se\/da\/strategi\/","title":{"rendered":"Strategi"},"content":{"rendered":"\t\t<div data-elementor-type=\"wp-page\" data-elementor-id=\"37419\" class=\"elementor elementor-37419 elementor-37388\" data-elementor-post-type=\"page\">\n\t\t\t\t\t\t<section class=\"elementor-section elementor-top-section elementor-element elementor-element-b0d9dc6 elementor-section-height-min-height elementor-section-boxed elementor-section-height-default elementor-section-items-middle\" data-id=\"b0d9dc6\" data-element_type=\"section\" data-e-type=\"section\" data-settings=\"{&quot;background_background&quot;:&quot;classic&quot;}\">\n\t\t\t\t\t\t<div class=\"elementor-container elementor-column-gap-default\">\n\t\t\t\t\t<div class=\"elementor-column elementor-col-100 elementor-top-column elementor-element elementor-element-40706e6\" data-id=\"40706e6\" data-element_type=\"column\" data-e-type=\"column\">\n\t\t\t<div class=\"elementor-widget-wrap\">\n\t\t\t\t\t\t\t<\/div>\n\t\t<\/div>\n\t\t\t\t\t<\/div>\n\t\t<\/section>\n\t\t\t\t<section class=\"elementor-section elementor-top-section elementor-element elementor-element-ed3f2b6 elementor-section-boxed elementor-section-height-default elementor-section-height-default\" data-id=\"ed3f2b6\" data-element_type=\"section\" data-e-type=\"section\">\n\t\t\t\t\t\t<div class=\"elementor-container elementor-column-gap-default\">\n\t\t\t\t\t<div class=\"elementor-column elementor-col-100 elementor-top-column elementor-element elementor-element-cf678de\" data-id=\"cf678de\" data-element_type=\"column\" data-e-type=\"column\">\n\t\t\t<div class=\"elementor-widget-wrap elementor-element-populated\">\n\t\t\t\t\t\t<div class=\"elementor-element elementor-element-9b38243 elementor-widget elementor-widget-heading\" data-id=\"9b38243\" data-element_type=\"widget\" data-e-type=\"widget\" data-widget_type=\"heading.default\">\n\t\t\t\t<div class=\"elementor-widget-container\">\n\t\t\t\t\t<h1 class=\"elementor-heading-title elementor-size-default\">Ny strategi for Helsingborgs bymidte<\/h1>\t\t\t\t<\/div>\n\t\t\t\t<\/div>\n\t\t\t\t<div class=\"elementor-element elementor-element-ab46254 elementor-widget elementor-widget-text-editor\" data-id=\"ab46254\" data-element_type=\"widget\" data-e-type=\"widget\" data-widget_type=\"text-editor.default\">\n\t\t\t\t<div class=\"elementor-widget-container\">\n\t\t\t\t\t\t\t\t\t<p style=\"text-align: center;\"><span data-teams=\"true\">Helsingborg Citysamverkan AB har f\u00e5et til opgave at udarbejde en opdateret strategi for bymidten med en tilh\u00f8rende handlingsplan i 2026. Nedenfor er et udbud af procesledelse og strategiudvikling. Deadline for tilbud 22. april 2026. <\/span><\/p>\t\t\t\t\t\t\t\t<\/div>\n\t\t\t\t<\/div>\n\t\t\t\t\t<\/div>\n\t\t<\/div>\n\t\t\t\t\t<\/div>\n\t\t<\/section>\n\t\t\t\t<section class=\"elementor-section elementor-top-section elementor-element elementor-element-3ad1a47 elementor-section-boxed elementor-section-height-default elementor-section-height-default\" data-id=\"3ad1a47\" data-element_type=\"section\" data-e-type=\"section\">\n\t\t\t\t\t\t<div class=\"elementor-container elementor-column-gap-default\">\n\t\t\t\t\t<div class=\"elementor-column elementor-col-100 elementor-top-column elementor-element elementor-element-540b637\" data-id=\"540b637\" data-element_type=\"column\" data-e-type=\"column\">\n\t\t\t<div class=\"elementor-widget-wrap elementor-element-populated\">\n\t\t\t\t\t\t<div class=\"elementor-element elementor-element-8edfaa6 elementor-widget elementor-widget-heading\" data-id=\"8edfaa6\" data-element_type=\"widget\" data-e-type=\"widget\" data-widget_type=\"heading.default\">\n\t\t\t\t<div class=\"elementor-widget-container\">\n\t\t\t\t\t<h2 class=\"elementor-heading-title elementor-size-default\">Anmodning om udbud<\/h2>\t\t\t\t<\/div>\n\t\t\t\t<\/div>\n\t\t\t\t<div class=\"elementor-element elementor-element-1b0d5ed elementor-widget elementor-widget-text-editor\" data-id=\"1b0d5ed\" data-element_type=\"widget\" data-e-type=\"widget\" data-widget_type=\"text-editor.default\">\n\t\t\t\t<div class=\"elementor-widget-container\">\n\t\t\t\t\t\t\t\t\t<p><strong>Strategi for Helsingborgs centrum (2026-2035)<\/strong><br>Bygherre: Helsingborg Citysamverkan AB (HBG City)<\/p><p><strong>1. Behov<\/strong><br>HBG City har brug for projekt- og procesledelse i udviklingen af en opdateret strategi for Helsingborgs bymidte. Processen skal v\u00e6re innovationsdrevet og skabe konsensus i udviklingen af bymidten mellem selskabets ejergrupper (Helsingborgs stad, Fastighets\u00e4garna City og Cityf\u00f6reningen). <\/p><p>Projektlederen\/projektlederne forventes at have ekspertise inden for byudvikling og lang erfaring med procesledelse i private og offentlige partnerskaber. Projektlederen\/projektlederne er ansvarlig for at udvikle indholdet og gennemf\u00f8re alle dele af processen i samr\u00e5d med opdragsgiveren. Eventuelle eksterne indk\u00f8b af f.eks. statistik, markedsunders\u00f8gelser, konferencelokaler og lignende betales af HBG City.   <\/p><p>Opgaven omfatter udvikling af en strategi, der kombinerer innovation, tv\u00e6rfaglighed og tiltag, hvor virksomhedens ejergrupper kan arbejde sammen om at styrke stedets tiltr\u00e6kningskraft. Handlingsplanen skal indeholde klare m\u00e5l, der har effekt p\u00e5 kort, mellemlang og lang sigt. Arbejdet skal v\u00e6re pr\u00e6get af innovation og indeholde l\u00f8sninger, som ikke er afpr\u00f8vet i Helsingborg f\u00f8r.<br>1) Udvikling af en strategi for at styrke og forny bymidtens tiltr\u00e6kningskraft, str\u00f8mme og virksomheder.<br>2) Tilh\u00f8rende handlingsplan.  <\/p><p><strong>2. Baggrund<\/strong><br>Helsingborgs bymidte er p\u00e5virket af langsigtede tendenser: v\u00e6kst i e-handel, skift til oplevelser og tjenester og reducerede bes\u00f8gsstr\u00f8mme efter pandemien. WSP har udarbejdet en konsekvensanalyse i forbindelse med udviklingen af V\u00e4la Shoppingcenter, som viser, at bymidtens handel med varige forbrugsgoder risikerer at miste oms\u00e6tning uanset udvidelsen af den eksterne handel. De st\u00f8rste trusler er strukturelle adf\u00e6rds\u00e6ndringer og vanskeligheder med at skabe rationelle arealer p\u00e5 de rigtige steder. Samtidig viser analysen, at der er et voksende potentiale i oplevelser og caf\u00e9er\/restauranter, og at bymidten har st\u00f8rre social betydning end eksterne handelssteder. HUI har p\u00e5 vegne af byen udarbejdet en second opinion p\u00e5 WSP&#8217;s unders\u00f8gelse, som bl.a. peger p\u00e5 behovet for en handlingsplan for bymidten.    <\/p><p>HBG City blev dannet i 2010 for at arbejde sammen - erhvervslivet, ejendomsejere og byen - om at styrke bymidtens tiltr\u00e6kningskraft. I 2024 udviklede HBG City en overordnet strategi for fremtidens bymidte, som vil danne grundlag for udviklingen af den nye strategi. <\/p><p><strong>3. Omfang<\/strong> <br>Konsulenten skal levere en sammenh\u00e6ngende strategi og en prioriteret handlingsplan, herunder:<br>A) Analyse af den aktuelle situation.<br>B) Overordnet vision og strategi for bymidten. <br>C) Handlingsplan med kort (1 \u00e5r), mellemlang (1-3 \u00e5r) og lang (3 \u00e5r og fremefter) sigt, m\u00e5l og forventede effekter.<br>D) Finansieringsmodel.<br>E) Effektm\u00e5ling: KPI-ramme.<\/p><p>Strategien vil bygge videre p\u00e5 eksisterende analyser, strategier og handlingsplaner og bringe nye perspektiver p\u00e5 l\u00f8sninger til udvikling af bymidten.<\/p><p><strong>4. Interessent- og forankringsproces<\/strong><br>Styregruppe: HBG City Board.<br>Lokal viden: HBG City-arbejdsgruppe og digital indsamling fra HBG City-netv\u00e6rk.<\/p><p><strong>5. Tidsplan<\/strong><br>Tidsplan udvikles i samarbejde med kunden ved opstart. \u00d8nsket endelig levering senest i oktober 2026. <\/p><p><strong>6. Leverancer<\/strong><br>- Strategidokument (ppt\/pdf, maks. 40 sider + bilag).<br>- Prioriteret handlingsplan (budget, timing, ansvar, risici, effekt, KPI).<br>- Partner- og finansieringsplan (inkl. potentiel st\u00f8tte).<br>- Dataanl\u00e6g (kilder, antagelser, m\u00e5leplan).<br>- Implementeringsplan (90-dages plan).<\/p><p><strong>7. Krav til leverand\u00f8ren<\/strong><br>- Dokumenteret erfaring med lignende opgaver inden for de sidste 3-5 \u00e5r.<br>- Referenceopgaver, der er relevante for opgaven.<br>- Akademisk tilknytning: navngiven forskningspartner.<br>- Underr\u00e5dgivere\/r\u00e5d: navngiv kompetencer og roller; vis, hvordan tv\u00e6rfaglige tilgange integreres for at bringe nye perspektiver p\u00e5 bymidteudvikling.<br>- M\u00e5lbarhed: metode til KPI, analyse af den aktuelle situation og konsekvensanalyse.<\/p><p><strong>8. Udbudsformat<\/strong><br>- Metode og tilgang (maks. 5 sider).<br>- Team og tilknytning til den akademiske verden (CV, roller, tidsplan).<br>- Referenceopgaver (mindst to).<br>- Tids- og aktivitetsplan.<br>- Pris.<\/p><p><strong>9. Evalueringsmodel<\/strong><br>Udbuddet gennemf\u00f8res i form af en forenklet procedure.<\/p><p>Tilbuddene udv\u00e6lges p\u00e5 baggrund af en samlet vurdering af pris, kompetence og erfaring samt forslag til metode og tilgang i forhold til de retningslinjer, der er angivet i udbuddet.<\/p><p>Derefter udv\u00e6lges 2-3 tilbudsgivere til en pr\u00e6sentation for HBG Citys bestyrelse den 29. april om eftermiddagen. Her f\u00e5r tilbudsgiveren mulighed for at vise, hvordan de vil gribe opgaven an, hvilke perspektiver de ser som vigtige i opgaven, eksempler fra andre gennemf\u00f8rte projekter og et eksempel p\u00e5 noget, de vil fremh\u00e6ve i strategien. <\/p><p><strong>10. Andre oplysninger<\/strong><br>Fakturering sker regelm\u00e6ssigt i henhold til aftale.<\/p><p>Der vil blive underskrevet fortrolighedsaftaler med alle parter\/underr\u00e5dgivere.<\/p><p>Deadline for tilbud 22. april.<\/p><p><strong>11. Sp\u00f8rgsm\u00e5l og kontakt<\/strong><br>Sp\u00f8rgsm\u00e5l og tilbud skal sendes til Hanna Candell, CEO for HBG City.<br>E-mail: <a href=\"mailto:anbud@hbgcity.se\" target=\"_blank\" rel=\"noopener\">anbud@hbgcity.se<\/a><br>Telefon: 0768-361280<\/p>\t\t\t\t\t\t\t\t<\/div>\n\t\t\t\t<\/div>\n\t\t\t\t\t<\/div>\n\t\t<\/div>\n\t\t\t\t\t<\/div>\n\t\t<\/section>\n\t\t\t\t<section class=\"elementor-section elementor-top-section elementor-element elementor-element-076e05f elementor-section-boxed elementor-section-height-default elementor-section-height-default\" data-id=\"076e05f\" data-element_type=\"section\" data-e-type=\"section\">\n\t\t\t\t\t\t<div class=\"elementor-container elementor-column-gap-default\">\n\t\t\t\t\t<div class=\"elementor-column elementor-col-100 elementor-top-column elementor-element elementor-element-56223f9\" data-id=\"56223f9\" data-element_type=\"column\" data-e-type=\"column\">\n\t\t\t<div class=\"elementor-widget-wrap elementor-element-populated\">\n\t\t\t\t\t\t<div class=\"elementor-element elementor-element-26797fc elementor-widget elementor-widget-heading\" data-id=\"26797fc\" data-element_type=\"widget\" data-e-type=\"widget\" data-widget_type=\"heading.default\">\n\t\t\t\t<div class=\"elementor-widget-container\">\n\t\t\t\t\t<h2 class=\"elementor-heading-title elementor-size-default\">Dokumenter og links<\/h2>\t\t\t\t<\/div>\n\t\t\t\t<\/div>\n\t\t\t\t<div class=\"elementor-element elementor-element-9ae7dc6 elementor-widget elementor-widget-text-editor\" data-id=\"9ae7dc6\" data-element_type=\"widget\" data-e-type=\"widget\" data-widget_type=\"text-editor.default\">\n\t\t\t\t<div class=\"elementor-widget-container\">\n\t\t\t\t\t\t\t\t\t<ul><li><a href=\"https:\/\/hbgcity.se\/wp-content\/uploads\/2026\/04\/Upphandlingsunderlag-Strategi-Helsingborgs-stadskarna.pdf\" target=\"_blank\" rel=\"noopener\">Strategi for indk\u00f8bsgrundlag Helsingborg centrum<\/a><\/li><li><a href=\"https:\/\/hbgcity.se\/wp-content\/uploads\/2026\/04\/Konsekvensutredning_WSP.pdf\" target=\"_blank\" rel=\"noopener\">WSP&#8217;s konsekvensanalyse<\/a><\/li><li><a href=\"https:\/\/hbgcity.se\/wp-content\/uploads\/2026\/04\/Second-opinion-HUI-1.pdf\" target=\"_blank\" rel=\"noopener\">HUI second opinion<\/a><\/li><li><a href=\"https:\/\/hbgcity.se\/wp-content\/uploads\/2026\/04\/Strategi-Framtidens-stadskarna-2030.pdf\" target=\"_blank\" rel=\"noopener\">Strategi for fremtidens bymidte<\/a><\/li><li><a href=\"https:\/\/hbgcity.se\/wp-content\/uploads\/2026\/04\/KeyCityGroup_Rapport_2025_Digital_version_Final_250613.pdf\" target=\"_blank\" rel=\"noopener\">Bycentre i bev\u00e6gelse<\/a><\/li><li><a href=\"https:\/\/hbgcity.se\/wp-content\/uploads\/2026\/04\/HBG-Citys-Arsberattelse-2025-digital.pdf\" target=\"_blank\" rel=\"noopener\">\u00c5rsberetning<\/a><\/li><li>Stedsidentiteter<ul><li><a href=\"https:\/\/hbgcity.se\/wp-content\/uploads\/2026\/04\/Platsidentitet-Kullagatan.pdf\" target=\"_blank\" rel=\"noopener\">Kullagatan<\/a><\/li><li><a href=\"https:\/\/hbgcity.se\/wp-content\/uploads\/2026\/04\/Platsidentitet-Bruksgatan.pdf\" target=\"_blank\" rel=\"noopener\">Mill Street<\/a><\/li><li><a href=\"https:\/\/hbgcity.se\/wp-content\/uploads\/2026\/04\/Platsidentitet-Master-Palms-plats.pdf\" target=\"_blank\" rel=\"noopener\">M\u00e4ster Palms plats<\/a><\/li><li><a href=\"https:\/\/hbgcity.se\/wp-content\/uploads\/2026\/04\/Platsidentitet-Gustav-Adolfs-torg.pdf\" target=\"_blank\" rel=\"noopener\">Gustav Adolfs torg<\/a><\/li><li><a href=\"https:\/\/hbgcity.se\/wp-content\/uploads\/2026\/04\/Platsidentitet-Maria-torg.pdf\" target=\"_blank\" rel=\"noopener\">Maria torg<\/a><\/li><\/ul><\/li><\/ul>\t\t\t\t\t\t\t\t<\/div>\n\t\t\t\t<\/div>\n\t\t\t\t\t<\/div>\n\t\t<\/div>\n\t\t\t\t\t<\/div>\n\t\t<\/section>\n\t\t\t\t<\/div>\n\t\t","protected":false},"excerpt":{"rendered":"<p>Ny strategi for Helsingborgs bymidte Helsingborg Citysamverkan AB har f\u00e5et til opgave at udarbejde en opdateret strategi for bymidten med en tilh\u00f8rende handlingsplan i 2026. Nedenfor er et udbud af procesledelse og strategiudvikling. Deadline for tilbud 22. april 2026. Anmodning om udbud Strategi for Helsingborgs centrum (2026-2035)Bygherre: Helsingborg Citysamverkan AB (HBG City) 1. BehovHBG City [&hellip;]<\/p>\n","protected":false},"author":9,"featured_media":22302,"parent":0,"menu_order":0,"comment_status":"closed","ping_status":"closed","template":"","meta":{"_acf_changed":false,"site-sidebar-layout":"no-sidebar","site-content-layout":"page-builder","ast-site-content-layout":"full-width-container","site-content-style":"unboxed","site-sidebar-style":"unboxed","ast-global-header-display":"","ast-banner-title-visibility":"","ast-main-header-display":"","ast-hfb-above-header-display":"","ast-hfb-below-header-display":"","ast-hfb-mobile-header-display":"","site-post-title":"disabled","ast-breadcrumbs-content":"","ast-featured-img":"disabled","footer-sml-layout":"","ast-disable-related-posts":"","theme-transparent-header-meta":"default","adv-header-id-meta":"","stick-header-meta":"default","header-above-stick-meta":"","header-main-stick-meta":"","header-below-stick-meta":"","astra-migrate-meta-layouts":"set","ast-page-background-enabled":"default","ast-page-background-meta":{"desktop":{"background-color":"","background-image":"","background-repeat":"repeat","background-position":"center center","background-size":"auto","background-attachment":"scroll","background-type":"","background-media":"","overlay-type":"","overlay-color":"","overlay-opacity":"","overlay-gradient":""},"tablet":{"background-color":"","background-image":"","background-repeat":"repeat","background-position":"center center","background-size":"auto","background-attachment":"scroll","background-type":"","background-media":"","overlay-type":"","overlay-color":"","overlay-opacity":"","overlay-gradient":""},"mobile":{"background-color":"","background-image":"","background-repeat":"repeat","background-position":"center center","background-size":"auto","background-attachment":"scroll","background-type":"","background-media":"","overlay-type":"","overlay-color":"","overlay-opacity":"","overlay-gradient":""}},"ast-content-background-meta":{"desktop":{"background-color":"var(--ast-global-color-5)","background-image":"","background-repeat":"repeat","background-position":"center center","background-size":"auto","background-attachment":"scroll","background-type":"","background-media":"","overlay-type":"","overlay-color":"","overlay-opacity":"","overlay-gradient":""},"tablet":{"background-color":"var(--ast-global-color-5)","background-image":"","background-repeat":"repeat","background-position":"center center","background-size":"auto","background-attachment":"scroll","background-type":"","background-media":"","overlay-type":"","overlay-color":"","overlay-opacity":"","overlay-gradient":""},"mobile":{"background-color":"var(--ast-global-color-5)","background-image":"","background-repeat":"repeat","background-position":"center center","background-size":"auto","background-attachment":"scroll","background-type":"","background-media":"","overlay-type":"","overlay-color":"","overlay-opacity":"","overlay-gradient":""}},"footnotes":""},"class_list":["post-37419","page","type-page","status-publish","has-post-thumbnail","hentry"],"acf":[],"yoast_head":"<!-- This site is optimized with the Yoast SEO plugin v27.4 - https:\/\/yoast.com\/product\/yoast-seo-wordpress\/ -->\n<title>Strategi %sep%% Helsingborg centrum<\/title>\n<meta name=\"description\" content=\"Helsingborg Citysamverkan AB har f\u00e5et til opgave at udarbejde en opdateret strategi for bymidten med en tilh\u00f8rende handlingsplan i 2026.\" \/>\n<meta name=\"robots\" content=\"index, follow, max-snippet:-1, max-image-preview:large, max-video-preview:-1\" \/>\n<link rel=\"canonical\" href=\"https:\/\/hbgcity.se\/da\/strategi\/\" \/>\n<meta property=\"og:locale\" content=\"da_DK\" \/>\n<meta property=\"og:type\" content=\"article\" \/>\n<meta property=\"og:title\" content=\"Strategi %sep%% Helsingborg centrum\" \/>\n<meta property=\"og:description\" content=\"Helsingborg Citysamverkan AB har f\u00e5et til opgave at udarbejde en opdateret strategi for bymidten med en tilh\u00f8rende handlingsplan i 2026.\" \/>\n<meta property=\"og:url\" content=\"https:\/\/hbgcity.se\/da\/strategi\/\" \/>\n<meta property=\"og:site_name\" content=\"V\u00e4lkommen till Helsingborg city!\" \/>\n<meta property=\"article:publisher\" content=\"https:\/\/www.facebook.com\/helsingborgcity\" \/>\n<meta property=\"article:modified_time\" content=\"2026-04-15T14:33:59+00:00\" \/>\n<meta property=\"og:image\" content=\"https:\/\/hbgcity.se\/wp-content\/uploads\/2025\/02\/Helsingbrog-HBg-City-3.png\" \/>\n\t<meta property=\"og:image:width\" content=\"1400\" \/>\n\t<meta property=\"og:image:height\" content=\"788\" \/>\n\t<meta property=\"og:image:type\" content=\"image\/png\" \/>\n<meta name=\"twitter:card\" content=\"summary_large_image\" \/>\n<meta name=\"twitter:label1\" content=\"Estimeret l\u00e6setid\" \/>\n\t<meta name=\"twitter:data1\" content=\"4 minutter\" \/>\n<script type=\"application\/ld+json\" class=\"yoast-schema-graph\">{\"@context\":\"https:\\\/\\\/schema.org\",\"@graph\":[{\"@type\":\"WebPage\",\"@id\":\"https:\\\/\\\/hbgcity.se\\\/da\\\/strategi\\\/\",\"url\":\"https:\\\/\\\/hbgcity.se\\\/da\\\/strategi\\\/\",\"name\":\"Strategi %sep%% Helsingborg centrum\",\"isPartOf\":{\"@id\":\"https:\\\/\\\/hbgcity.se\\\/da\\\/#website\"},\"primaryImageOfPage\":{\"@id\":\"https:\\\/\\\/hbgcity.se\\\/da\\\/strategi\\\/#primaryimage\"},\"image\":{\"@id\":\"https:\\\/\\\/hbgcity.se\\\/da\\\/strategi\\\/#primaryimage\"},\"thumbnailUrl\":\"https:\\\/\\\/hbgcity.se\\\/wp-content\\\/uploads\\\/2025\\\/02\\\/Helsingbrog-HBg-City-3.png\",\"datePublished\":\"2026-04-09T12:29:01+00:00\",\"dateModified\":\"2026-04-15T14:33:59+00:00\",\"description\":\"Helsingborg Citysamverkan AB har f\u00e5et til opgave at udarbejde en opdateret strategi for bymidten med en tilh\u00f8rende handlingsplan i 2026.\",\"breadcrumb\":{\"@id\":\"https:\\\/\\\/hbgcity.se\\\/da\\\/strategi\\\/#breadcrumb\"},\"inLanguage\":\"da-DK\",\"potentialAction\":[{\"@type\":\"ReadAction\",\"target\":[\"https:\\\/\\\/hbgcity.se\\\/da\\\/strategi\\\/\"]}]},{\"@type\":\"ImageObject\",\"inLanguage\":\"da-DK\",\"@id\":\"https:\\\/\\\/hbgcity.se\\\/da\\\/strategi\\\/#primaryimage\",\"url\":\"https:\\\/\\\/hbgcity.se\\\/wp-content\\\/uploads\\\/2025\\\/02\\\/Helsingbrog-HBg-City-3.png\",\"contentUrl\":\"https:\\\/\\\/hbgcity.se\\\/wp-content\\\/uploads\\\/2025\\\/02\\\/Helsingbrog-HBg-City-3.png\",\"width\":1400,\"height\":788},{\"@type\":\"BreadcrumbList\",\"@id\":\"https:\\\/\\\/hbgcity.se\\\/da\\\/strategi\\\/#breadcrumb\",\"itemListElement\":[{\"@type\":\"ListItem\",\"position\":1,\"name\":\"Home\",\"item\":\"https:\\\/\\\/hbgcity.se\\\/da\\\/home-2\\\/\"},{\"@type\":\"ListItem\",\"position\":2,\"name\":\"Strategi\"}]},{\"@type\":\"WebSite\",\"@id\":\"https:\\\/\\\/hbgcity.se\\\/da\\\/#website\",\"url\":\"https:\\\/\\\/hbgcity.se\\\/da\\\/\",\"name\":\"V\u00e4lkommen till HBG City!\",\"description\":\"I Helsingborg finns n\u00e5got f\u00f6r alla!\",\"publisher\":{\"@id\":\"https:\\\/\\\/hbgcity.se\\\/da\\\/#organization\"},\"potentialAction\":[{\"@type\":\"SearchAction\",\"target\":{\"@type\":\"EntryPoint\",\"urlTemplate\":\"https:\\\/\\\/hbgcity.se\\\/da\\\/?s={search_term_string}\"},\"query-input\":{\"@type\":\"PropertyValueSpecification\",\"valueRequired\":true,\"valueName\":\"search_term_string\"}}],\"inLanguage\":\"da-DK\"},{\"@type\":\"Organization\",\"@id\":\"https:\\\/\\\/hbgcity.se\\\/da\\\/#organization\",\"name\":\"V\u00e4lkommen till Hbgcity!\",\"url\":\"https:\\\/\\\/hbgcity.se\\\/da\\\/\",\"logo\":{\"@type\":\"ImageObject\",\"inLanguage\":\"da-DK\",\"@id\":\"https:\\\/\\\/hbgcity.se\\\/da\\\/#\\\/schema\\\/logo\\\/image\\\/\",\"url\":\"https:\\\/\\\/hbgcity.se\\\/wp-content\\\/uploads\\\/2023\\\/02\\\/HBG-CITY-Huvudlogotyp.svg\",\"contentUrl\":\"https:\\\/\\\/hbgcity.se\\\/wp-content\\\/uploads\\\/2023\\\/02\\\/HBG-CITY-Huvudlogotyp.svg\",\"caption\":\"V\u00e4lkommen till Hbgcity!\"},\"image\":{\"@id\":\"https:\\\/\\\/hbgcity.se\\\/da\\\/#\\\/schema\\\/logo\\\/image\\\/\"},\"sameAs\":[\"https:\\\/\\\/www.facebook.com\\\/helsingborgcity\",\"https:\\\/\\\/www.instagram.com\\\/hbgcity\\\/\",\"https:\\\/\\\/www.linkedin.com\\\/company\\\/helsingborg-city\"]}]}<\/script>\n<!-- \/ Yoast SEO plugin. -->","yoast_head_json":{"title":"Strategi %sep%% Helsingborg centrum","description":"Helsingborg Citysamverkan AB har f\u00e5et til opgave at udarbejde en opdateret strategi for bymidten med en tilh\u00f8rende handlingsplan i 2026.","robots":{"index":"index","follow":"follow","max-snippet":"max-snippet:-1","max-image-preview":"max-image-preview:large","max-video-preview":"max-video-preview:-1"},"canonical":"https:\/\/hbgcity.se\/da\/strategi\/","og_locale":"da_DK","og_type":"article","og_title":"Strategi %sep%% Helsingborg centrum","og_description":"Helsingborg Citysamverkan AB har f\u00e5et til opgave at udarbejde en opdateret strategi for bymidten med en tilh\u00f8rende handlingsplan i 2026.","og_url":"https:\/\/hbgcity.se\/da\/strategi\/","og_site_name":"V\u00e4lkommen till Helsingborg city!","article_publisher":"https:\/\/www.facebook.com\/helsingborgcity","article_modified_time":"2026-04-15T14:33:59+00:00","og_image":[{"width":1400,"height":788,"url":"https:\/\/hbgcity.se\/wp-content\/uploads\/2025\/02\/Helsingbrog-HBg-City-3.png","type":"image\/png"}],"twitter_card":"summary_large_image","twitter_misc":{"Estimeret l\u00e6setid":"4 minutter"},"schema":{"@context":"https:\/\/schema.org","@graph":[{"@type":"WebPage","@id":"https:\/\/hbgcity.se\/da\/strategi\/","url":"https:\/\/hbgcity.se\/da\/strategi\/","name":"Strategi %sep%% Helsingborg centrum","isPartOf":{"@id":"https:\/\/hbgcity.se\/da\/#website"},"primaryImageOfPage":{"@id":"https:\/\/hbgcity.se\/da\/strategi\/#primaryimage"},"image":{"@id":"https:\/\/hbgcity.se\/da\/strategi\/#primaryimage"},"thumbnailUrl":"https:\/\/hbgcity.se\/wp-content\/uploads\/2025\/02\/Helsingbrog-HBg-City-3.png","datePublished":"2026-04-09T12:29:01+00:00","dateModified":"2026-04-15T14:33:59+00:00","description":"Helsingborg Citysamverkan AB har f\u00e5et til opgave at udarbejde en opdateret strategi for bymidten med en tilh\u00f8rende handlingsplan i 2026.","breadcrumb":{"@id":"https:\/\/hbgcity.se\/da\/strategi\/#breadcrumb"},"inLanguage":"da-DK","potentialAction":[{"@type":"ReadAction","target":["https:\/\/hbgcity.se\/da\/strategi\/"]}]},{"@type":"ImageObject","inLanguage":"da-DK","@id":"https:\/\/hbgcity.se\/da\/strategi\/#primaryimage","url":"https:\/\/hbgcity.se\/wp-content\/uploads\/2025\/02\/Helsingbrog-HBg-City-3.png","contentUrl":"https:\/\/hbgcity.se\/wp-content\/uploads\/2025\/02\/Helsingbrog-HBg-City-3.png","width":1400,"height":788},{"@type":"BreadcrumbList","@id":"https:\/\/hbgcity.se\/da\/strategi\/#breadcrumb","itemListElement":[{"@type":"ListItem","position":1,"name":"Home","item":"https:\/\/hbgcity.se\/da\/home-2\/"},{"@type":"ListItem","position":2,"name":"Strategi"}]},{"@type":"WebSite","@id":"https:\/\/hbgcity.se\/da\/#website","url":"https:\/\/hbgcity.se\/da\/","name":"V\u00e4lkommen till HBG City!","description":"I Helsingborg finns n\u00e5got f\u00f6r alla!","publisher":{"@id":"https:\/\/hbgcity.se\/da\/#organization"},"potentialAction":[{"@type":"SearchAction","target":{"@type":"EntryPoint","urlTemplate":"https:\/\/hbgcity.se\/da\/?s={search_term_string}"},"query-input":{"@type":"PropertyValueSpecification","valueRequired":true,"valueName":"search_term_string"}}],"inLanguage":"da-DK"},{"@type":"Organization","@id":"https:\/\/hbgcity.se\/da\/#organization","name":"V\u00e4lkommen till Hbgcity!","url":"https:\/\/hbgcity.se\/da\/","logo":{"@type":"ImageObject","inLanguage":"da-DK","@id":"https:\/\/hbgcity.se\/da\/#\/schema\/logo\/image\/","url":"https:\/\/hbgcity.se\/wp-content\/uploads\/2023\/02\/HBG-CITY-Huvudlogotyp.svg","contentUrl":"https:\/\/hbgcity.se\/wp-content\/uploads\/2023\/02\/HBG-CITY-Huvudlogotyp.svg","caption":"V\u00e4lkommen till Hbgcity!"},"image":{"@id":"https:\/\/hbgcity.se\/da\/#\/schema\/logo\/image\/"},"sameAs":["https:\/\/www.facebook.com\/helsingborgcity","https:\/\/www.instagram.com\/hbgcity\/","https:\/\/www.linkedin.com\/company\/helsingborg-city"]}]}},"_links":{"self":[{"href":"https:\/\/hbgcity.se\/da\/wp-json\/wp\/v2\/pages\/37419","targetHints":{"allow":["GET"]}}],"collection":[{"href":"https:\/\/hbgcity.se\/da\/wp-json\/wp\/v2\/pages"}],"about":[{"href":"https:\/\/hbgcity.se\/da\/wp-json\/wp\/v2\/types\/page"}],"author":[{"embeddable":true,"href":"https:\/\/hbgcity.se\/da\/wp-json\/wp\/v2\/users\/9"}],"replies":[{"embeddable":true,"href":"https:\/\/hbgcity.se\/da\/wp-json\/wp\/v2\/comments?post=37419"}],"version-history":[{"count":15,"href":"https:\/\/hbgcity.se\/da\/wp-json\/wp\/v2\/pages\/37419\/revisions"}],"predecessor-version":[{"id":37544,"href":"https:\/\/hbgcity.se\/da\/wp-json\/wp\/v2\/pages\/37419\/revisions\/37544"}],"wp:featuredmedia":[{"embeddable":true,"href":"https:\/\/hbgcity.se\/da\/wp-json\/wp\/v2\/media\/22302"}],"wp:attachment":[{"href":"https:\/\/hbgcity.se\/da\/wp-json\/wp\/v2\/media?parent=37419"}],"curies":[{"name":"wp","href":"https:\/\/api.w.org\/{rel}","templated":true}]}}