{"id":22593,"date":"2023-11-21T11:50:42","date_gmt":"2023-11-21T10:50:42","guid":{"rendered":"https:\/\/hbgcity.se\/the-christmas-train\/"},"modified":"2025-12-02T16:41:33","modified_gmt":"2025-12-02T15:41:33","slug":"jultaget","status":"publish","type":"page","link":"https:\/\/hbgcity.se\/en\/jultaget\/","title":{"rendered":"The Christmas train"},"content":{"rendered":"\t\t<div data-elementor-type=\"wp-page\" data-elementor-id=\"22593\" class=\"elementor elementor-22593\" data-elementor-post-type=\"page\">\n\t\t\t\t\t\t<section class=\"elementor-section elementor-top-section elementor-element elementor-element-759a28de elementor-section-height-min-height elementor-section-boxed elementor-section-height-default elementor-section-items-middle\" data-id=\"759a28de\" data-element_type=\"section\" data-e-type=\"section\" data-settings=\"{&quot;background_background&quot;:&quot;classic&quot;}\">\n\t\t\t\t\t\t<div class=\"elementor-container elementor-column-gap-default\">\n\t\t\t\t\t<div class=\"elementor-column elementor-col-100 elementor-top-column elementor-element elementor-element-5925878d\" data-id=\"5925878d\" data-element_type=\"column\" data-e-type=\"column\">\n\t\t\t<div class=\"elementor-widget-wrap\">\n\t\t\t\t\t\t\t<\/div>\n\t\t<\/div>\n\t\t\t\t\t<\/div>\n\t\t<\/section>\n\t\t\t\t<section class=\"elementor-section elementor-top-section elementor-element elementor-element-0c01406 elementor-section-boxed elementor-section-height-default elementor-section-height-default\" data-id=\"0c01406\" data-element_type=\"section\" data-e-type=\"section\">\n\t\t\t\t\t\t<div class=\"elementor-container elementor-column-gap-default\">\n\t\t\t\t\t<div class=\"elementor-column elementor-col-100 elementor-top-column elementor-element elementor-element-a0c5ea5\" data-id=\"a0c5ea5\" data-element_type=\"column\" data-e-type=\"column\">\n\t\t\t<div class=\"elementor-widget-wrap elementor-element-populated\">\n\t\t\t\t\t\t<div class=\"elementor-element elementor-element-5fca326 elementor-widget elementor-widget-heading\" data-id=\"5fca326\" data-element_type=\"widget\" data-e-type=\"widget\" data-widget_type=\"heading.default\">\n\t\t\t\t<div class=\"elementor-widget-container\">\n\t\t\t\t\t<h2 class=\"elementor-heading-title elementor-size-default\">The Christmas train<\/h2>\t\t\t\t<\/div>\n\t\t\t\t<\/div>\n\t\t\t\t<div class=\"elementor-element elementor-element-bed9110 elementor-widget elementor-widget-text-editor\" data-id=\"bed9110\" data-element_type=\"widget\" data-e-type=\"widget\" data-widget_type=\"text-editor.default\">\n\t\t\t\t<div class=\"elementor-widget-container\">\n\t\t\t\t\t\t\t\t\t<p>The little Christmas train chugs through the city from the North Pole to the South Pole. There is no cost to ride the Christmas train, just hop on. Take the opportunity to enjoy the beautiful winter lights on the little tour through the city center.<\/p>\t\t\t\t\t\t\t\t<\/div>\n\t\t\t\t<\/div>\n\t\t\t\t\t<\/div>\n\t\t<\/div>\n\t\t\t\t\t<\/div>\n\t\t<\/section>\n\t\t\t\t<section class=\"elementor-section elementor-top-section elementor-element elementor-element-d086fb2 elementor-section-boxed elementor-section-height-default elementor-section-height-default\" data-id=\"d086fb2\" data-element_type=\"section\" data-e-type=\"section\">\n\t\t\t\t\t\t<div class=\"elementor-container elementor-column-gap-default\">\n\t\t\t\t\t<div class=\"elementor-column elementor-col-100 elementor-top-column elementor-element elementor-element-36b6459\" data-id=\"36b6459\" data-element_type=\"column\" data-e-type=\"column\">\n\t\t\t<div class=\"elementor-widget-wrap elementor-element-populated\">\n\t\t\t\t\t\t<div class=\"elementor-element elementor-element-ce98047 elementor-widget elementor-widget-heading\" data-id=\"ce98047\" data-element_type=\"widget\" data-e-type=\"widget\" data-widget_type=\"heading.default\">\n\t\t\t\t<div class=\"elementor-widget-container\">\n\t\t\t\t\t<h2 class=\"elementor-heading-title elementor-size-default\">How it works<\/h2>\t\t\t\t<\/div>\n\t\t\t\t<\/div>\n\t\t\t\t<div class=\"elementor-element elementor-element-07860c6 elementor-widget elementor-widget-text-editor\" data-id=\"07860c6\" data-element_type=\"widget\" data-e-type=\"widget\" data-widget_type=\"text-editor.default\">\n\t\t\t\t<div class=\"elementor-widget-container\">\n\t\t\t\t\t\t\t\t\t<p>The train runs between two stops: Nordpolen (Sundstorget, at Dunkers kulturhus) and Sydpolen (M\u00e4ster Palms plats).<\/p><p>There is no cost to travel, just hop on. At peak times, it&#8217;s one-way, meaning that the train empties at the final station and everyone has to get off the train. Those who want to go back to the stop they left from will have to queue again. Please respect this so that everyone has the opportunity to ride the Christmas train.   <\/p>\t\t\t\t\t\t\t\t<\/div>\n\t\t\t\t<\/div>\n\t\t\t\t\t<\/div>\n\t\t<\/div>\n\t\t\t\t\t<\/div>\n\t\t<\/section>\n\t\t\t\t<section class=\"elementor-section elementor-top-section elementor-element elementor-element-4334832 elementor-section-boxed elementor-section-height-default elementor-section-height-default\" data-id=\"4334832\" data-element_type=\"section\" data-e-type=\"section\">\n\t\t\t\t\t\t<div class=\"elementor-container elementor-column-gap-default\">\n\t\t\t\t\t<div class=\"elementor-column elementor-col-50 elementor-top-column elementor-element elementor-element-c3b1641\" data-id=\"c3b1641\" data-element_type=\"column\" data-e-type=\"column\">\n\t\t\t<div class=\"elementor-widget-wrap elementor-element-populated\">\n\t\t\t\t\t\t<div class=\"elementor-element elementor-element-54e277a elementor-widget elementor-widget-heading\" data-id=\"54e277a\" data-element_type=\"widget\" data-e-type=\"widget\" data-widget_type=\"heading.default\">\n\t\t\t\t<div class=\"elementor-widget-container\">\n\t\t\t\t\t<h2 class=\"elementor-heading-title elementor-size-default\">Timetable<\/h2>\t\t\t\t<\/div>\n\t\t\t\t<\/div>\n\t\t\t\t<div class=\"elementor-element elementor-element-ec9b28f elementor-widget elementor-widget-text-editor\" data-id=\"ec9b28f\" data-element_type=\"widget\" data-e-type=\"widget\" data-widget_type=\"text-editor.default\">\n\t\t\t\t<div class=\"elementor-widget-container\">\n\t\t\t\t\t\t\t\t\t<p><strong>December 6-7<\/strong><br>Sundstorget &#8211; M\u00e4ster Palms plats<br>12.00-16.00<\/p><p><strong>December 13-14<\/strong><br>Sundstorget &#8211; M\u00e4ster Palms plats<br>12.00-16.00<\/p><p><strong>December 20-23<\/strong><br>Sundstorget &#8211; M\u00e4ster Palms plats<br>12.00-16.00<\/p><p><strong>December 26-30<\/strong><br>Sundstorget &#8211; M\u00e4ster Palms plats<br>12.00-16.00<\/p>\t\t\t\t\t\t\t\t<\/div>\n\t\t\t\t<\/div>\n\t\t\t\t\t<\/div>\n\t\t<\/div>\n\t\t\t\t<div class=\"elementor-column elementor-col-50 elementor-top-column elementor-element elementor-element-8c5bd06\" data-id=\"8c5bd06\" data-element_type=\"column\" data-e-type=\"column\">\n\t\t\t<div class=\"elementor-widget-wrap elementor-element-populated\">\n\t\t\t\t\t\t<div class=\"elementor-element elementor-element-75b17a1 elementor-hidden-mobile elementor-widget elementor-widget-image\" data-id=\"75b17a1\" data-element_type=\"widget\" data-e-type=\"widget\" data-widget_type=\"image.default\">\n\t\t\t\t<div class=\"elementor-widget-container\">\n\t\t\t\t\t\t\t\t\t\t\t\t\t\t\t<img fetchpriority=\"high\" decoding=\"async\" width=\"206\" height=\"484\" src=\"https:\/\/hbgcity.se\/wp-content\/uploads\/2023\/10\/julkula-hbg-city.png\" class=\"attachment-large size-large wp-image-21301\" alt=\"\" srcset=\"https:\/\/hbgcity.se\/wp-content\/uploads\/2023\/10\/julkula-hbg-city.png 206w, https:\/\/hbgcity.se\/wp-content\/uploads\/2023\/10\/julkula-hbg-city-128x300.png 128w\" sizes=\"(max-width: 206px) 100vw, 206px\" \/>\t\t\t\t\t\t\t\t\t\t\t\t\t\t\t<\/div>\n\t\t\t\t<\/div>\n\t\t\t\t\t<\/div>\n\t\t<\/div>\n\t\t\t\t\t<\/div>\n\t\t<\/section>\n\t\t\t\t<section class=\"elementor-section elementor-top-section elementor-element elementor-element-87f0628 elementor-section-boxed elementor-section-height-default elementor-section-height-default\" data-id=\"87f0628\" data-element_type=\"section\" data-e-type=\"section\">\n\t\t\t\t\t\t<div class=\"elementor-container elementor-column-gap-default\">\n\t\t\t\t\t<div class=\"elementor-column elementor-col-100 elementor-top-column elementor-element elementor-element-d933479\" data-id=\"d933479\" data-element_type=\"column\" data-e-type=\"column\">\n\t\t\t<div class=\"elementor-widget-wrap elementor-element-populated\">\n\t\t\t\t\t\t<div class=\"elementor-element elementor-element-ae3b53e elementor-widget elementor-widget-heading\" data-id=\"ae3b53e\" data-element_type=\"widget\" data-e-type=\"widget\" data-widget_type=\"heading.default\">\n\t\t\t\t<div class=\"elementor-widget-container\">\n\t\t\t\t\t<h2 class=\"elementor-heading-title elementor-size-default\">More Christmas in the city!<\/h2>\t\t\t\t<\/div>\n\t\t\t\t<\/div>\n\t\t\t\t<div class=\"elementor-element elementor-element-34834a8 elementor-widget elementor-widget-text-editor\" data-id=\"34834a8\" data-element_type=\"widget\" data-e-type=\"widget\" data-widget_type=\"text-editor.default\">\n\t\t\t\t<div class=\"elementor-widget-container\">\n\t\t\t\t\t\t\t\t\t<p>There&#8217;s lots of fun happening in the city center throughout December. At Christmas in the City, we&#8217;ve gathered all the festive events taking place in the city center during December. How about Lucia celebrations, Christmas Saturdays and delicious Christmas dinners?  <\/p>\t\t\t\t\t\t\t\t<\/div>\n\t\t\t\t<\/div>\n\t\t\t\t<div class=\"elementor-element elementor-element-acf24c6 elementor-align-center elementor-mobile-align-left elementor-widget elementor-widget-button\" data-id=\"acf24c6\" data-element_type=\"widget\" data-e-type=\"widget\" data-widget_type=\"button.default\">\n\t\t\t\t<div class=\"elementor-widget-container\">\n\t\t\t\t\t\t\t\t\t<div class=\"elementor-button-wrapper\">\n\t\t\t\t\t<a class=\"elementor-button elementor-button-link elementor-size-sm\" href=\"https:\/\/hbgcity.se\/en\/julicity\/\">\n\t\t\t\t\t\t<span class=\"elementor-button-content-wrapper\">\n\t\t\t\t\t\t\t\t\t<span class=\"elementor-button-text\">give me more Christmas!<\/span>\n\t\t\t\t\t<\/span>\n\t\t\t\t\t<\/a>\n\t\t\t\t<\/div>\n\t\t\t\t\t\t\t\t<\/div>\n\t\t\t\t<\/div>\n\t\t\t\t\t<\/div>\n\t\t<\/div>\n\t\t\t\t\t<\/div>\n\t\t<\/section>\n\t\t\t\t<\/div>\n\t\t","protected":false},"excerpt":{"rendered":"<p>The Christmas train The little Christmas train chugs through the city from the North Pole to the South Pole. There is no cost to ride the Christmas train, just hop on. Take the opportunity to enjoy the beautiful winter lights on the little tour through the city center. How it works The train runs between [&hellip;]<\/p>\n","protected":false},"author":8,"featured_media":22069,"parent":0,"menu_order":0,"comment_status":"closed","ping_status":"closed","template":"","meta":{"_acf_changed":false,"site-sidebar-layout":"no-sidebar","site-content-layout":"page-builder","ast-site-content-layout":"full-width-container","site-content-style":"unboxed","site-sidebar-style":"unboxed","ast-global-header-display":"","ast-banner-title-visibility":"","ast-main-header-display":"","ast-hfb-above-header-display":"","ast-hfb-below-header-display":"","ast-hfb-mobile-header-display":"","site-post-title":"disabled","ast-breadcrumbs-content":"","ast-featured-img":"disabled","footer-sml-layout":"","ast-disable-related-posts":"","theme-transparent-header-meta":"default","adv-header-id-meta":"","stick-header-meta":"default","header-above-stick-meta":"","header-main-stick-meta":"","header-below-stick-meta":"","astra-migrate-meta-layouts":"default","ast-page-background-enabled":"default","ast-page-background-meta":{"desktop":{"background-color":"","background-image":"","background-repeat":"repeat","background-position":"center center","background-size":"auto","background-attachment":"scroll","background-type":"","background-media":"","overlay-type":"","overlay-color":"","overlay-opacity":"","overlay-gradient":""},"tablet":{"background-color":"","background-image":"","background-repeat":"repeat","background-position":"center center","background-size":"auto","background-attachment":"scroll","background-type":"","background-media":"","overlay-type":"","overlay-color":"","overlay-opacity":"","overlay-gradient":""},"mobile":{"background-color":"","background-image":"","background-repeat":"repeat","background-position":"center center","background-size":"auto","background-attachment":"scroll","background-type":"","background-media":"","overlay-type":"","overlay-color":"","overlay-opacity":"","overlay-gradient":""}},"ast-content-background-meta":{"desktop":{"background-color":"var(--ast-global-color-5)","background-image":"","background-repeat":"repeat","background-position":"center center","background-size":"auto","background-attachment":"scroll","background-type":"","background-media":"","overlay-type":"","overlay-color":"","overlay-opacity":"","overlay-gradient":""},"tablet":{"background-color":"var(--ast-global-color-5)","background-image":"","background-repeat":"repeat","background-position":"center center","background-size":"auto","background-attachment":"scroll","background-type":"","background-media":"","overlay-type":"","overlay-color":"","overlay-opacity":"","overlay-gradient":""},"mobile":{"background-color":"var(--ast-global-color-5)","background-image":"","background-repeat":"repeat","background-position":"center center","background-size":"auto","background-attachment":"scroll","background-type":"","background-media":"","overlay-type":"","overlay-color":"","overlay-opacity":"","overlay-gradient":""}},"footnotes":""},"class_list":["post-22593","page","type-page","status-publish","has-post-thumbnail","hentry"],"acf":[],"yoast_head":"<!-- This site is optimized with the Yoast SEO plugin v27.5 - https:\/\/yoast.com\/product\/yoast-seo-wordpress\/ -->\n<title>The Christmas train<\/title>\n<meta name=\"description\" content=\"The little Christmas train chugs through the city from the North Pole to the South Pole. There is no cost to ride the Christmas train, just hop on. Take the opportunity to enjoy the beautiful winter lights on the little tour through the city center.\" \/>\n<meta name=\"robots\" content=\"index, follow, max-snippet:-1, max-image-preview:large, max-video-preview:-1\" \/>\n<link rel=\"canonical\" href=\"https:\/\/hbgcity.se\/en\/jultaget\/\" \/>\n<meta property=\"og:locale\" content=\"en_US\" \/>\n<meta property=\"og:type\" content=\"article\" \/>\n<meta property=\"og:title\" content=\"The Christmas train\" \/>\n<meta property=\"og:description\" content=\"The little Christmas train chugs through the city from the North Pole to the South Pole. There is no cost to ride the Christmas train, just hop on. Take the opportunity to enjoy the beautiful winter lights on the little tour through the city center.\" \/>\n<meta property=\"og:url\" content=\"https:\/\/hbgcity.se\/en\/jultaget\/\" \/>\n<meta property=\"og:site_name\" content=\"V\u00e4lkommen till Helsingborg city!\" \/>\n<meta property=\"article:publisher\" content=\"https:\/\/www.facebook.com\/helsingborgcity\" \/>\n<meta property=\"article:modified_time\" content=\"2025-12-02T15:41:33+00:00\" \/>\n<meta property=\"og:image\" content=\"https:\/\/hbgcity.se\/wp-content\/uploads\/2024\/10\/Jultag-Helsingborg-jul-barnaktiviteter-familj-HBG-City.png\" \/>\n\t<meta property=\"og:image:width\" content=\"500\" \/>\n\t<meta property=\"og:image:height\" content=\"500\" \/>\n\t<meta property=\"og:image:type\" content=\"image\/png\" \/>\n<meta name=\"twitter:card\" content=\"summary_large_image\" \/>\n<meta name=\"twitter:label1\" content=\"Est. reading time\" \/>\n\t<meta name=\"twitter:data1\" content=\"1 minute\" \/>\n<script type=\"application\/ld+json\" class=\"yoast-schema-graph\">{\"@context\":\"https:\\\/\\\/schema.org\",\"@graph\":[{\"@type\":\"WebPage\",\"@id\":\"https:\\\/\\\/hbgcity.se\\\/en\\\/jultaget\\\/\",\"url\":\"https:\\\/\\\/hbgcity.se\\\/en\\\/jultaget\\\/\",\"name\":\"The Christmas train\",\"isPartOf\":{\"@id\":\"https:\\\/\\\/hbgcity.se\\\/en\\\/#website\"},\"primaryImageOfPage\":{\"@id\":\"https:\\\/\\\/hbgcity.se\\\/en\\\/jultaget\\\/#primaryimage\"},\"image\":{\"@id\":\"https:\\\/\\\/hbgcity.se\\\/en\\\/jultaget\\\/#primaryimage\"},\"thumbnailUrl\":\"https:\\\/\\\/hbgcity.se\\\/wp-content\\\/uploads\\\/2024\\\/10\\\/Jultag-Helsingborg-jul-barnaktiviteter-familj-HBG-City.png\",\"datePublished\":\"2023-11-21T10:50:42+00:00\",\"dateModified\":\"2025-12-02T15:41:33+00:00\",\"description\":\"The little Christmas train chugs through the city from the North Pole to the South Pole. There is no cost to ride the Christmas train, just hop on. Take the opportunity to enjoy the beautiful winter lights on the little tour through the city center.\",\"breadcrumb\":{\"@id\":\"https:\\\/\\\/hbgcity.se\\\/en\\\/jultaget\\\/#breadcrumb\"},\"inLanguage\":\"en-US\",\"potentialAction\":[{\"@type\":\"ReadAction\",\"target\":[\"https:\\\/\\\/hbgcity.se\\\/en\\\/jultaget\\\/\"]}]},{\"@type\":\"ImageObject\",\"inLanguage\":\"en-US\",\"@id\":\"https:\\\/\\\/hbgcity.se\\\/en\\\/jultaget\\\/#primaryimage\",\"url\":\"https:\\\/\\\/hbgcity.se\\\/wp-content\\\/uploads\\\/2024\\\/10\\\/Jultag-Helsingborg-jul-barnaktiviteter-familj-HBG-City.png\",\"contentUrl\":\"https:\\\/\\\/hbgcity.se\\\/wp-content\\\/uploads\\\/2024\\\/10\\\/Jultag-Helsingborg-jul-barnaktiviteter-familj-HBG-City.png\",\"width\":500,\"height\":500},{\"@type\":\"BreadcrumbList\",\"@id\":\"https:\\\/\\\/hbgcity.se\\\/en\\\/jultaget\\\/#breadcrumb\",\"itemListElement\":[{\"@type\":\"ListItem\",\"position\":1,\"name\":\"Home\",\"item\":\"https:\\\/\\\/hbgcity.se\\\/en\\\/home-2\\\/\"},{\"@type\":\"ListItem\",\"position\":2,\"name\":\"The Christmas train\"}]},{\"@type\":\"WebSite\",\"@id\":\"https:\\\/\\\/hbgcity.se\\\/en\\\/#website\",\"url\":\"https:\\\/\\\/hbgcity.se\\\/en\\\/\",\"name\":\"V\u00e4lkommen till HBG City!\",\"description\":\"I Helsingborg finns n\u00e5got f\u00f6r alla!\",\"publisher\":{\"@id\":\"https:\\\/\\\/hbgcity.se\\\/en\\\/#organization\"},\"potentialAction\":[{\"@type\":\"SearchAction\",\"target\":{\"@type\":\"EntryPoint\",\"urlTemplate\":\"https:\\\/\\\/hbgcity.se\\\/en\\\/?s={search_term_string}\"},\"query-input\":{\"@type\":\"PropertyValueSpecification\",\"valueRequired\":true,\"valueName\":\"search_term_string\"}}],\"inLanguage\":\"en-US\"},{\"@type\":\"Organization\",\"@id\":\"https:\\\/\\\/hbgcity.se\\\/en\\\/#organization\",\"name\":\"V\u00e4lkommen till Hbgcity!\",\"url\":\"https:\\\/\\\/hbgcity.se\\\/en\\\/\",\"logo\":{\"@type\":\"ImageObject\",\"inLanguage\":\"en-US\",\"@id\":\"https:\\\/\\\/hbgcity.se\\\/en\\\/#\\\/schema\\\/logo\\\/image\\\/\",\"url\":\"https:\\\/\\\/hbgcity.se\\\/wp-content\\\/uploads\\\/2023\\\/02\\\/HBG-CITY-Huvudlogotyp.svg\",\"contentUrl\":\"https:\\\/\\\/hbgcity.se\\\/wp-content\\\/uploads\\\/2023\\\/02\\\/HBG-CITY-Huvudlogotyp.svg\",\"caption\":\"V\u00e4lkommen till Hbgcity!\"},\"image\":{\"@id\":\"https:\\\/\\\/hbgcity.se\\\/en\\\/#\\\/schema\\\/logo\\\/image\\\/\"},\"sameAs\":[\"https:\\\/\\\/www.facebook.com\\\/helsingborgcity\",\"https:\\\/\\\/www.instagram.com\\\/hbgcity\\\/\",\"https:\\\/\\\/www.linkedin.com\\\/company\\\/helsingborg-city\"]}]}<\/script>\n<!-- \/ Yoast SEO plugin. -->","yoast_head_json":{"title":"The Christmas train","description":"The little Christmas train chugs through the city from the North Pole to the South Pole. There is no cost to ride the Christmas train, just hop on. Take the opportunity to enjoy the beautiful winter lights on the little tour through the city center.","robots":{"index":"index","follow":"follow","max-snippet":"max-snippet:-1","max-image-preview":"max-image-preview:large","max-video-preview":"max-video-preview:-1"},"canonical":"https:\/\/hbgcity.se\/en\/jultaget\/","og_locale":"en_US","og_type":"article","og_title":"The Christmas train","og_description":"The little Christmas train chugs through the city from the North Pole to the South Pole. There is no cost to ride the Christmas train, just hop on. Take the opportunity to enjoy the beautiful winter lights on the little tour through the city center.","og_url":"https:\/\/hbgcity.se\/en\/jultaget\/","og_site_name":"V\u00e4lkommen till Helsingborg city!","article_publisher":"https:\/\/www.facebook.com\/helsingborgcity","article_modified_time":"2025-12-02T15:41:33+00:00","og_image":[{"width":500,"height":500,"url":"https:\/\/hbgcity.se\/wp-content\/uploads\/2024\/10\/Jultag-Helsingborg-jul-barnaktiviteter-familj-HBG-City.png","type":"image\/png"}],"twitter_card":"summary_large_image","twitter_misc":{"Est. reading time":"1 minute"},"schema":{"@context":"https:\/\/schema.org","@graph":[{"@type":"WebPage","@id":"https:\/\/hbgcity.se\/en\/jultaget\/","url":"https:\/\/hbgcity.se\/en\/jultaget\/","name":"The Christmas train","isPartOf":{"@id":"https:\/\/hbgcity.se\/en\/#website"},"primaryImageOfPage":{"@id":"https:\/\/hbgcity.se\/en\/jultaget\/#primaryimage"},"image":{"@id":"https:\/\/hbgcity.se\/en\/jultaget\/#primaryimage"},"thumbnailUrl":"https:\/\/hbgcity.se\/wp-content\/uploads\/2024\/10\/Jultag-Helsingborg-jul-barnaktiviteter-familj-HBG-City.png","datePublished":"2023-11-21T10:50:42+00:00","dateModified":"2025-12-02T15:41:33+00:00","description":"The little Christmas train chugs through the city from the North Pole to the South Pole. There is no cost to ride the Christmas train, just hop on. Take the opportunity to enjoy the beautiful winter lights on the little tour through the city center.","breadcrumb":{"@id":"https:\/\/hbgcity.se\/en\/jultaget\/#breadcrumb"},"inLanguage":"en-US","potentialAction":[{"@type":"ReadAction","target":["https:\/\/hbgcity.se\/en\/jultaget\/"]}]},{"@type":"ImageObject","inLanguage":"en-US","@id":"https:\/\/hbgcity.se\/en\/jultaget\/#primaryimage","url":"https:\/\/hbgcity.se\/wp-content\/uploads\/2024\/10\/Jultag-Helsingborg-jul-barnaktiviteter-familj-HBG-City.png","contentUrl":"https:\/\/hbgcity.se\/wp-content\/uploads\/2024\/10\/Jultag-Helsingborg-jul-barnaktiviteter-familj-HBG-City.png","width":500,"height":500},{"@type":"BreadcrumbList","@id":"https:\/\/hbgcity.se\/en\/jultaget\/#breadcrumb","itemListElement":[{"@type":"ListItem","position":1,"name":"Home","item":"https:\/\/hbgcity.se\/en\/home-2\/"},{"@type":"ListItem","position":2,"name":"The Christmas train"}]},{"@type":"WebSite","@id":"https:\/\/hbgcity.se\/en\/#website","url":"https:\/\/hbgcity.se\/en\/","name":"V\u00e4lkommen till HBG City!","description":"I Helsingborg finns n\u00e5got f\u00f6r alla!","publisher":{"@id":"https:\/\/hbgcity.se\/en\/#organization"},"potentialAction":[{"@type":"SearchAction","target":{"@type":"EntryPoint","urlTemplate":"https:\/\/hbgcity.se\/en\/?s={search_term_string}"},"query-input":{"@type":"PropertyValueSpecification","valueRequired":true,"valueName":"search_term_string"}}],"inLanguage":"en-US"},{"@type":"Organization","@id":"https:\/\/hbgcity.se\/en\/#organization","name":"V\u00e4lkommen till Hbgcity!","url":"https:\/\/hbgcity.se\/en\/","logo":{"@type":"ImageObject","inLanguage":"en-US","@id":"https:\/\/hbgcity.se\/en\/#\/schema\/logo\/image\/","url":"https:\/\/hbgcity.se\/wp-content\/uploads\/2023\/02\/HBG-CITY-Huvudlogotyp.svg","contentUrl":"https:\/\/hbgcity.se\/wp-content\/uploads\/2023\/02\/HBG-CITY-Huvudlogotyp.svg","caption":"V\u00e4lkommen till Hbgcity!"},"image":{"@id":"https:\/\/hbgcity.se\/en\/#\/schema\/logo\/image\/"},"sameAs":["https:\/\/www.facebook.com\/helsingborgcity","https:\/\/www.instagram.com\/hbgcity\/","https:\/\/www.linkedin.com\/company\/helsingborg-city"]}]}},"_links":{"self":[{"href":"https:\/\/hbgcity.se\/en\/wp-json\/wp\/v2\/pages\/22593","targetHints":{"allow":["GET"]}}],"collection":[{"href":"https:\/\/hbgcity.se\/en\/wp-json\/wp\/v2\/pages"}],"about":[{"href":"https:\/\/hbgcity.se\/en\/wp-json\/wp\/v2\/types\/page"}],"author":[{"embeddable":true,"href":"https:\/\/hbgcity.se\/en\/wp-json\/wp\/v2\/users\/8"}],"replies":[{"embeddable":true,"href":"https:\/\/hbgcity.se\/en\/wp-json\/wp\/v2\/comments?post=22593"}],"version-history":[{"count":4,"href":"https:\/\/hbgcity.se\/en\/wp-json\/wp\/v2\/pages\/22593\/revisions"}],"predecessor-version":[{"id":34326,"href":"https:\/\/hbgcity.se\/en\/wp-json\/wp\/v2\/pages\/22593\/revisions\/34326"}],"wp:featuredmedia":[{"embeddable":true,"href":"https:\/\/hbgcity.se\/en\/wp-json\/wp\/v2\/media\/22069"}],"wp:attachment":[{"href":"https:\/\/hbgcity.se\/en\/wp-json\/wp\/v2\/media?parent=22593"}],"curies":[{"name":"wp","href":"https:\/\/api.w.org\/{rel}","templated":true}]}}