{"id":22640,"date":"2023-05-23T12:58:40","date_gmt":"2023-05-23T10:58:40","guid":{"rendered":"https:\/\/hbgcity.se\/opening-hours\/"},"modified":"2026-01-05T09:45:38","modified_gmt":"2026-01-05T08:45:38","slug":"oppettider","status":"publish","type":"page","link":"https:\/\/hbgcity.se\/en\/oppettider\/","title":{"rendered":"Opening hours"},"content":{"rendered":"\t\t<div data-elementor-type=\"wp-page\" data-elementor-id=\"22640\" class=\"elementor elementor-22640 elementor-7913\" data-elementor-post-type=\"page\">\n\t\t\t\t\t\t<section class=\"elementor-section elementor-top-section elementor-element elementor-element-df4165b elementor-section-height-min-height elementor-section-boxed elementor-section-height-default elementor-section-items-middle\" data-id=\"df4165b\" data-element_type=\"section\" data-e-type=\"section\" data-settings=\"{&quot;background_background&quot;:&quot;classic&quot;}\">\n\t\t\t\t\t\t<div class=\"elementor-container elementor-column-gap-default\">\n\t\t\t\t\t<div class=\"elementor-column elementor-col-100 elementor-top-column elementor-element elementor-element-490faa2\" data-id=\"490faa2\" data-element_type=\"column\" data-e-type=\"column\">\n\t\t\t<div class=\"elementor-widget-wrap\">\n\t\t\t\t\t\t\t<\/div>\n\t\t<\/div>\n\t\t\t\t\t<\/div>\n\t\t<\/section>\n\t\t\t\t<section class=\"elementor-section elementor-top-section elementor-element elementor-element-ebd95bc elementor-section-height-min-height elementor-section-items-stretch elementor-reverse-mobile elementor-section-boxed elementor-section-height-default\" data-id=\"ebd95bc\" data-element_type=\"section\" data-e-type=\"section\">\n\t\t\t\t\t\t<div class=\"elementor-container elementor-column-gap-default\">\n\t\t\t\t\t<div class=\"elementor-column elementor-col-100 elementor-top-column elementor-element elementor-element-61d592a\" data-id=\"61d592a\" data-element_type=\"column\" data-e-type=\"column\">\n\t\t\t<div class=\"elementor-widget-wrap elementor-element-populated\">\n\t\t\t\t\t\t<div class=\"elementor-element elementor-element-3c3dc16 elementor-widget elementor-widget-heading\" data-id=\"3c3dc16\" data-element_type=\"widget\" data-e-type=\"widget\" data-widget_type=\"heading.default\">\n\t\t\t\t<div class=\"elementor-widget-container\">\n\t\t\t\t\t<h2 class=\"elementor-heading-title elementor-size-default\">Opening hours<\/h2>\t\t\t\t<\/div>\n\t\t\t\t<\/div>\n\t\t\t\t<div class=\"elementor-element elementor-element-c60cc73 elementor-widget elementor-widget-heading\" data-id=\"c60cc73\" data-element_type=\"widget\" data-e-type=\"widget\" data-widget_type=\"heading.default\">\n\t\t\t\t<div class=\"elementor-widget-container\">\n\t\t\t\t\t<h3 class=\"elementor-heading-title elementor-size-default\">Regular opening hours\n<\/h3>\t\t\t\t<\/div>\n\t\t\t\t<\/div>\n\t\t\t\t<div class=\"elementor-element elementor-element-ec48c82 elementor-widget__width-initial elementor-widget-mobile__width-initial elementor-widget elementor-widget-text-editor\" data-id=\"ec48c82\" data-element_type=\"widget\" data-e-type=\"widget\" data-widget_type=\"text-editor.default\">\n\t\t\t\t<div class=\"elementor-widget-container\">\n\t\t\t\t\t\t\t\t\t<p>In Helsingborg city we work for common opening hours. Opening hours are recommended only and individual shops may have longer or shorter opening hours.<\/p><p><strong>Weekdays<\/strong> 10.00 &#8211; 18.00<br> Saturdays 10.00 &#8211; 16.00<br> Sundays 12.00 &#8211; 16.00*<br>*with exception<\/p>\t\t\t\t\t\t\t\t<\/div>\n\t\t\t\t<\/div>\n\t\t\t\t<div class=\"elementor-element elementor-element-1e09ad1 elementor-widget elementor-widget-text-editor\" data-id=\"1e09ad1\" data-element_type=\"widget\" data-e-type=\"widget\" data-widget_type=\"text-editor.default\">\n\t\t\t\t<div class=\"elementor-widget-container\">\n\t\t\t\t\t\t\t\t\t<p><span class=\"ui-provider a b c d e f g h i j k l m n o p q r s t u v w x y z ab ac ae af ag ah ai aj ak\" dir=\"ltr\"><strong>Summer Sundays<\/strong> &#8211; Open all Sundays June-August<br><strong>Christmas Sundays<\/strong> &#8211; Open all Sundays in Advent<\/span><\/p>\t\t\t\t\t\t\t\t<\/div>\n\t\t\t\t<\/div>\n\t\t\t\t<div class=\"elementor-element elementor-element-3e46364 elementor-widget elementor-widget-text-editor\" data-id=\"3e46364\" data-element_type=\"widget\" data-e-type=\"widget\" data-widget_type=\"text-editor.default\">\n\t\t\t\t<div class=\"elementor-widget-container\">\n\t\t\t\t\t\t\t\t\t<p>Go to <a href=\"https:\/\/hbgcity.se\/en\/experience-the-city\/go-shopping\/\"><strong>Shop<\/strong><\/a> to see which shops are open on which days.<\/p>\t\t\t\t\t\t\t\t<\/div>\n\t\t\t\t<\/div>\n\t\t\t\t<div class=\"elementor-element elementor-element-a6c6a80 elementor-widget elementor-widget-heading\" data-id=\"a6c6a80\" data-element_type=\"widget\" data-e-type=\"widget\" data-widget_type=\"heading.default\">\n\t\t\t\t<div class=\"elementor-widget-container\">\n\t\t\t\t\t<h5 class=\"elementor-heading-title elementor-size-default\">See different opening hours in 2026<\/h5>\t\t\t\t<\/div>\n\t\t\t\t<\/div>\n\t\t\t\t<div class=\"elementor-element elementor-element-7f6f09c elementor-widget elementor-widget-text-editor\" data-id=\"7f6f09c\" data-element_type=\"widget\" data-e-type=\"widget\" data-widget_type=\"text-editor.default\">\n\t\t\t\t<div class=\"elementor-widget-container\">\n\t\t\t\t\t\t\t\t\t<div class=\"wpb_text_column wpb_content_element \"><div class=\"wpb_wrapper\"><p>\n<table id=\"tablepress-1\" class=\"tablepress tablepress-id-1\">\n<tbody class=\"row-hover\">\n<tr class=\"row-1\">\n\t<td class=\"column-1\">Wednesday 1 Jan<\/td><td class=\"column-2\">New Year&#8217;s Day<\/td><td class=\"column-3\">Closed<\/td>\n<\/tr>\n<tr class=\"row-2\">\n\t<td class=\"column-1\">Monday 5 Jan<\/td><td class=\"column-2\">Twelfth Night<\/td><td class=\"column-3\">12-16<\/td>\n<\/tr>\n<tr class=\"row-3\">\n\t<td class=\"column-1\">Tuesday 6 Jan<\/td><td class=\"column-2\">Epiphany<\/td><td class=\"column-3\">12-16<\/td>\n<\/tr>\n<tr class=\"row-4\">\n\t<td class=\"column-1\">Thursday 17 April<\/td><td class=\"column-2\">Maundy Thursday<\/td><td class=\"column-3\">10-18<\/td>\n<\/tr>\n<tr class=\"row-5\">\n\t<td class=\"column-1\">Friday 18 April<\/td><td class=\"column-2\">Good Friday<\/td><td class=\"column-3\">12-16<\/td>\n<\/tr>\n<tr class=\"row-6\">\n\t<td class=\"column-1\">Saturday 19 April<\/td><td class=\"column-2\">Easter Eve<\/td><td class=\"column-3\">10-16<\/td>\n<\/tr>\n<tr class=\"row-7\">\n\t<td class=\"column-1\">Sunday 20 April<\/td><td class=\"column-2\">Easter Sunday<\/td><td class=\"column-3\">12-16<\/td>\n<\/tr>\n<tr class=\"row-8\">\n\t<td class=\"column-1\">Monday 21 April<\/td><td class=\"column-2\">Easter Monday<\/td><td class=\"column-3\">12-16<\/td>\n<\/tr>\n<tr class=\"row-9\">\n\t<td class=\"column-1\">Wednesday 30 April<\/td><td class=\"column-2\">Walpurgis Night<\/td><td class=\"column-3\">10-18<\/td>\n<\/tr>\n<tr class=\"row-10\">\n\t<td class=\"column-1\">Thursday 1 May<\/td><td class=\"column-2\">1st of May<\/td><td class=\"column-3\">12-16<\/td>\n<\/tr>\n<tr class=\"row-11\">\n\t<td class=\"column-1\">Thursday 29 May<\/td><td class=\"column-2\">Ascension Day<\/td><td class=\"column-3\">12-16<\/td>\n<\/tr>\n<tr class=\"row-12\">\n\t<td class=\"column-1\">Friday 6 June<\/td><td class=\"column-2\">Sweden&#8217;s National Day<\/td><td class=\"column-3\">12-16<\/td>\n<\/tr>\n<tr class=\"row-13\">\n\t<td class=\"column-1\">Saturday 7 June<\/td><td class=\"column-2\">Pentecost Eve<\/td><td class=\"column-3\">10-16<\/td>\n<\/tr>\n<tr class=\"row-14\">\n\t<td class=\"column-1\">Sunday 8 June<\/td><td class=\"column-2\">Pentecost<\/td><td class=\"column-3\">12-16<\/td>\n<\/tr>\n<tr class=\"row-15\">\n\t<td class=\"column-1\">Friday 20 June<\/td><td class=\"column-2\">Midsummer Eve<\/td><td class=\"column-3\">10-14<\/td>\n<\/tr>\n<tr class=\"row-16\">\n\t<td class=\"column-1\">Saturday 21 June<\/td><td class=\"column-2\">Midsummer Day<\/td><td class=\"column-3\">Closed<\/td>\n<\/tr>\n<tr class=\"row-17\">\n\t<td class=\"column-1\">Saturday 1 November<\/td><td class=\"column-2\">All Saints&#8217; Day<\/td><td class=\"column-3\">10-16<\/td>\n<\/tr>\n<tr class=\"row-18\">\n\t<td class=\"column-1\">Sunday 30 November<\/td><td class=\"column-2\">Christmas Market, 1st Advent<\/td><td class=\"column-3\">12-18<\/td>\n<\/tr>\n<tr class=\"row-19\">\n\t<td class=\"column-1\">Sunday 7 December<\/td><td class=\"column-2\">2nd Advent<\/td><td class=\"column-3\">12-16<\/td>\n<\/tr>\n<tr class=\"row-20\">\n\t<td class=\"column-1\">Sunday 14 December<\/td><td class=\"column-2\">3rd Advent<\/td><td class=\"column-3\">12-16<\/td>\n<\/tr>\n<tr class=\"row-21\">\n\t<td class=\"column-1\">Monday &#8211; Friday 15 &#8211; 19 December<\/td><td class=\"column-2\">Christmas Hours<\/td><td class=\"column-3\">10-19<\/td>\n<\/tr>\n<tr class=\"row-22\">\n\t<td class=\"column-1\">Sunday 21 December<\/td><td class=\"column-2\">4th Advent<\/td><td class=\"column-3\">12-16<\/td>\n<\/tr>\n<tr class=\"row-23\">\n\t<td class=\"column-1\">Tuesday 23 December<\/td><td class=\"column-2\">December 23rd<\/td><td class=\"column-3\">10-19<\/td>\n<\/tr>\n<tr class=\"row-24\">\n\t<td class=\"column-1\">Wednesday 24 December<\/td><td class=\"column-2\">Christmas Eve<\/td><td class=\"column-3\">10-14<\/td>\n<\/tr>\n<tr class=\"row-25\">\n\t<td class=\"column-1\">Thursday 25 December<\/td><td class=\"column-2\">Christmas Day<\/td><td class=\"column-3\">Closed<\/td>\n<\/tr>\n<tr class=\"row-26\">\n\t<td class=\"column-1\">Friday 26 December<\/td><td class=\"column-2\">Boxing Day<\/td><td class=\"column-3\">12-16<\/td>\n<\/tr>\n<tr class=\"row-27\">\n\t<td class=\"column-1\">Wednesday 31 December<\/td><td class=\"column-2\">New Year&#8217;s Eve<\/td><td class=\"column-3\">10-14<\/td>\n<\/tr>\n<tr class=\"row-28\">\n\t<td class=\"column-1\">Thursday 1 January 2026<\/td><td class=\"column-2\">New Year&#8217;s Day<\/td><td class=\"column-3\">Closed<\/td>\n<\/tr>\n<\/tbody>\n<\/table>\n<!-- #tablepress-1 from cache --><\/p><\/div><\/div><div class=\"wpb_text_column wpb_content_element \"><div class=\"wpb_wrapper\"> <\/div><\/div>\t\t\t\t\t\t\t\t<\/div>\n\t\t\t\t<\/div>\n\t\t\t\t\t<\/div>\n\t\t<\/div>\n\t\t\t\t\t<\/div>\n\t\t<\/section>\n\t\t\t\t<section class=\"elementor-section elementor-top-section elementor-element elementor-element-224373e elementor-section-boxed elementor-section-height-default elementor-section-height-default\" data-id=\"224373e\" data-element_type=\"section\" data-e-type=\"section\">\n\t\t\t\t\t\t<div class=\"elementor-container elementor-column-gap-default\">\n\t\t\t\t\t<div class=\"elementor-column elementor-col-100 elementor-top-column elementor-element elementor-element-448c079\" data-id=\"448c079\" data-element_type=\"column\" data-e-type=\"column\">\n\t\t\t<div class=\"elementor-widget-wrap\">\n\t\t\t\t\t\t\t<\/div>\n\t\t<\/div>\n\t\t\t\t\t<\/div>\n\t\t<\/section>\n\t\t\t\t<\/div>\n\t\t","protected":false},"excerpt":{"rendered":"<p>Opening hours Regular opening hours In Helsingborg city we work for common opening hours. Opening hours are recommended only and individual shops may have longer or shorter opening hours. Weekdays 10.00 &#8211; 18.00 Saturdays 10.00 &#8211; 16.00 Sundays 12.00 &#8211; 16.00**with exception Summer Sundays &#8211; Open all Sundays June-AugustChristmas Sundays &#8211; Open all Sundays in [&hellip;]<\/p>\n","protected":false},"author":1,"featured_media":0,"parent":0,"menu_order":0,"comment_status":"closed","ping_status":"closed","template":"","meta":{"_acf_changed":false,"site-sidebar-layout":"no-sidebar","site-content-layout":"page-builder","ast-site-content-layout":"default","site-content-style":"default","site-sidebar-style":"default","ast-global-header-display":"","ast-banner-title-visibility":"","ast-main-header-display":"","ast-hfb-above-header-display":"","ast-hfb-below-header-display":"","ast-hfb-mobile-header-display":"","site-post-title":"disabled","ast-breadcrumbs-content":"","ast-featured-img":"disabled","footer-sml-layout":"","ast-disable-related-posts":"","theme-transparent-header-meta":"","adv-header-id-meta":"","stick-header-meta":"","header-above-stick-meta":"","header-main-stick-meta":"","header-below-stick-meta":"","astra-migrate-meta-layouts":"default","ast-page-background-enabled":"default","ast-page-background-meta":{"desktop":{"background-color":"","background-image":"","background-repeat":"repeat","background-position":"center center","background-size":"auto","background-attachment":"scroll","background-type":"","background-media":"","overlay-type":"","overlay-color":"","overlay-opacity":"","overlay-gradient":""},"tablet":{"background-color":"","background-image":"","background-repeat":"repeat","background-position":"center center","background-size":"auto","background-attachment":"scroll","background-type":"","background-media":"","overlay-type":"","overlay-color":"","overlay-opacity":"","overlay-gradient":""},"mobile":{"background-color":"","background-image":"","background-repeat":"repeat","background-position":"center center","background-size":"auto","background-attachment":"scroll","background-type":"","background-media":"","overlay-type":"","overlay-color":"","overlay-opacity":"","overlay-gradient":""}},"ast-content-background-meta":{"desktop":{"background-color":"var(--ast-global-color-5)","background-image":"","background-repeat":"repeat","background-position":"center center","background-size":"auto","background-attachment":"scroll","background-type":"","background-media":"","overlay-type":"","overlay-color":"","overlay-opacity":"","overlay-gradient":""},"tablet":{"background-color":"var(--ast-global-color-5)","background-image":"","background-repeat":"repeat","background-position":"center center","background-size":"auto","background-attachment":"scroll","background-type":"","background-media":"","overlay-type":"","overlay-color":"","overlay-opacity":"","overlay-gradient":""},"mobile":{"background-color":"var(--ast-global-color-5)","background-image":"","background-repeat":"repeat","background-position":"center center","background-size":"auto","background-attachment":"scroll","background-type":"","background-media":"","overlay-type":"","overlay-color":"","overlay-opacity":"","overlay-gradient":""}},"footnotes":""},"class_list":["post-22640","page","type-page","status-publish","hentry"],"acf":[],"yoast_head":"<!-- This site is optimized with the Yoast SEO plugin v27.4 - https:\/\/yoast.com\/product\/yoast-seo-wordpress\/ -->\n<title>Opening hours - V\u00e4lkommen till Helsingborg city!<\/title>\n<meta name=\"robots\" content=\"index, follow, max-snippet:-1, max-image-preview:large, max-video-preview:-1\" \/>\n<link rel=\"canonical\" href=\"https:\/\/hbgcity.se\/en\/oppettider\/\" \/>\n<meta property=\"og:locale\" content=\"en_US\" \/>\n<meta property=\"og:type\" content=\"article\" \/>\n<meta property=\"og:title\" content=\"Opening hours - V\u00e4lkommen till Helsingborg city!\" \/>\n<meta property=\"og:description\" content=\"Opening hours Regular opening hours In Helsingborg city we work for common opening hours. Opening hours are recommended only and individual shops may have longer or shorter opening hours. Weekdays 10.00 &#8211; 18.00 Saturdays 10.00 &#8211; 16.00 Sundays 12.00 &#8211; 16.00**with exception Summer Sundays &#8211; Open all Sundays June-AugustChristmas Sundays &#8211; Open all Sundays in [&hellip;]\" \/>\n<meta property=\"og:url\" content=\"https:\/\/hbgcity.se\/en\/oppettider\/\" \/>\n<meta property=\"og:site_name\" content=\"V\u00e4lkommen till Helsingborg city!\" \/>\n<meta property=\"article:publisher\" content=\"https:\/\/www.facebook.com\/helsingborgcity\" \/>\n<meta property=\"article:modified_time\" content=\"2026-01-05T08:45:38+00:00\" \/>\n<meta name=\"twitter:card\" content=\"summary_large_image\" \/>\n<script type=\"application\/ld+json\" class=\"yoast-schema-graph\">{\"@context\":\"https:\\\/\\\/schema.org\",\"@graph\":[{\"@type\":\"WebPage\",\"@id\":\"https:\\\/\\\/hbgcity.se\\\/en\\\/oppettider\\\/\",\"url\":\"https:\\\/\\\/hbgcity.se\\\/en\\\/oppettider\\\/\",\"name\":\"Opening hours - V\u00e4lkommen till Helsingborg city!\",\"isPartOf\":{\"@id\":\"https:\\\/\\\/hbgcity.se\\\/en\\\/#website\"},\"datePublished\":\"2023-05-23T10:58:40+00:00\",\"dateModified\":\"2026-01-05T08:45:38+00:00\",\"breadcrumb\":{\"@id\":\"https:\\\/\\\/hbgcity.se\\\/en\\\/oppettider\\\/#breadcrumb\"},\"inLanguage\":\"en-US\",\"potentialAction\":[{\"@type\":\"ReadAction\",\"target\":[\"https:\\\/\\\/hbgcity.se\\\/en\\\/oppettider\\\/\"]}]},{\"@type\":\"BreadcrumbList\",\"@id\":\"https:\\\/\\\/hbgcity.se\\\/en\\\/oppettider\\\/#breadcrumb\",\"itemListElement\":[{\"@type\":\"ListItem\",\"position\":1,\"name\":\"Home\",\"item\":\"https:\\\/\\\/hbgcity.se\\\/en\\\/home-2\\\/\"},{\"@type\":\"ListItem\",\"position\":2,\"name\":\"Opening hours\"}]},{\"@type\":\"WebSite\",\"@id\":\"https:\\\/\\\/hbgcity.se\\\/en\\\/#website\",\"url\":\"https:\\\/\\\/hbgcity.se\\\/en\\\/\",\"name\":\"V\u00e4lkommen till HBG City!\",\"description\":\"I Helsingborg finns n\u00e5got f\u00f6r alla!\",\"publisher\":{\"@id\":\"https:\\\/\\\/hbgcity.se\\\/en\\\/#organization\"},\"potentialAction\":[{\"@type\":\"SearchAction\",\"target\":{\"@type\":\"EntryPoint\",\"urlTemplate\":\"https:\\\/\\\/hbgcity.se\\\/en\\\/?s={search_term_string}\"},\"query-input\":{\"@type\":\"PropertyValueSpecification\",\"valueRequired\":true,\"valueName\":\"search_term_string\"}}],\"inLanguage\":\"en-US\"},{\"@type\":\"Organization\",\"@id\":\"https:\\\/\\\/hbgcity.se\\\/en\\\/#organization\",\"name\":\"V\u00e4lkommen till Hbgcity!\",\"url\":\"https:\\\/\\\/hbgcity.se\\\/en\\\/\",\"logo\":{\"@type\":\"ImageObject\",\"inLanguage\":\"en-US\",\"@id\":\"https:\\\/\\\/hbgcity.se\\\/en\\\/#\\\/schema\\\/logo\\\/image\\\/\",\"url\":\"https:\\\/\\\/hbgcity.se\\\/wp-content\\\/uploads\\\/2023\\\/02\\\/HBG-CITY-Huvudlogotyp.svg\",\"contentUrl\":\"https:\\\/\\\/hbgcity.se\\\/wp-content\\\/uploads\\\/2023\\\/02\\\/HBG-CITY-Huvudlogotyp.svg\",\"caption\":\"V\u00e4lkommen till Hbgcity!\"},\"image\":{\"@id\":\"https:\\\/\\\/hbgcity.se\\\/en\\\/#\\\/schema\\\/logo\\\/image\\\/\"},\"sameAs\":[\"https:\\\/\\\/www.facebook.com\\\/helsingborgcity\",\"https:\\\/\\\/www.instagram.com\\\/hbgcity\\\/\",\"https:\\\/\\\/www.linkedin.com\\\/company\\\/helsingborg-city\"]}]}<\/script>\n<!-- \/ Yoast SEO plugin. -->","yoast_head_json":{"title":"Opening hours - V\u00e4lkommen till Helsingborg city!","robots":{"index":"index","follow":"follow","max-snippet":"max-snippet:-1","max-image-preview":"max-image-preview:large","max-video-preview":"max-video-preview:-1"},"canonical":"https:\/\/hbgcity.se\/en\/oppettider\/","og_locale":"en_US","og_type":"article","og_title":"Opening hours - V\u00e4lkommen till Helsingborg city!","og_description":"Opening hours Regular opening hours In Helsingborg city we work for common opening hours. Opening hours are recommended only and individual shops may have longer or shorter opening hours. Weekdays 10.00 &#8211; 18.00 Saturdays 10.00 &#8211; 16.00 Sundays 12.00 &#8211; 16.00**with exception Summer Sundays &#8211; Open all Sundays June-AugustChristmas Sundays &#8211; Open all Sundays in [&hellip;]","og_url":"https:\/\/hbgcity.se\/en\/oppettider\/","og_site_name":"V\u00e4lkommen till Helsingborg city!","article_publisher":"https:\/\/www.facebook.com\/helsingborgcity","article_modified_time":"2026-01-05T08:45:38+00:00","twitter_card":"summary_large_image","schema":{"@context":"https:\/\/schema.org","@graph":[{"@type":"WebPage","@id":"https:\/\/hbgcity.se\/en\/oppettider\/","url":"https:\/\/hbgcity.se\/en\/oppettider\/","name":"Opening hours - V\u00e4lkommen till Helsingborg city!","isPartOf":{"@id":"https:\/\/hbgcity.se\/en\/#website"},"datePublished":"2023-05-23T10:58:40+00:00","dateModified":"2026-01-05T08:45:38+00:00","breadcrumb":{"@id":"https:\/\/hbgcity.se\/en\/oppettider\/#breadcrumb"},"inLanguage":"en-US","potentialAction":[{"@type":"ReadAction","target":["https:\/\/hbgcity.se\/en\/oppettider\/"]}]},{"@type":"BreadcrumbList","@id":"https:\/\/hbgcity.se\/en\/oppettider\/#breadcrumb","itemListElement":[{"@type":"ListItem","position":1,"name":"Home","item":"https:\/\/hbgcity.se\/en\/home-2\/"},{"@type":"ListItem","position":2,"name":"Opening hours"}]},{"@type":"WebSite","@id":"https:\/\/hbgcity.se\/en\/#website","url":"https:\/\/hbgcity.se\/en\/","name":"V\u00e4lkommen till HBG City!","description":"I Helsingborg finns n\u00e5got f\u00f6r alla!","publisher":{"@id":"https:\/\/hbgcity.se\/en\/#organization"},"potentialAction":[{"@type":"SearchAction","target":{"@type":"EntryPoint","urlTemplate":"https:\/\/hbgcity.se\/en\/?s={search_term_string}"},"query-input":{"@type":"PropertyValueSpecification","valueRequired":true,"valueName":"search_term_string"}}],"inLanguage":"en-US"},{"@type":"Organization","@id":"https:\/\/hbgcity.se\/en\/#organization","name":"V\u00e4lkommen till Hbgcity!","url":"https:\/\/hbgcity.se\/en\/","logo":{"@type":"ImageObject","inLanguage":"en-US","@id":"https:\/\/hbgcity.se\/en\/#\/schema\/logo\/image\/","url":"https:\/\/hbgcity.se\/wp-content\/uploads\/2023\/02\/HBG-CITY-Huvudlogotyp.svg","contentUrl":"https:\/\/hbgcity.se\/wp-content\/uploads\/2023\/02\/HBG-CITY-Huvudlogotyp.svg","caption":"V\u00e4lkommen till Hbgcity!"},"image":{"@id":"https:\/\/hbgcity.se\/en\/#\/schema\/logo\/image\/"},"sameAs":["https:\/\/www.facebook.com\/helsingborgcity","https:\/\/www.instagram.com\/hbgcity\/","https:\/\/www.linkedin.com\/company\/helsingborg-city"]}]}},"_links":{"self":[{"href":"https:\/\/hbgcity.se\/en\/wp-json\/wp\/v2\/pages\/22640","targetHints":{"allow":["GET"]}}],"collection":[{"href":"https:\/\/hbgcity.se\/en\/wp-json\/wp\/v2\/pages"}],"about":[{"href":"https:\/\/hbgcity.se\/en\/wp-json\/wp\/v2\/types\/page"}],"author":[{"embeddable":true,"href":"https:\/\/hbgcity.se\/en\/wp-json\/wp\/v2\/users\/1"}],"replies":[{"embeddable":true,"href":"https:\/\/hbgcity.se\/en\/wp-json\/wp\/v2\/comments?post=22640"}],"version-history":[{"count":5,"href":"https:\/\/hbgcity.se\/en\/wp-json\/wp\/v2\/pages\/22640\/revisions"}],"predecessor-version":[{"id":35034,"href":"https:\/\/hbgcity.se\/en\/wp-json\/wp\/v2\/pages\/22640\/revisions\/35034"}],"wp:attachment":[{"href":"https:\/\/hbgcity.se\/en\/wp-json\/wp\/v2\/media?parent=22640"}],"curies":[{"name":"wp","href":"https:\/\/api.w.org\/{rel}","templated":true}]}}