{"id":22711,"date":"2022-12-04T18:35:17","date_gmt":"2022-12-04T17:35:17","guid":{"rendered":"https:\/\/hbgcity.se\/the-area\/"},"modified":"2025-09-22T11:20:39","modified_gmt":"2025-09-22T09:20:39","slug":"the-area","status":"publish","type":"page","link":"https:\/\/hbgcity.se\/en\/the-city-center\/beloved-south\/the-area\/","title":{"rendered":"The area"},"content":{"rendered":"\t\t<div data-elementor-type=\"wp-page\" data-elementor-id=\"22711\" class=\"elementor elementor-22711 elementor-4649\" data-elementor-post-type=\"page\">\n\t\t\t\t\t\t<section class=\"elementor-section elementor-top-section elementor-element elementor-element-1c45f367 elementor-section-height-min-height elementor-section-boxed elementor-section-height-default elementor-section-items-middle\" data-id=\"1c45f367\" data-element_type=\"section\" data-e-type=\"section\" data-settings=\"{&quot;background_background&quot;:&quot;classic&quot;}\">\n\t\t\t\t\t\t<div class=\"elementor-container elementor-column-gap-default\">\n\t\t\t\t\t<div class=\"elementor-column elementor-col-100 elementor-top-column elementor-element elementor-element-193f0c1d\" data-id=\"193f0c1d\" data-element_type=\"column\" data-e-type=\"column\">\n\t\t\t<div class=\"elementor-widget-wrap\">\n\t\t\t\t\t\t\t<\/div>\n\t\t<\/div>\n\t\t\t\t\t<\/div>\n\t\t<\/section>\n\t\t\t\t<section class=\"elementor-section elementor-top-section elementor-element elementor-element-7e6b9e52 elementor-section-boxed elementor-section-height-default elementor-section-height-default\" data-id=\"7e6b9e52\" data-element_type=\"section\" data-e-type=\"section\">\n\t\t\t\t\t\t<div class=\"elementor-container elementor-column-gap-default\">\n\t\t\t\t\t<div class=\"elementor-column elementor-col-66 elementor-top-column elementor-element elementor-element-17822af7\" data-id=\"17822af7\" data-element_type=\"column\" data-e-type=\"column\">\n\t\t\t<div class=\"elementor-widget-wrap elementor-element-populated\">\n\t\t\t\t\t\t<div class=\"elementor-element elementor-element-26ba933e elementor-widget elementor-widget-heading\" data-id=\"26ba933e\" data-element_type=\"widget\" data-e-type=\"widget\" data-widget_type=\"heading.default\">\n\t\t\t\t<div class=\"elementor-widget-container\">\n\t\t\t\t\t<h2 class=\"elementor-heading-title elementor-size-default\">The Elderly area S\u00f6der\n<\/h2>\t\t\t\t<\/div>\n\t\t\t\t<\/div>\n\t\t\t\t<div class=\"elementor-element elementor-element-5da006d9 elementor-widget elementor-widget-text-editor\" data-id=\"5da006d9\" data-element_type=\"widget\" data-e-type=\"widget\" data-widget_type=\"text-editor.default\">\n\t\t\t\t<div class=\"elementor-widget-container\">\n\t\t\t\t\t\t\t\t\t<p>The current area is directly linked to the two certified Purple Flag areas and includes the S\u00f6der district with its buildings, parking lots and streets. Primary areas are mainly the commercial area, but to cover residents and students there is also a secondary area. <\/p><p>The light area within the oval is the primary area for businesses. The darker area is the primary area for residents and students. <\/p>\t\t\t\t\t\t\t\t<\/div>\n\t\t\t\t<\/div>\n\t\t\t\t<div class=\"elementor-element elementor-element-7d44e1f elementor-widget elementor-widget-image\" data-id=\"7d44e1f\" data-element_type=\"widget\" data-e-type=\"widget\" data-widget_type=\"image.default\">\n\t\t\t\t<div class=\"elementor-widget-container\">\n\t\t\t\t\t\t\t\t\t\t\t\t\t\t\t<img decoding=\"async\" src=\"https:\/\/hbgcity.se\/wp-content\/uploads\/2023\/03\/purpleflag-soder-karta-800x690-1.png\" title=\"\" alt=\"\" loading=\"lazy\" \/>\t\t\t\t\t\t\t\t\t\t\t\t\t\t\t<\/div>\n\t\t\t\t<\/div>\n\t\t\t\t<div class=\"elementor-element elementor-element-cc79d23 elementor-widget elementor-widget-text-editor\" data-id=\"cc79d23\" data-element_type=\"widget\" data-e-type=\"widget\" data-widget_type=\"text-editor.default\">\n\t\t\t\t<div class=\"elementor-widget-container\">\n\t\t\t\t\t\t\t\t\t<p>The current area is directly linked to the two certified Purple Flag areas and includes the S\u00f6der district with its buildings, parking lots and streets. Primary areas are mainly the commercial area, but to cover residents and students there is also a secondary area. <\/p><p>In the 19th century, industries and workers&#8217; quarters were established in S\u00f6der, largely due to its proximity to the port and the railroad, which laid the foundations for segregation in the city and towards the northern districts. The area changed as the industries moved away and gave way to new housing, shops and offices. There is still a clear difference between the south and the north. S\u00f6der has a multicultural character in the range of shops and restaurants. The area is currently perceived as littered and very unsafe and occasionally untidy, even though improvements have been made during the course of the work with the \u00c4lskade site collaboration S\u00f6der. S\u00f6der is an area in which several serious crimes have been committed and the perception is still that there is a high level of crime concentrated in this part of the city, among others.     <\/p><p>Within the area there are several student residences, student union buildings, rental apartments and condominiums and even though the area is perceived as unsafe through, among other things, the police&#8217;s safety measurement, many people feel good.<\/p><p>S\u00f6der has been on the agenda on several occasions with the aim of raising and improving the perception of the district and its reputation, especially with regard to litter, insecurity and segregation.<\/p><p>In the 1990s, the &#8220;Hela S\u00f6der&#8221; project started with an action program to develop the district. There were discussions about burying the railroad to get a better connection to the west and the port area. <\/p><p>In the 2000s, the process \u201cS\u00f6der in change\u201d was initiated with the aim of lifting the district through physical changes and increasing integration and thus the attractiveness of the area. In the spring of 2006, several of the identified change projects were completed, such as the conversion of S\u00f6dergatan into a bus street with cycle lanes and the redesign of Gustav Adolfs torg. <\/p><p>In connection with the city&#8217;s decision to build the S\u00f6dertunnel (undergrounding of the railroad), the H+ urban renewal project was initiated in the port area. This would shift the center of gravity of the city center southwards and the district S\u00f6der would become more central and have a direct connection to H+ and the sea. <\/p><p>In 2000, the Campus was established in the H+ area directly east of the railroad. The hope was that the students would lift the district with their presence. Several student residences have been built in the vicinity of Furutorpsplatsen and there has also been a student union building here for a few years.  <\/p><p>The S\u00f6dertunnel was not realized but S\u00f6der is connected to the Campus via a pedestrian and bicycle bridge over J\u00e4rnv\u00e4gsgatan and the railway.<\/p><p>A new entrance from Helsingborg Central Station has been built in line with Stadsparken and J\u00e4rnv\u00e4gsgatan has been rebuilt to enhance pedestrian and bicycle traffic to S\u00f6der.<\/p><p>In 2014, the municipal council decided that a development plan for the south should be drawn up. &#8220;Think about\/South&#8221; was the result of an analysis of the current situation, dialogues and urban analysis. The development plan also contains concrete proposals for measures in both the short and long term. Several of these have now been implemented.   <\/p><p>The H+ area is under construction in phase 1 at Oceanhamnen where housing, offices, hotels and a pedestrian and bicycle bridge between H+ and Helsingborg Central over the ferry landing area and the harbor basin are currently being built.<\/p><p>Despite the focus on action in the area, it has not had the desired effect. The area is still perceived as littered, unsafe, forgotten and segregated. In the fall of 2018, politicians proposed to make S\u00f6der the third Purple Flag area in the city.  <\/p><p>The city council gave a clear assignment to the city planning administration to work on our joint and individual responsibility for a cleaner Helsingborg. The city must be clean and safe and safeguard an attractive urban environment. Vandalism and littering contribute to a deteriorating urban environment, but also to a more insecure city where the threshold for committing crimes is reduced. The assignment highlights an ongoing project &#8220;A S\u00f6der where everyone can thrive&#8221;, which means that the city will raise awareness among residents about how littering negatively affects safety.   <\/p><p>S\u00f6der also has many positive features that need to be highlighted and developed further. From the north, there has been regeneration through the construction of the Radisson Blue hotel, office buildings and housing, as well as extensive redevelopment of the S\u00f6derpunkten shopping mall, now called S\u00f6DER, which houses a wide range of restaurants, shops, gyms and Filmstaden. This has contributed to increased visitor numbers in the northern part of the southern part of the city.  <\/p><p>In the middle of the area is Gustav Adolfs torg with the church and the old swimming pool.<\/p><p>In our work, we will primarily focus on complete, clean, tidy and safe. Achieving this requires collaboration and participation in a widespread way. <\/p><p>S\u00f6der is a complex area with deeper issues, which are not only related to public space. The issue of gender equality is essential, as is the issue of integration. Activating and finding destinations for a broader group, creating pride and ownership. At the same time, S\u00f6der&#8217;s history and diversity become an asset and an identity.   <\/p>\t\t\t\t\t\t\t\t<\/div>\n\t\t\t\t<\/div>\n\t\t\t\t\t<\/div>\n\t\t<\/div>\n\t\t\t\t<div class=\"elementor-column elementor-col-33 elementor-top-column elementor-element elementor-element-edeb38b\" data-id=\"edeb38b\" data-element_type=\"column\" data-e-type=\"column\">\n\t\t\t<div class=\"elementor-widget-wrap elementor-element-populated\">\n\t\t\t\t\t\t<div class=\"elementor-element elementor-element-954f618 elementor-widget elementor-widget-image\" data-id=\"954f618\" data-element_type=\"widget\" data-e-type=\"widget\" data-widget_type=\"image.default\">\n\t\t\t\t<div class=\"elementor-widget-container\">\n\t\t\t\t\t\t\t\t\t\t\t\t\t\t\t<img fetchpriority=\"high\" decoding=\"async\" width=\"188\" height=\"300\" src=\"https:\/\/hbgcity.se\/wp-content\/uploads\/2023\/03\/alskade-soder-188x300-1.png\" class=\"attachment-large size-large wp-image-20907\" alt=\"\" \/>\t\t\t\t\t\t\t\t\t\t\t\t\t\t\t<\/div>\n\t\t\t\t<\/div>\n\t\t\t\t\t<\/div>\n\t\t<\/div>\n\t\t\t\t\t<\/div>\n\t\t<\/section>\n\t\t\t\t<\/div>\n\t\t","protected":false},"excerpt":{"rendered":"<p>The Elderly area S\u00f6der The current area is directly linked to the two certified Purple Flag areas and includes the S\u00f6der district with its buildings, parking lots and streets. Primary areas are mainly the commercial area, but to cover residents and students there is also a secondary area. The light area within the oval is [&hellip;]<\/p>\n","protected":false},"author":1,"featured_media":0,"parent":22709,"menu_order":0,"comment_status":"closed","ping_status":"closed","template":"","meta":{"_acf_changed":false,"site-sidebar-layout":"no-sidebar","site-content-layout":"page-builder","ast-site-content-layout":"default","site-content-style":"default","site-sidebar-style":"default","ast-global-header-display":"","ast-banner-title-visibility":"","ast-main-header-display":"","ast-hfb-above-header-display":"","ast-hfb-below-header-display":"","ast-hfb-mobile-header-display":"","site-post-title":"disabled","ast-breadcrumbs-content":"","ast-featured-img":"disabled","footer-sml-layout":"","ast-disable-related-posts":"","theme-transparent-header-meta":"default","adv-header-id-meta":"","stick-header-meta":"default","header-above-stick-meta":"","header-main-stick-meta":"","header-below-stick-meta":"","astra-migrate-meta-layouts":"default","ast-page-background-enabled":"default","ast-page-background-meta":{"desktop":{"background-color":"","background-image":"","background-repeat":"repeat","background-position":"center center","background-size":"auto","background-attachment":"scroll","background-type":"","background-media":"","overlay-type":"","overlay-color":"","overlay-opacity":"","overlay-gradient":""},"tablet":{"background-color":"","background-image":"","background-repeat":"repeat","background-position":"center center","background-size":"auto","background-attachment":"scroll","background-type":"","background-media":"","overlay-type":"","overlay-color":"","overlay-opacity":"","overlay-gradient":""},"mobile":{"background-color":"","background-image":"","background-repeat":"repeat","background-position":"center center","background-size":"auto","background-attachment":"scroll","background-type":"","background-media":"","overlay-type":"","overlay-color":"","overlay-opacity":"","overlay-gradient":""}},"ast-content-background-meta":{"desktop":{"background-color":"var(--ast-global-color-5)","background-image":"","background-repeat":"repeat","background-position":"center center","background-size":"auto","background-attachment":"scroll","background-type":"","background-media":"","overlay-type":"","overlay-color":"","overlay-opacity":"","overlay-gradient":""},"tablet":{"background-color":"var(--ast-global-color-5)","background-image":"","background-repeat":"repeat","background-position":"center center","background-size":"auto","background-attachment":"scroll","background-type":"","background-media":"","overlay-type":"","overlay-color":"","overlay-opacity":"","overlay-gradient":""},"mobile":{"background-color":"var(--ast-global-color-5)","background-image":"","background-repeat":"repeat","background-position":"center center","background-size":"auto","background-attachment":"scroll","background-type":"","background-media":"","overlay-type":"","overlay-color":"","overlay-opacity":"","overlay-gradient":""}},"footnotes":""},"class_list":["post-22711","page","type-page","status-publish","hentry"],"acf":[],"yoast_head":"<!-- This site is optimized with the Yoast SEO plugin v27.5 - https:\/\/yoast.com\/product\/yoast-seo-wordpress\/ -->\n<title>The area - V\u00e4lkommen till Helsingborg city!<\/title>\n<meta name=\"robots\" content=\"index, follow, max-snippet:-1, max-image-preview:large, max-video-preview:-1\" \/>\n<link rel=\"canonical\" href=\"https:\/\/hbgcity.se\/en\/the-city-center\/beloved-south\/the-area\/\" \/>\n<meta property=\"og:locale\" content=\"en_US\" \/>\n<meta property=\"og:type\" content=\"article\" \/>\n<meta property=\"og:title\" content=\"The area - V\u00e4lkommen till Helsingborg city!\" \/>\n<meta property=\"og:description\" content=\"The Elderly area S\u00f6der The current area is directly linked to the two certified Purple Flag areas and includes the S\u00f6der district with its buildings, parking lots and streets. Primary areas are mainly the commercial area, but to cover residents and students there is also a secondary area. The light area within the oval is [&hellip;]\" \/>\n<meta property=\"og:url\" content=\"https:\/\/hbgcity.se\/en\/the-city-center\/beloved-south\/the-area\/\" \/>\n<meta property=\"og:site_name\" content=\"V\u00e4lkommen till Helsingborg city!\" \/>\n<meta property=\"article:publisher\" content=\"https:\/\/www.facebook.com\/helsingborgcity\" \/>\n<meta property=\"article:modified_time\" content=\"2025-09-22T09:20:39+00:00\" \/>\n<meta property=\"og:image\" content=\"https:\/\/hbgcity.se\/wp-content\/uploads\/2023\/03\/purpleflag-soder-karta-800x690-1.png\" \/>\n<meta name=\"twitter:card\" content=\"summary_large_image\" \/>\n<meta name=\"twitter:label1\" content=\"Est. reading time\" \/>\n\t<meta name=\"twitter:data1\" content=\"5 minutes\" \/>\n<script type=\"application\/ld+json\" class=\"yoast-schema-graph\">{\"@context\":\"https:\\\/\\\/schema.org\",\"@graph\":[{\"@type\":\"WebPage\",\"@id\":\"https:\\\/\\\/hbgcity.se\\\/en\\\/the-city-center\\\/beloved-south\\\/the-area\\\/\",\"url\":\"https:\\\/\\\/hbgcity.se\\\/en\\\/the-city-center\\\/beloved-south\\\/the-area\\\/\",\"name\":\"The area - V\u00e4lkommen till Helsingborg city!\",\"isPartOf\":{\"@id\":\"https:\\\/\\\/hbgcity.se\\\/en\\\/#website\"},\"primaryImageOfPage\":{\"@id\":\"https:\\\/\\\/hbgcity.se\\\/en\\\/the-city-center\\\/beloved-south\\\/the-area\\\/#primaryimage\"},\"image\":{\"@id\":\"https:\\\/\\\/hbgcity.se\\\/en\\\/the-city-center\\\/beloved-south\\\/the-area\\\/#primaryimage\"},\"thumbnailUrl\":\"https:\\\/\\\/hbgcity.se\\\/wp-content\\\/uploads\\\/2023\\\/03\\\/purpleflag-soder-karta-800x690-1.png\",\"datePublished\":\"2022-12-04T17:35:17+00:00\",\"dateModified\":\"2025-09-22T09:20:39+00:00\",\"breadcrumb\":{\"@id\":\"https:\\\/\\\/hbgcity.se\\\/en\\\/the-city-center\\\/beloved-south\\\/the-area\\\/#breadcrumb\"},\"inLanguage\":\"en-US\",\"potentialAction\":[{\"@type\":\"ReadAction\",\"target\":[\"https:\\\/\\\/hbgcity.se\\\/en\\\/the-city-center\\\/beloved-south\\\/the-area\\\/\"]}]},{\"@type\":\"ImageObject\",\"inLanguage\":\"en-US\",\"@id\":\"https:\\\/\\\/hbgcity.se\\\/en\\\/the-city-center\\\/beloved-south\\\/the-area\\\/#primaryimage\",\"url\":\"https:\\\/\\\/hbgcity.se\\\/wp-content\\\/uploads\\\/2023\\\/03\\\/purpleflag-soder-karta-800x690-1.png\",\"contentUrl\":\"https:\\\/\\\/hbgcity.se\\\/wp-content\\\/uploads\\\/2023\\\/03\\\/purpleflag-soder-karta-800x690-1.png\"},{\"@type\":\"BreadcrumbList\",\"@id\":\"https:\\\/\\\/hbgcity.se\\\/en\\\/the-city-center\\\/beloved-south\\\/the-area\\\/#breadcrumb\",\"itemListElement\":[{\"@type\":\"ListItem\",\"position\":1,\"name\":\"Home\",\"item\":\"https:\\\/\\\/hbgcity.se\\\/en\\\/home-2\\\/\"},{\"@type\":\"ListItem\",\"position\":2,\"name\":\"The city center\",\"item\":\"https:\\\/\\\/hbgcity.se\\\/en\\\/the-city-center\\\/\"},{\"@type\":\"ListItem\",\"position\":3,\"name\":\"Beloved South\",\"item\":\"https:\\\/\\\/hbgcity.se\\\/en\\\/the-city-center\\\/beloved-south\\\/\"},{\"@type\":\"ListItem\",\"position\":4,\"name\":\"The area\"}]},{\"@type\":\"WebSite\",\"@id\":\"https:\\\/\\\/hbgcity.se\\\/en\\\/#website\",\"url\":\"https:\\\/\\\/hbgcity.se\\\/en\\\/\",\"name\":\"V\u00e4lkommen till HBG City!\",\"description\":\"I Helsingborg finns n\u00e5got f\u00f6r alla!\",\"publisher\":{\"@id\":\"https:\\\/\\\/hbgcity.se\\\/en\\\/#organization\"},\"potentialAction\":[{\"@type\":\"SearchAction\",\"target\":{\"@type\":\"EntryPoint\",\"urlTemplate\":\"https:\\\/\\\/hbgcity.se\\\/en\\\/?s={search_term_string}\"},\"query-input\":{\"@type\":\"PropertyValueSpecification\",\"valueRequired\":true,\"valueName\":\"search_term_string\"}}],\"inLanguage\":\"en-US\"},{\"@type\":\"Organization\",\"@id\":\"https:\\\/\\\/hbgcity.se\\\/en\\\/#organization\",\"name\":\"V\u00e4lkommen till Hbgcity!\",\"url\":\"https:\\\/\\\/hbgcity.se\\\/en\\\/\",\"logo\":{\"@type\":\"ImageObject\",\"inLanguage\":\"en-US\",\"@id\":\"https:\\\/\\\/hbgcity.se\\\/en\\\/#\\\/schema\\\/logo\\\/image\\\/\",\"url\":\"https:\\\/\\\/hbgcity.se\\\/wp-content\\\/uploads\\\/2023\\\/02\\\/HBG-CITY-Huvudlogotyp.svg\",\"contentUrl\":\"https:\\\/\\\/hbgcity.se\\\/wp-content\\\/uploads\\\/2023\\\/02\\\/HBG-CITY-Huvudlogotyp.svg\",\"caption\":\"V\u00e4lkommen till Hbgcity!\"},\"image\":{\"@id\":\"https:\\\/\\\/hbgcity.se\\\/en\\\/#\\\/schema\\\/logo\\\/image\\\/\"},\"sameAs\":[\"https:\\\/\\\/www.facebook.com\\\/helsingborgcity\",\"https:\\\/\\\/www.instagram.com\\\/hbgcity\\\/\",\"https:\\\/\\\/www.linkedin.com\\\/company\\\/helsingborg-city\"]}]}<\/script>\n<!-- \/ Yoast SEO plugin. -->","yoast_head_json":{"title":"The area - V\u00e4lkommen till Helsingborg city!","robots":{"index":"index","follow":"follow","max-snippet":"max-snippet:-1","max-image-preview":"max-image-preview:large","max-video-preview":"max-video-preview:-1"},"canonical":"https:\/\/hbgcity.se\/en\/the-city-center\/beloved-south\/the-area\/","og_locale":"en_US","og_type":"article","og_title":"The area - V\u00e4lkommen till Helsingborg city!","og_description":"The Elderly area S\u00f6der The current area is directly linked to the two certified Purple Flag areas and includes the S\u00f6der district with its buildings, parking lots and streets. Primary areas are mainly the commercial area, but to cover residents and students there is also a secondary area. The light area within the oval is [&hellip;]","og_url":"https:\/\/hbgcity.se\/en\/the-city-center\/beloved-south\/the-area\/","og_site_name":"V\u00e4lkommen till Helsingborg city!","article_publisher":"https:\/\/www.facebook.com\/helsingborgcity","article_modified_time":"2025-09-22T09:20:39+00:00","og_image":[{"url":"https:\/\/hbgcity.se\/wp-content\/uploads\/2023\/03\/purpleflag-soder-karta-800x690-1.png","type":"","width":"","height":""}],"twitter_card":"summary_large_image","twitter_misc":{"Est. reading time":"5 minutes"},"schema":{"@context":"https:\/\/schema.org","@graph":[{"@type":"WebPage","@id":"https:\/\/hbgcity.se\/en\/the-city-center\/beloved-south\/the-area\/","url":"https:\/\/hbgcity.se\/en\/the-city-center\/beloved-south\/the-area\/","name":"The area - V\u00e4lkommen till Helsingborg city!","isPartOf":{"@id":"https:\/\/hbgcity.se\/en\/#website"},"primaryImageOfPage":{"@id":"https:\/\/hbgcity.se\/en\/the-city-center\/beloved-south\/the-area\/#primaryimage"},"image":{"@id":"https:\/\/hbgcity.se\/en\/the-city-center\/beloved-south\/the-area\/#primaryimage"},"thumbnailUrl":"https:\/\/hbgcity.se\/wp-content\/uploads\/2023\/03\/purpleflag-soder-karta-800x690-1.png","datePublished":"2022-12-04T17:35:17+00:00","dateModified":"2025-09-22T09:20:39+00:00","breadcrumb":{"@id":"https:\/\/hbgcity.se\/en\/the-city-center\/beloved-south\/the-area\/#breadcrumb"},"inLanguage":"en-US","potentialAction":[{"@type":"ReadAction","target":["https:\/\/hbgcity.se\/en\/the-city-center\/beloved-south\/the-area\/"]}]},{"@type":"ImageObject","inLanguage":"en-US","@id":"https:\/\/hbgcity.se\/en\/the-city-center\/beloved-south\/the-area\/#primaryimage","url":"https:\/\/hbgcity.se\/wp-content\/uploads\/2023\/03\/purpleflag-soder-karta-800x690-1.png","contentUrl":"https:\/\/hbgcity.se\/wp-content\/uploads\/2023\/03\/purpleflag-soder-karta-800x690-1.png"},{"@type":"BreadcrumbList","@id":"https:\/\/hbgcity.se\/en\/the-city-center\/beloved-south\/the-area\/#breadcrumb","itemListElement":[{"@type":"ListItem","position":1,"name":"Home","item":"https:\/\/hbgcity.se\/en\/home-2\/"},{"@type":"ListItem","position":2,"name":"The city center","item":"https:\/\/hbgcity.se\/en\/the-city-center\/"},{"@type":"ListItem","position":3,"name":"Beloved South","item":"https:\/\/hbgcity.se\/en\/the-city-center\/beloved-south\/"},{"@type":"ListItem","position":4,"name":"The area"}]},{"@type":"WebSite","@id":"https:\/\/hbgcity.se\/en\/#website","url":"https:\/\/hbgcity.se\/en\/","name":"V\u00e4lkommen till HBG City!","description":"I Helsingborg finns n\u00e5got f\u00f6r alla!","publisher":{"@id":"https:\/\/hbgcity.se\/en\/#organization"},"potentialAction":[{"@type":"SearchAction","target":{"@type":"EntryPoint","urlTemplate":"https:\/\/hbgcity.se\/en\/?s={search_term_string}"},"query-input":{"@type":"PropertyValueSpecification","valueRequired":true,"valueName":"search_term_string"}}],"inLanguage":"en-US"},{"@type":"Organization","@id":"https:\/\/hbgcity.se\/en\/#organization","name":"V\u00e4lkommen till Hbgcity!","url":"https:\/\/hbgcity.se\/en\/","logo":{"@type":"ImageObject","inLanguage":"en-US","@id":"https:\/\/hbgcity.se\/en\/#\/schema\/logo\/image\/","url":"https:\/\/hbgcity.se\/wp-content\/uploads\/2023\/02\/HBG-CITY-Huvudlogotyp.svg","contentUrl":"https:\/\/hbgcity.se\/wp-content\/uploads\/2023\/02\/HBG-CITY-Huvudlogotyp.svg","caption":"V\u00e4lkommen till Hbgcity!"},"image":{"@id":"https:\/\/hbgcity.se\/en\/#\/schema\/logo\/image\/"},"sameAs":["https:\/\/www.facebook.com\/helsingborgcity","https:\/\/www.instagram.com\/hbgcity\/","https:\/\/www.linkedin.com\/company\/helsingborg-city"]}]}},"_links":{"self":[{"href":"https:\/\/hbgcity.se\/en\/wp-json\/wp\/v2\/pages\/22711","targetHints":{"allow":["GET"]}}],"collection":[{"href":"https:\/\/hbgcity.se\/en\/wp-json\/wp\/v2\/pages"}],"about":[{"href":"https:\/\/hbgcity.se\/en\/wp-json\/wp\/v2\/types\/page"}],"author":[{"embeddable":true,"href":"https:\/\/hbgcity.se\/en\/wp-json\/wp\/v2\/users\/1"}],"replies":[{"embeddable":true,"href":"https:\/\/hbgcity.se\/en\/wp-json\/wp\/v2\/comments?post=22711"}],"version-history":[{"count":7,"href":"https:\/\/hbgcity.se\/en\/wp-json\/wp\/v2\/pages\/22711\/revisions"}],"predecessor-version":[{"id":30710,"href":"https:\/\/hbgcity.se\/en\/wp-json\/wp\/v2\/pages\/22711\/revisions\/30710"}],"up":[{"embeddable":true,"href":"https:\/\/hbgcity.se\/en\/wp-json\/wp\/v2\/pages\/22709"}],"wp:attachment":[{"href":"https:\/\/hbgcity.se\/en\/wp-json\/wp\/v2\/media?parent=22711"}],"curies":[{"name":"wp","href":"https:\/\/api.w.org\/{rel}","templated":true}]}}