{"id":22726,"date":"2022-12-04T18:35:30","date_gmt":"2022-12-04T17:35:30","guid":{"rendered":"https:\/\/hbgcity.se\/beloved-south\/existing-networks-and-forms-of-cooperation\/"},"modified":"2025-05-22T10:42:59","modified_gmt":"2025-05-22T08:42:59","slug":"existing-networks-and-forms-of-cooperation","status":"publish","type":"page","link":"https:\/\/hbgcity.se\/en\/the-city-center\/beloved-south\/existing-networks-and-forms-of-cooperation\/","title":{"rendered":"Existing networks and forms of cooperation"},"content":{"rendered":"\t\t<div data-elementor-type=\"wp-page\" data-elementor-id=\"22726\" class=\"elementor elementor-22726 elementor-4651\" data-elementor-post-type=\"page\">\n\t\t\t\t\t\t<section class=\"elementor-section elementor-top-section elementor-element elementor-element-7eeeb009 elementor-section-height-min-height elementor-section-boxed elementor-section-height-default elementor-section-items-middle\" data-id=\"7eeeb009\" data-element_type=\"section\" data-e-type=\"section\" data-settings=\"{&quot;background_background&quot;:&quot;classic&quot;}\">\n\t\t\t\t\t\t<div class=\"elementor-container elementor-column-gap-default\">\n\t\t\t\t\t<div class=\"elementor-column elementor-col-100 elementor-top-column elementor-element elementor-element-28e932a9\" data-id=\"28e932a9\" data-element_type=\"column\" data-e-type=\"column\">\n\t\t\t<div class=\"elementor-widget-wrap\">\n\t\t\t\t\t\t\t<\/div>\n\t\t<\/div>\n\t\t\t\t\t<\/div>\n\t\t<\/section>\n\t\t\t\t<section class=\"elementor-section elementor-top-section elementor-element elementor-element-83aa1cb elementor-section-boxed elementor-section-height-default elementor-section-height-default\" data-id=\"83aa1cb\" data-element_type=\"section\" data-e-type=\"section\">\n\t\t\t\t\t\t<div class=\"elementor-container elementor-column-gap-default\">\n\t\t\t\t\t<div class=\"elementor-column elementor-col-66 elementor-top-column elementor-element elementor-element-412098e6\" data-id=\"412098e6\" data-element_type=\"column\" data-e-type=\"column\">\n\t\t\t<div class=\"elementor-widget-wrap elementor-element-populated\">\n\t\t\t\t\t\t<div class=\"elementor-element elementor-element-2ebeb509 elementor-widget elementor-widget-heading\" data-id=\"2ebeb509\" data-element_type=\"widget\" data-e-type=\"widget\" data-widget_type=\"heading.default\">\n\t\t\t\t<div class=\"elementor-widget-container\">\n\t\t\t\t\t<h2 class=\"elementor-heading-title elementor-size-default\">Existing networks and forms of cooperation\n<\/h2>\t\t\t\t<\/div>\n\t\t\t\t<\/div>\n\t\t\t\t<div class=\"elementor-element elementor-element-11511c20 elementor-widget elementor-widget-text-editor\" data-id=\"11511c20\" data-element_type=\"widget\" data-e-type=\"widget\" data-widget_type=\"text-editor.default\">\n\t\t\t\t<div class=\"elementor-widget-container\">\n\t\t\t\t\t\t\t\t\t<div class=\"wpb_text_column wpb_content_element vc_custom_1670855816355\"><div class=\"wpb_wrapper\"><div class=\"wpb_text_column wpb_content_element vc_custom_1621762080711\"><div class=\"wpb_wrapper\"><p><strong>The work of \u00c4lskade <\/strong><strong>S<\/strong><strong>\u00f6der is a collaboration between traders, property owners, HBG City, police, Helsingborgs stad, <\/strong><strong>associations and parishes<\/strong><strong> and residents and visitors.<\/strong><\/p><\/div><\/div><div class=\"wpb_text_column wpb_content_element \"><div class=\"wpb_wrapper\"><p><strong>HBG City with subgroups:<\/strong><\/p><p><em>Safety and security in the city center<\/em> &#8211; property owners, business owners, security companies, the police and representatives of the city from the city management administration, the social administration and the urban development administration.<\/p><p><em>Fastighets\u00e4garna City<\/em> -property owners in Helsingborg.<\/p><p><em>Cityf\u00f6reningen<\/em> &#8211; traders and businesses at the center.<\/p><p><em>The Urban Environment Group <\/em>&#8211; a collaborative group for urban environment issues<\/p><p><strong><br>City management administration:<\/strong><\/p><p><em>Tj\u00e4nstemannagruppen tryggare Helsingborg &#8211; <\/em>(decision-making level) city administrations and companies and the police.<\/p><p><em>BSA (crime and damage prevention work) &#8211; <\/em>(operational level) the city&#8217;s administrations, Helsingborgshem, Helsingborg arena och scen AB, R\u00e4ddningstj\u00e4nsten Sk\u00e5ne nordv\u00e4st and the police.<\/p><p><strong><br>Urban development administration:<\/strong><\/p><p><em>Action Plan for Safety in the Urban Environment<\/em><\/p><p><strong>Department of Communication and Enterprise:<\/strong><\/p><p><em>The city&#8217;s pilot function<\/em> for businesses, restaurants and events is held together by the Department for Communication and Business. The purpose of the pilot is to make it easier for the various businesses to obtain permits, to identify opportunities and to engage in dialogue. All areas of authority are represented in the pilot group.  <\/p><p><em>Visit Helsingborg<\/em> &#8211; the city&#8217;s official visitor guide.<\/p><p><strong><br>The reference group (Purple Flag):<\/strong><\/p><p>Representatives in the form of residents, students, property owners, businesses, associations, parishes, city administrations, police and others.<\/p><\/div><\/div><\/div><\/div><div class=\"wpb_text_column wpb_content_element vc_custom_1670856079404\"><div class=\"wpb_wrapper\"> <\/div><\/div>\t\t\t\t\t\t\t\t<\/div>\n\t\t\t\t<\/div>\n\t\t\t\t\t<\/div>\n\t\t<\/div>\n\t\t\t\t<div class=\"elementor-column elementor-col-33 elementor-top-column elementor-element elementor-element-4bfdcecb\" data-id=\"4bfdcecb\" data-element_type=\"column\" data-e-type=\"column\">\n\t\t\t<div class=\"elementor-widget-wrap elementor-element-populated\">\n\t\t\t\t\t\t<div class=\"elementor-element elementor-element-4494a123 elementor-widget elementor-widget-image\" data-id=\"4494a123\" data-element_type=\"widget\" data-e-type=\"widget\" data-widget_type=\"image.default\">\n\t\t\t\t<div class=\"elementor-widget-container\">\n\t\t\t\t\t\t\t\t\t\t\t\t\t\t\t<img fetchpriority=\"high\" decoding=\"async\" width=\"188\" height=\"300\" src=\"https:\/\/hbgcity.se\/wp-content\/uploads\/2023\/03\/alskade-soder-188x300-1.png\" class=\"attachment-large size-large wp-image-20907\" alt=\"\" \/>\t\t\t\t\t\t\t\t\t\t\t\t\t\t\t<\/div>\n\t\t\t\t<\/div>\n\t\t\t\t\t<\/div>\n\t\t<\/div>\n\t\t\t\t\t<\/div>\n\t\t<\/section>\n\t\t\t\t<\/div>\n\t\t","protected":false},"excerpt":{"rendered":"<p>Existing networks and forms of cooperation The work of \u00c4lskade S\u00f6der is a collaboration between traders, property owners, HBG City, police, Helsingborgs stad, associations and parishes and residents and visitors. HBG City with subgroups: Safety and security in the city center &#8211; property owners, business owners, security companies, the police and representatives of the city [&hellip;]<\/p>\n","protected":false},"author":1,"featured_media":0,"parent":22709,"menu_order":0,"comment_status":"closed","ping_status":"closed","template":"","meta":{"_acf_changed":false,"site-sidebar-layout":"no-sidebar","site-content-layout":"page-builder","ast-site-content-layout":"default","site-content-style":"default","site-sidebar-style":"default","ast-global-header-display":"","ast-banner-title-visibility":"","ast-main-header-display":"","ast-hfb-above-header-display":"","ast-hfb-below-header-display":"","ast-hfb-mobile-header-display":"","site-post-title":"disabled","ast-breadcrumbs-content":"","ast-featured-img":"disabled","footer-sml-layout":"","ast-disable-related-posts":"","theme-transparent-header-meta":"default","adv-header-id-meta":"","stick-header-meta":"default","header-above-stick-meta":"","header-main-stick-meta":"","header-below-stick-meta":"","astra-migrate-meta-layouts":"default","ast-page-background-enabled":"default","ast-page-background-meta":{"desktop":{"background-color":"","background-image":"","background-repeat":"repeat","background-position":"center center","background-size":"auto","background-attachment":"scroll","background-type":"","background-media":"","overlay-type":"","overlay-color":"","overlay-opacity":"","overlay-gradient":""},"tablet":{"background-color":"","background-image":"","background-repeat":"repeat","background-position":"center center","background-size":"auto","background-attachment":"scroll","background-type":"","background-media":"","overlay-type":"","overlay-color":"","overlay-opacity":"","overlay-gradient":""},"mobile":{"background-color":"","background-image":"","background-repeat":"repeat","background-position":"center center","background-size":"auto","background-attachment":"scroll","background-type":"","background-media":"","overlay-type":"","overlay-color":"","overlay-opacity":"","overlay-gradient":""}},"ast-content-background-meta":{"desktop":{"background-color":"var(--ast-global-color-5)","background-image":"","background-repeat":"repeat","background-position":"center center","background-size":"auto","background-attachment":"scroll","background-type":"","background-media":"","overlay-type":"","overlay-color":"","overlay-opacity":"","overlay-gradient":""},"tablet":{"background-color":"var(--ast-global-color-5)","background-image":"","background-repeat":"repeat","background-position":"center center","background-size":"auto","background-attachment":"scroll","background-type":"","background-media":"","overlay-type":"","overlay-color":"","overlay-opacity":"","overlay-gradient":""},"mobile":{"background-color":"var(--ast-global-color-5)","background-image":"","background-repeat":"repeat","background-position":"center center","background-size":"auto","background-attachment":"scroll","background-type":"","background-media":"","overlay-type":"","overlay-color":"","overlay-opacity":"","overlay-gradient":""}},"footnotes":""},"class_list":["post-22726","page","type-page","status-publish","hentry"],"acf":[],"yoast_head":"<!-- This site is optimized with the Yoast SEO plugin v27.4 - https:\/\/yoast.com\/product\/yoast-seo-wordpress\/ -->\n<title>Existing networks and forms of cooperation - V\u00e4lkommen till Helsingborg city!<\/title>\n<meta name=\"robots\" content=\"index, follow, max-snippet:-1, max-image-preview:large, max-video-preview:-1\" \/>\n<link rel=\"canonical\" href=\"https:\/\/hbgcity.se\/en\/the-city-center\/beloved-south\/existing-networks-and-forms-of-cooperation\/\" \/>\n<meta property=\"og:locale\" content=\"en_US\" \/>\n<meta property=\"og:type\" content=\"article\" \/>\n<meta property=\"og:title\" content=\"Existing networks and forms of cooperation - V\u00e4lkommen till Helsingborg city!\" \/>\n<meta property=\"og:description\" content=\"Existing networks and forms of cooperation The work of \u00c4lskade S\u00f6der is a collaboration between traders, property owners, HBG City, police, Helsingborgs stad, associations and parishes and residents and visitors. HBG City with subgroups: Safety and security in the city center &#8211; property owners, business owners, security companies, the police and representatives of the city [&hellip;]\" \/>\n<meta property=\"og:url\" content=\"https:\/\/hbgcity.se\/en\/the-city-center\/beloved-south\/existing-networks-and-forms-of-cooperation\/\" \/>\n<meta property=\"og:site_name\" content=\"V\u00e4lkommen till Helsingborg city!\" \/>\n<meta property=\"article:publisher\" content=\"https:\/\/www.facebook.com\/helsingborgcity\" \/>\n<meta property=\"article:modified_time\" content=\"2025-05-22T08:42:59+00:00\" \/>\n<meta property=\"og:image\" content=\"https:\/\/hbgcity.se\/wp-content\/uploads\/2023\/03\/alskade-soder-188x300-1.png\" \/>\n\t<meta property=\"og:image:width\" content=\"188\" \/>\n\t<meta property=\"og:image:height\" content=\"300\" \/>\n\t<meta property=\"og:image:type\" content=\"image\/png\" \/>\n<meta name=\"twitter:card\" content=\"summary_large_image\" \/>\n<meta name=\"twitter:label1\" content=\"Est. reading time\" \/>\n\t<meta name=\"twitter:data1\" content=\"1 minute\" \/>\n<script type=\"application\/ld+json\" class=\"yoast-schema-graph\">{\"@context\":\"https:\\\/\\\/schema.org\",\"@graph\":[{\"@type\":\"WebPage\",\"@id\":\"https:\\\/\\\/hbgcity.se\\\/en\\\/the-city-center\\\/beloved-south\\\/existing-networks-and-forms-of-cooperation\\\/\",\"url\":\"https:\\\/\\\/hbgcity.se\\\/en\\\/the-city-center\\\/beloved-south\\\/existing-networks-and-forms-of-cooperation\\\/\",\"name\":\"Existing networks and forms of cooperation - V\u00e4lkommen till Helsingborg city!\",\"isPartOf\":{\"@id\":\"https:\\\/\\\/hbgcity.se\\\/en\\\/#website\"},\"primaryImageOfPage\":{\"@id\":\"https:\\\/\\\/hbgcity.se\\\/en\\\/the-city-center\\\/beloved-south\\\/existing-networks-and-forms-of-cooperation\\\/#primaryimage\"},\"image\":{\"@id\":\"https:\\\/\\\/hbgcity.se\\\/en\\\/the-city-center\\\/beloved-south\\\/existing-networks-and-forms-of-cooperation\\\/#primaryimage\"},\"thumbnailUrl\":\"https:\\\/\\\/hbgcity.se\\\/wp-content\\\/uploads\\\/2023\\\/03\\\/alskade-soder-188x300-1.png\",\"datePublished\":\"2022-12-04T17:35:30+00:00\",\"dateModified\":\"2025-05-22T08:42:59+00:00\",\"breadcrumb\":{\"@id\":\"https:\\\/\\\/hbgcity.se\\\/en\\\/the-city-center\\\/beloved-south\\\/existing-networks-and-forms-of-cooperation\\\/#breadcrumb\"},\"inLanguage\":\"en-US\",\"potentialAction\":[{\"@type\":\"ReadAction\",\"target\":[\"https:\\\/\\\/hbgcity.se\\\/en\\\/the-city-center\\\/beloved-south\\\/existing-networks-and-forms-of-cooperation\\\/\"]}]},{\"@type\":\"ImageObject\",\"inLanguage\":\"en-US\",\"@id\":\"https:\\\/\\\/hbgcity.se\\\/en\\\/the-city-center\\\/beloved-south\\\/existing-networks-and-forms-of-cooperation\\\/#primaryimage\",\"url\":\"https:\\\/\\\/hbgcity.se\\\/wp-content\\\/uploads\\\/2023\\\/03\\\/alskade-soder-188x300-1.png\",\"contentUrl\":\"https:\\\/\\\/hbgcity.se\\\/wp-content\\\/uploads\\\/2023\\\/03\\\/alskade-soder-188x300-1.png\"},{\"@type\":\"BreadcrumbList\",\"@id\":\"https:\\\/\\\/hbgcity.se\\\/en\\\/the-city-center\\\/beloved-south\\\/existing-networks-and-forms-of-cooperation\\\/#breadcrumb\",\"itemListElement\":[{\"@type\":\"ListItem\",\"position\":1,\"name\":\"Home\",\"item\":\"https:\\\/\\\/hbgcity.se\\\/en\\\/home-2\\\/\"},{\"@type\":\"ListItem\",\"position\":2,\"name\":\"The city center\",\"item\":\"https:\\\/\\\/hbgcity.se\\\/en\\\/the-city-center\\\/\"},{\"@type\":\"ListItem\",\"position\":3,\"name\":\"Beloved South\",\"item\":\"https:\\\/\\\/hbgcity.se\\\/en\\\/the-city-center\\\/beloved-south\\\/\"},{\"@type\":\"ListItem\",\"position\":4,\"name\":\"Existing networks and forms of cooperation\"}]},{\"@type\":\"WebSite\",\"@id\":\"https:\\\/\\\/hbgcity.se\\\/en\\\/#website\",\"url\":\"https:\\\/\\\/hbgcity.se\\\/en\\\/\",\"name\":\"V\u00e4lkommen till HBG City!\",\"description\":\"I Helsingborg finns n\u00e5got f\u00f6r alla!\",\"publisher\":{\"@id\":\"https:\\\/\\\/hbgcity.se\\\/en\\\/#organization\"},\"potentialAction\":[{\"@type\":\"SearchAction\",\"target\":{\"@type\":\"EntryPoint\",\"urlTemplate\":\"https:\\\/\\\/hbgcity.se\\\/en\\\/?s={search_term_string}\"},\"query-input\":{\"@type\":\"PropertyValueSpecification\",\"valueRequired\":true,\"valueName\":\"search_term_string\"}}],\"inLanguage\":\"en-US\"},{\"@type\":\"Organization\",\"@id\":\"https:\\\/\\\/hbgcity.se\\\/en\\\/#organization\",\"name\":\"V\u00e4lkommen till Hbgcity!\",\"url\":\"https:\\\/\\\/hbgcity.se\\\/en\\\/\",\"logo\":{\"@type\":\"ImageObject\",\"inLanguage\":\"en-US\",\"@id\":\"https:\\\/\\\/hbgcity.se\\\/en\\\/#\\\/schema\\\/logo\\\/image\\\/\",\"url\":\"https:\\\/\\\/hbgcity.se\\\/wp-content\\\/uploads\\\/2023\\\/02\\\/HBG-CITY-Huvudlogotyp.svg\",\"contentUrl\":\"https:\\\/\\\/hbgcity.se\\\/wp-content\\\/uploads\\\/2023\\\/02\\\/HBG-CITY-Huvudlogotyp.svg\",\"caption\":\"V\u00e4lkommen till Hbgcity!\"},\"image\":{\"@id\":\"https:\\\/\\\/hbgcity.se\\\/en\\\/#\\\/schema\\\/logo\\\/image\\\/\"},\"sameAs\":[\"https:\\\/\\\/www.facebook.com\\\/helsingborgcity\",\"https:\\\/\\\/www.instagram.com\\\/hbgcity\\\/\",\"https:\\\/\\\/www.linkedin.com\\\/company\\\/helsingborg-city\"]}]}<\/script>\n<!-- \/ Yoast SEO plugin. -->","yoast_head_json":{"title":"Existing networks and forms of cooperation - V\u00e4lkommen till Helsingborg city!","robots":{"index":"index","follow":"follow","max-snippet":"max-snippet:-1","max-image-preview":"max-image-preview:large","max-video-preview":"max-video-preview:-1"},"canonical":"https:\/\/hbgcity.se\/en\/the-city-center\/beloved-south\/existing-networks-and-forms-of-cooperation\/","og_locale":"en_US","og_type":"article","og_title":"Existing networks and forms of cooperation - V\u00e4lkommen till Helsingborg city!","og_description":"Existing networks and forms of cooperation The work of \u00c4lskade S\u00f6der is a collaboration between traders, property owners, HBG City, police, Helsingborgs stad, associations and parishes and residents and visitors. HBG City with subgroups: Safety and security in the city center &#8211; property owners, business owners, security companies, the police and representatives of the city [&hellip;]","og_url":"https:\/\/hbgcity.se\/en\/the-city-center\/beloved-south\/existing-networks-and-forms-of-cooperation\/","og_site_name":"V\u00e4lkommen till Helsingborg city!","article_publisher":"https:\/\/www.facebook.com\/helsingborgcity","article_modified_time":"2025-05-22T08:42:59+00:00","og_image":[{"width":188,"height":300,"url":"https:\/\/hbgcity.se\/wp-content\/uploads\/2023\/03\/alskade-soder-188x300-1.png","type":"image\/png"}],"twitter_card":"summary_large_image","twitter_misc":{"Est. reading time":"1 minute"},"schema":{"@context":"https:\/\/schema.org","@graph":[{"@type":"WebPage","@id":"https:\/\/hbgcity.se\/en\/the-city-center\/beloved-south\/existing-networks-and-forms-of-cooperation\/","url":"https:\/\/hbgcity.se\/en\/the-city-center\/beloved-south\/existing-networks-and-forms-of-cooperation\/","name":"Existing networks and forms of cooperation - V\u00e4lkommen till Helsingborg city!","isPartOf":{"@id":"https:\/\/hbgcity.se\/en\/#website"},"primaryImageOfPage":{"@id":"https:\/\/hbgcity.se\/en\/the-city-center\/beloved-south\/existing-networks-and-forms-of-cooperation\/#primaryimage"},"image":{"@id":"https:\/\/hbgcity.se\/en\/the-city-center\/beloved-south\/existing-networks-and-forms-of-cooperation\/#primaryimage"},"thumbnailUrl":"https:\/\/hbgcity.se\/wp-content\/uploads\/2023\/03\/alskade-soder-188x300-1.png","datePublished":"2022-12-04T17:35:30+00:00","dateModified":"2025-05-22T08:42:59+00:00","breadcrumb":{"@id":"https:\/\/hbgcity.se\/en\/the-city-center\/beloved-south\/existing-networks-and-forms-of-cooperation\/#breadcrumb"},"inLanguage":"en-US","potentialAction":[{"@type":"ReadAction","target":["https:\/\/hbgcity.se\/en\/the-city-center\/beloved-south\/existing-networks-and-forms-of-cooperation\/"]}]},{"@type":"ImageObject","inLanguage":"en-US","@id":"https:\/\/hbgcity.se\/en\/the-city-center\/beloved-south\/existing-networks-and-forms-of-cooperation\/#primaryimage","url":"https:\/\/hbgcity.se\/wp-content\/uploads\/2023\/03\/alskade-soder-188x300-1.png","contentUrl":"https:\/\/hbgcity.se\/wp-content\/uploads\/2023\/03\/alskade-soder-188x300-1.png"},{"@type":"BreadcrumbList","@id":"https:\/\/hbgcity.se\/en\/the-city-center\/beloved-south\/existing-networks-and-forms-of-cooperation\/#breadcrumb","itemListElement":[{"@type":"ListItem","position":1,"name":"Home","item":"https:\/\/hbgcity.se\/en\/home-2\/"},{"@type":"ListItem","position":2,"name":"The city center","item":"https:\/\/hbgcity.se\/en\/the-city-center\/"},{"@type":"ListItem","position":3,"name":"Beloved South","item":"https:\/\/hbgcity.se\/en\/the-city-center\/beloved-south\/"},{"@type":"ListItem","position":4,"name":"Existing networks and forms of cooperation"}]},{"@type":"WebSite","@id":"https:\/\/hbgcity.se\/en\/#website","url":"https:\/\/hbgcity.se\/en\/","name":"V\u00e4lkommen till HBG City!","description":"I Helsingborg finns n\u00e5got f\u00f6r alla!","publisher":{"@id":"https:\/\/hbgcity.se\/en\/#organization"},"potentialAction":[{"@type":"SearchAction","target":{"@type":"EntryPoint","urlTemplate":"https:\/\/hbgcity.se\/en\/?s={search_term_string}"},"query-input":{"@type":"PropertyValueSpecification","valueRequired":true,"valueName":"search_term_string"}}],"inLanguage":"en-US"},{"@type":"Organization","@id":"https:\/\/hbgcity.se\/en\/#organization","name":"V\u00e4lkommen till Hbgcity!","url":"https:\/\/hbgcity.se\/en\/","logo":{"@type":"ImageObject","inLanguage":"en-US","@id":"https:\/\/hbgcity.se\/en\/#\/schema\/logo\/image\/","url":"https:\/\/hbgcity.se\/wp-content\/uploads\/2023\/02\/HBG-CITY-Huvudlogotyp.svg","contentUrl":"https:\/\/hbgcity.se\/wp-content\/uploads\/2023\/02\/HBG-CITY-Huvudlogotyp.svg","caption":"V\u00e4lkommen till Hbgcity!"},"image":{"@id":"https:\/\/hbgcity.se\/en\/#\/schema\/logo\/image\/"},"sameAs":["https:\/\/www.facebook.com\/helsingborgcity","https:\/\/www.instagram.com\/hbgcity\/","https:\/\/www.linkedin.com\/company\/helsingborg-city"]}]}},"_links":{"self":[{"href":"https:\/\/hbgcity.se\/en\/wp-json\/wp\/v2\/pages\/22726","targetHints":{"allow":["GET"]}}],"collection":[{"href":"https:\/\/hbgcity.se\/en\/wp-json\/wp\/v2\/pages"}],"about":[{"href":"https:\/\/hbgcity.se\/en\/wp-json\/wp\/v2\/types\/page"}],"author":[{"embeddable":true,"href":"https:\/\/hbgcity.se\/en\/wp-json\/wp\/v2\/users\/1"}],"replies":[{"embeddable":true,"href":"https:\/\/hbgcity.se\/en\/wp-json\/wp\/v2\/comments?post=22726"}],"version-history":[{"count":5,"href":"https:\/\/hbgcity.se\/en\/wp-json\/wp\/v2\/pages\/22726\/revisions"}],"predecessor-version":[{"id":28021,"href":"https:\/\/hbgcity.se\/en\/wp-json\/wp\/v2\/pages\/22726\/revisions\/28021"}],"up":[{"embeddable":true,"href":"https:\/\/hbgcity.se\/en\/wp-json\/wp\/v2\/pages\/22709"}],"wp:attachment":[{"href":"https:\/\/hbgcity.se\/en\/wp-json\/wp\/v2\/media?parent=22726"}],"curies":[{"name":"wp","href":"https:\/\/api.w.org\/{rel}","templated":true}]}}