{"id":34751,"date":"2025-12-10T08:22:40","date_gmt":"2025-12-10T07:22:40","guid":{"rendered":"https:\/\/hbgcity.se\/projects\/tillganglighet-i-city\/"},"modified":"2025-12-10T08:23:21","modified_gmt":"2025-12-10T07:23:21","slug":"tillganglighet-i-city","status":"publish","type":"page","link":"https:\/\/hbgcity.se\/en\/projekt\/tillganglighet-i-city\/","title":{"rendered":"Accessibility in the city"},"content":{"rendered":"\t\t<div data-elementor-type=\"wp-page\" data-elementor-id=\"34751\" class=\"elementor elementor-34751 elementor-34692\" data-elementor-post-type=\"page\">\n\t\t\t\t\t\t<section class=\"elementor-section elementor-top-section elementor-element elementor-element-1841f1e elementor-section-height-min-height elementor-section-boxed elementor-section-height-default elementor-section-items-middle\" data-id=\"1841f1e\" data-element_type=\"section\" data-e-type=\"section\" data-settings=\"{&quot;background_background&quot;:&quot;classic&quot;}\">\n\t\t\t\t\t\t<div class=\"elementor-container elementor-column-gap-default\">\n\t\t\t\t\t<div class=\"elementor-column elementor-col-100 elementor-top-column elementor-element elementor-element-f0f22b7\" data-id=\"f0f22b7\" data-element_type=\"column\" data-e-type=\"column\">\n\t\t\t<div class=\"elementor-widget-wrap\">\n\t\t\t\t\t\t\t<\/div>\n\t\t<\/div>\n\t\t\t\t\t<\/div>\n\t\t<\/section>\n\t\t\t\t<section class=\"elementor-section elementor-top-section elementor-element elementor-element-48e8614 elementor-section-boxed elementor-section-height-default elementor-section-height-default\" data-id=\"48e8614\" data-element_type=\"section\" data-e-type=\"section\">\n\t\t\t\t\t\t<div class=\"elementor-container elementor-column-gap-default\">\n\t\t\t\t\t<div class=\"elementor-column elementor-col-100 elementor-top-column elementor-element elementor-element-96fcb65\" data-id=\"96fcb65\" data-element_type=\"column\" data-e-type=\"column\">\n\t\t\t<div class=\"elementor-widget-wrap elementor-element-populated\">\n\t\t\t\t\t\t<div class=\"elementor-element elementor-element-b484721 elementor-widget elementor-widget-heading\" data-id=\"b484721\" data-element_type=\"widget\" data-e-type=\"widget\" data-widget_type=\"heading.default\">\n\t\t\t\t<div class=\"elementor-widget-container\">\n\t\t\t\t\t<h1 class=\"elementor-heading-title elementor-size-default\">Accessibility in the city<\/h1>\t\t\t\t<\/div>\n\t\t\t\t<\/div>\n\t\t\t\t<div class=\"elementor-element elementor-element-96785b0 elementor-widget elementor-widget-text-editor\" data-id=\"96785b0\" data-element_type=\"widget\" data-e-type=\"widget\" data-widget_type=\"text-editor.default\">\n\t\t\t\t<div class=\"elementor-widget-container\">\n\t\t\t\t\t\t\t\t\t<p style=\"text-align: center;\">Helsingborg city center should be a place for everyone. Here we have collected information about accessible places in the city. <\/p>\t\t\t\t\t\t\t\t<\/div>\n\t\t\t\t<\/div>\n\t\t\t\t\t<\/div>\n\t\t<\/div>\n\t\t\t\t\t<\/div>\n\t\t<\/section>\n\t\t\t\t<section class=\"elementor-section elementor-top-section elementor-element elementor-element-f640c77 elementor-section-boxed elementor-section-height-default elementor-section-height-default\" data-id=\"f640c77\" data-element_type=\"section\" data-e-type=\"section\">\n\t\t\t\t\t\t<div class=\"elementor-container elementor-column-gap-default\">\n\t\t\t\t\t<div class=\"elementor-column elementor-col-100 elementor-top-column elementor-element elementor-element-90262aa\" data-id=\"90262aa\" data-element_type=\"column\" data-e-type=\"column\">\n\t\t\t<div class=\"elementor-widget-wrap elementor-element-populated\">\n\t\t\t\t\t\t<div class=\"elementor-element elementor-element-303101d elementor-widget elementor-widget-heading\" data-id=\"303101d\" data-element_type=\"widget\" data-e-type=\"widget\" data-widget_type=\"heading.default\">\n\t\t\t\t<div class=\"elementor-widget-container\">\n\t\t\t\t\t<h2 class=\"elementor-heading-title elementor-size-default\">Public places  <\/h2>\t\t\t\t<\/div>\n\t\t\t\t<\/div>\n\t\t\t\t\t<\/div>\n\t\t<\/div>\n\t\t\t\t\t<\/div>\n\t\t<\/section>\n\t\t\t\t<section class=\"elementor-section elementor-top-section elementor-element elementor-element-465e8d8 elementor-section-boxed elementor-section-height-default elementor-section-height-default\" data-id=\"465e8d8\" data-element_type=\"section\" data-e-type=\"section\">\n\t\t\t\t\t\t<div class=\"elementor-container elementor-column-gap-default\">\n\t\t\t\t\t<div class=\"elementor-column elementor-col-50 elementor-top-column elementor-element elementor-element-c0361fe\" data-id=\"c0361fe\" data-element_type=\"column\" data-e-type=\"column\">\n\t\t\t<div class=\"elementor-widget-wrap elementor-element-populated\">\n\t\t\t\t\t\t<div class=\"elementor-element elementor-element-1948394 elementor-widget elementor-widget-text-editor\" data-id=\"1948394\" data-element_type=\"widget\" data-e-type=\"widget\" data-widget_type=\"text-editor.default\">\n\t\t\t\t<div class=\"elementor-widget-container\">\n\t\t\t\t\t\t\t\t\t<p><strong>Public toilets<br><\/strong>Helsingborgs stad&#8217;s map of public toilets shows where they are located and whether they are accessible. <br><a href=\"https:\/\/kartportal.helsingborg.se\/portal\/apps\/instant\/media\/index.html?appid=6f955f386faf473f9dd6735e2790422e\" target=\"_blank\" rel=\"noopener\"><strong>Map of public toilets<\/strong><\/a><\/p><p><strong>Parking spaces<br><\/strong>Helsingborgs stad parking map shows parking spaces in Helsingborg. You can see the price and information about the parking spaces. Select <em>Disabled with parking permit<\/em> to see parking spaces for the disabled.    <br><a href=\"https:\/\/kartportal.helsingborg.se\/portal\/apps\/instant\/sidebar\/index.html?appid=678a559a18834c68b2f148c9b3f70d94\" target=\"_blank\" rel=\"noopener\"><strong>Parking map<\/strong><\/a><\/p><p><strong>Bathing areas<\/strong><br>Here you will find information about available bathing areas in Helsingborg.<br><strong><a href=\"https:\/\/helsingborg.se\/uppleva-och-gora\/friluftsliv-och-motion\/badplatser-och-strander\/handikappanpassade-strander\/\" target=\"_blank\" rel=\"noopener\">Bathing places<\/a><\/strong><\/p>\t\t\t\t\t\t\t\t<\/div>\n\t\t\t\t<\/div>\n\t\t\t\t\t<\/div>\n\t\t<\/div>\n\t\t\t\t<div class=\"elementor-column elementor-col-50 elementor-top-column elementor-element elementor-element-98394f3\" data-id=\"98394f3\" data-element_type=\"column\" data-e-type=\"column\">\n\t\t\t<div class=\"elementor-widget-wrap elementor-element-populated\">\n\t\t\t\t\t\t<div class=\"elementor-element elementor-element-3e74187 elementor-widget elementor-widget-image\" data-id=\"3e74187\" data-element_type=\"widget\" data-e-type=\"widget\" data-widget_type=\"image.default\">\n\t\t\t\t<div class=\"elementor-widget-container\">\n\t\t\t\t\t\t\t\t\t\t\t\t\t\t\t<img fetchpriority=\"high\" decoding=\"async\" width=\"900\" height=\"600\" src=\"https:\/\/hbgcity.se\/wp-content\/uploads\/2025\/12\/Toalett-Helsingborg-tillgganglighetsanpassad.jpg\" class=\"attachment-large size-large wp-image-34707\" alt=\"En offentlig toalett utomhus. Toalettens v\u00e4ggar har zeebram\u00f6nster\" srcset=\"https:\/\/hbgcity.se\/wp-content\/uploads\/2025\/12\/Toalett-Helsingborg-tillgganglighetsanpassad.jpg 900w, https:\/\/hbgcity.se\/wp-content\/uploads\/2025\/12\/Toalett-Helsingborg-tillgganglighetsanpassad-300x200.jpg 300w, https:\/\/hbgcity.se\/wp-content\/uploads\/2025\/12\/Toalett-Helsingborg-tillgganglighetsanpassad-768x512.jpg 768w\" sizes=\"(max-width: 900px) 100vw, 900px\" \/>\t\t\t\t\t\t\t\t\t\t\t\t\t\t\t<\/div>\n\t\t\t\t<\/div>\n\t\t\t\t\t<\/div>\n\t\t<\/div>\n\t\t\t\t\t<\/div>\n\t\t<\/section>\n\t\t\t\t<section class=\"elementor-section elementor-top-section elementor-element elementor-element-461b5a6 elementor-section-boxed elementor-section-height-default elementor-section-height-default\" data-id=\"461b5a6\" data-element_type=\"section\" data-e-type=\"section\">\n\t\t\t\t\t\t<div class=\"elementor-container elementor-column-gap-default\">\n\t\t\t\t\t<div class=\"elementor-column elementor-col-100 elementor-top-column elementor-element elementor-element-c4760fd\" data-id=\"c4760fd\" data-element_type=\"column\" data-e-type=\"column\">\n\t\t\t<div class=\"elementor-widget-wrap elementor-element-populated\">\n\t\t\t\t\t\t<div class=\"elementor-element elementor-element-ae9f46d elementor-widget elementor-widget-text-editor\" data-id=\"ae9f46d\" data-element_type=\"widget\" data-e-type=\"widget\" data-widget_type=\"text-editor.default\">\n\t\t\t\t<div class=\"elementor-widget-container\">\n\t\t\t\t\t\t\t\t\t<p>More information about accessibility in Helsingborg can be found at <strong><a href=\"https:\/\/helsingborg.se\/trafik-och-stadsplanering\/gator-och-trottoarer\/tillganglighet\/\" target=\"_blank\" rel=\"noopener\">helsingborg.se<\/a><\/strong>.  <\/p>\t\t\t\t\t\t\t\t<\/div>\n\t\t\t\t<\/div>\n\t\t\t\t\t<\/div>\n\t\t<\/div>\n\t\t\t\t\t<\/div>\n\t\t<\/section>\n\t\t\t\t<\/div>\n\t\t","protected":false},"excerpt":{"rendered":"<p>Accessibility in the city Helsingborg city center should be a place for everyone. Here we have collected information about accessible places in the city. Public places Public toiletsHelsingborgs stad&#8217;s map of public toilets shows where they are located and whether they are accessible. Map of public toilets Parking spacesHelsingborgs stad parking map shows parking spaces [&hellip;]<\/p>\n","protected":false},"author":9,"featured_media":34704,"parent":22699,"menu_order":0,"comment_status":"closed","ping_status":"closed","template":"","meta":{"_acf_changed":false,"site-sidebar-layout":"no-sidebar","site-content-layout":"page-builder","ast-site-content-layout":"full-width-container","site-content-style":"unboxed","site-sidebar-style":"unboxed","ast-global-header-display":"","ast-banner-title-visibility":"","ast-main-header-display":"","ast-hfb-above-header-display":"","ast-hfb-below-header-display":"","ast-hfb-mobile-header-display":"","site-post-title":"disabled","ast-breadcrumbs-content":"","ast-featured-img":"disabled","footer-sml-layout":"","ast-disable-related-posts":"","theme-transparent-header-meta":"default","adv-header-id-meta":"","stick-header-meta":"default","header-above-stick-meta":"","header-main-stick-meta":"","header-below-stick-meta":"","astra-migrate-meta-layouts":"default","ast-page-background-enabled":"default","ast-page-background-meta":{"desktop":{"background-color":"","background-image":"","background-repeat":"repeat","background-position":"center center","background-size":"auto","background-attachment":"scroll","background-type":"","background-media":"","overlay-type":"","overlay-color":"","overlay-opacity":"","overlay-gradient":""},"tablet":{"background-color":"","background-image":"","background-repeat":"repeat","background-position":"center center","background-size":"auto","background-attachment":"scroll","background-type":"","background-media":"","overlay-type":"","overlay-color":"","overlay-opacity":"","overlay-gradient":""},"mobile":{"background-color":"","background-image":"","background-repeat":"repeat","background-position":"center center","background-size":"auto","background-attachment":"scroll","background-type":"","background-media":"","overlay-type":"","overlay-color":"","overlay-opacity":"","overlay-gradient":""}},"ast-content-background-meta":{"desktop":{"background-color":"var(--ast-global-color-5)","background-image":"","background-repeat":"repeat","background-position":"center center","background-size":"auto","background-attachment":"scroll","background-type":"","background-media":"","overlay-type":"","overlay-color":"","overlay-opacity":"","overlay-gradient":""},"tablet":{"background-color":"var(--ast-global-color-5)","background-image":"","background-repeat":"repeat","background-position":"center center","background-size":"auto","background-attachment":"scroll","background-type":"","background-media":"","overlay-type":"","overlay-color":"","overlay-opacity":"","overlay-gradient":""},"mobile":{"background-color":"var(--ast-global-color-5)","background-image":"","background-repeat":"repeat","background-position":"center center","background-size":"auto","background-attachment":"scroll","background-type":"","background-media":"","overlay-type":"","overlay-color":"","overlay-opacity":"","overlay-gradient":""}},"footnotes":""},"class_list":["post-34751","page","type-page","status-publish","has-post-thumbnail","hentry"],"acf":[],"yoast_head":"<!-- This site is optimized with the Yoast SEO plugin v27.4 - https:\/\/yoast.com\/product\/yoast-seo-wordpress\/ -->\n<title>Accessibility in the city - V\u00e4lkommen till Helsingborg city!<\/title>\n<meta name=\"description\" content=\"Helsingborg city center should be a place for everyone. Here you can find information about accessibility in Helsingborg city.\" \/>\n<meta name=\"robots\" content=\"index, follow, max-snippet:-1, max-image-preview:large, max-video-preview:-1\" \/>\n<link rel=\"canonical\" href=\"https:\/\/hbgcity.se\/en\/projekt\/tillganglighet-i-city\/\" \/>\n<meta property=\"og:locale\" content=\"en_US\" \/>\n<meta property=\"og:type\" content=\"article\" \/>\n<meta property=\"og:title\" content=\"Accessibility in the city - V\u00e4lkommen till Helsingborg city!\" \/>\n<meta property=\"og:description\" content=\"Helsingborg city center should be a place for everyone. Here you can find information about accessibility in Helsingborg city.\" \/>\n<meta property=\"og:url\" content=\"https:\/\/hbgcity.se\/en\/projekt\/tillganglighet-i-city\/\" \/>\n<meta property=\"og:site_name\" content=\"V\u00e4lkommen till Helsingborg city!\" \/>\n<meta property=\"article:publisher\" content=\"https:\/\/www.facebook.com\/helsingborgcity\" \/>\n<meta property=\"article:modified_time\" content=\"2025-12-10T07:23:21+00:00\" \/>\n<meta property=\"og:image\" content=\"https:\/\/hbgcity.se\/wp-content\/uploads\/2025\/12\/Tillganglighet-Helsingborg-city.png\" \/>\n\t<meta property=\"og:image:width\" content=\"1600\" \/>\n\t<meta property=\"og:image:height\" content=\"900\" \/>\n\t<meta property=\"og:image:type\" content=\"image\/png\" \/>\n<meta name=\"twitter:card\" content=\"summary_large_image\" \/>\n<meta name=\"twitter:label1\" content=\"Est. reading time\" \/>\n\t<meta name=\"twitter:data1\" content=\"1 minute\" \/>\n<script type=\"application\/ld+json\" class=\"yoast-schema-graph\">{\"@context\":\"https:\\\/\\\/schema.org\",\"@graph\":[{\"@type\":\"WebPage\",\"@id\":\"https:\\\/\\\/hbgcity.se\\\/en\\\/projekt\\\/tillganglighet-i-city\\\/\",\"url\":\"https:\\\/\\\/hbgcity.se\\\/en\\\/projekt\\\/tillganglighet-i-city\\\/\",\"name\":\"Accessibility in the city - V\u00e4lkommen till Helsingborg city!\",\"isPartOf\":{\"@id\":\"https:\\\/\\\/hbgcity.se\\\/en\\\/#website\"},\"primaryImageOfPage\":{\"@id\":\"https:\\\/\\\/hbgcity.se\\\/en\\\/projekt\\\/tillganglighet-i-city\\\/#primaryimage\"},\"image\":{\"@id\":\"https:\\\/\\\/hbgcity.se\\\/en\\\/projekt\\\/tillganglighet-i-city\\\/#primaryimage\"},\"thumbnailUrl\":\"https:\\\/\\\/hbgcity.se\\\/wp-content\\\/uploads\\\/2025\\\/12\\\/Tillganglighet-Helsingborg-city.png\",\"datePublished\":\"2025-12-10T07:22:40+00:00\",\"dateModified\":\"2025-12-10T07:23:21+00:00\",\"description\":\"Helsingborg city center should be a place for everyone. Here you can find information about accessibility in Helsingborg city.\",\"breadcrumb\":{\"@id\":\"https:\\\/\\\/hbgcity.se\\\/en\\\/projekt\\\/tillganglighet-i-city\\\/#breadcrumb\"},\"inLanguage\":\"en-US\",\"potentialAction\":[{\"@type\":\"ReadAction\",\"target\":[\"https:\\\/\\\/hbgcity.se\\\/en\\\/projekt\\\/tillganglighet-i-city\\\/\"]}]},{\"@type\":\"ImageObject\",\"inLanguage\":\"en-US\",\"@id\":\"https:\\\/\\\/hbgcity.se\\\/en\\\/projekt\\\/tillganglighet-i-city\\\/#primaryimage\",\"url\":\"https:\\\/\\\/hbgcity.se\\\/wp-content\\\/uploads\\\/2025\\\/12\\\/Tillganglighet-Helsingborg-city.png\",\"contentUrl\":\"https:\\\/\\\/hbgcity.se\\\/wp-content\\\/uploads\\\/2025\\\/12\\\/Tillganglighet-Helsingborg-city.png\",\"width\":1600,\"height\":900,\"caption\":\"Ett g\u00e5ngstr\u00e5k med tr\u00e4b\u00e4nkar d\u00e4r en person sitter och vilar. L\u00e4ngre fram g\u00e5r en person l\u00e4ngs str\u00e5ket. I bakgrunden sr man havet och p\u00e5 h\u00f6ger sida l\u00e4genhetsfasader.\"},{\"@type\":\"BreadcrumbList\",\"@id\":\"https:\\\/\\\/hbgcity.se\\\/en\\\/projekt\\\/tillganglighet-i-city\\\/#breadcrumb\",\"itemListElement\":[{\"@type\":\"ListItem\",\"position\":1,\"name\":\"Home\",\"item\":\"https:\\\/\\\/hbgcity.se\\\/en\\\/home-2\\\/\"},{\"@type\":\"ListItem\",\"position\":2,\"name\":\"Projects\",\"item\":\"https:\\\/\\\/hbgcity.se\\\/en\\\/projekt\\\/\"},{\"@type\":\"ListItem\",\"position\":3,\"name\":\"Accessibility in the city\"}]},{\"@type\":\"WebSite\",\"@id\":\"https:\\\/\\\/hbgcity.se\\\/en\\\/#website\",\"url\":\"https:\\\/\\\/hbgcity.se\\\/en\\\/\",\"name\":\"V\u00e4lkommen till HBG City!\",\"description\":\"I Helsingborg finns n\u00e5got f\u00f6r alla!\",\"publisher\":{\"@id\":\"https:\\\/\\\/hbgcity.se\\\/en\\\/#organization\"},\"potentialAction\":[{\"@type\":\"SearchAction\",\"target\":{\"@type\":\"EntryPoint\",\"urlTemplate\":\"https:\\\/\\\/hbgcity.se\\\/en\\\/?s={search_term_string}\"},\"query-input\":{\"@type\":\"PropertyValueSpecification\",\"valueRequired\":true,\"valueName\":\"search_term_string\"}}],\"inLanguage\":\"en-US\"},{\"@type\":\"Organization\",\"@id\":\"https:\\\/\\\/hbgcity.se\\\/en\\\/#organization\",\"name\":\"V\u00e4lkommen till Hbgcity!\",\"url\":\"https:\\\/\\\/hbgcity.se\\\/en\\\/\",\"logo\":{\"@type\":\"ImageObject\",\"inLanguage\":\"en-US\",\"@id\":\"https:\\\/\\\/hbgcity.se\\\/en\\\/#\\\/schema\\\/logo\\\/image\\\/\",\"url\":\"https:\\\/\\\/hbgcity.se\\\/wp-content\\\/uploads\\\/2023\\\/02\\\/HBG-CITY-Huvudlogotyp.svg\",\"contentUrl\":\"https:\\\/\\\/hbgcity.se\\\/wp-content\\\/uploads\\\/2023\\\/02\\\/HBG-CITY-Huvudlogotyp.svg\",\"caption\":\"V\u00e4lkommen till Hbgcity!\"},\"image\":{\"@id\":\"https:\\\/\\\/hbgcity.se\\\/en\\\/#\\\/schema\\\/logo\\\/image\\\/\"},\"sameAs\":[\"https:\\\/\\\/www.facebook.com\\\/helsingborgcity\",\"https:\\\/\\\/www.instagram.com\\\/hbgcity\\\/\",\"https:\\\/\\\/www.linkedin.com\\\/company\\\/helsingborg-city\"]}]}<\/script>\n<!-- \/ Yoast SEO plugin. -->","yoast_head_json":{"title":"Accessibility in the city - V\u00e4lkommen till Helsingborg city!","description":"Helsingborg city center should be a place for everyone. Here you can find information about accessibility in Helsingborg city.","robots":{"index":"index","follow":"follow","max-snippet":"max-snippet:-1","max-image-preview":"max-image-preview:large","max-video-preview":"max-video-preview:-1"},"canonical":"https:\/\/hbgcity.se\/en\/projekt\/tillganglighet-i-city\/","og_locale":"en_US","og_type":"article","og_title":"Accessibility in the city - V\u00e4lkommen till Helsingborg city!","og_description":"Helsingborg city center should be a place for everyone. Here you can find information about accessibility in Helsingborg city.","og_url":"https:\/\/hbgcity.se\/en\/projekt\/tillganglighet-i-city\/","og_site_name":"V\u00e4lkommen till Helsingborg city!","article_publisher":"https:\/\/www.facebook.com\/helsingborgcity","article_modified_time":"2025-12-10T07:23:21+00:00","og_image":[{"width":1600,"height":900,"url":"https:\/\/hbgcity.se\/wp-content\/uploads\/2025\/12\/Tillganglighet-Helsingborg-city.png","type":"image\/png"}],"twitter_card":"summary_large_image","twitter_misc":{"Est. reading time":"1 minute"},"schema":{"@context":"https:\/\/schema.org","@graph":[{"@type":"WebPage","@id":"https:\/\/hbgcity.se\/en\/projekt\/tillganglighet-i-city\/","url":"https:\/\/hbgcity.se\/en\/projekt\/tillganglighet-i-city\/","name":"Accessibility in the city - V\u00e4lkommen till Helsingborg city!","isPartOf":{"@id":"https:\/\/hbgcity.se\/en\/#website"},"primaryImageOfPage":{"@id":"https:\/\/hbgcity.se\/en\/projekt\/tillganglighet-i-city\/#primaryimage"},"image":{"@id":"https:\/\/hbgcity.se\/en\/projekt\/tillganglighet-i-city\/#primaryimage"},"thumbnailUrl":"https:\/\/hbgcity.se\/wp-content\/uploads\/2025\/12\/Tillganglighet-Helsingborg-city.png","datePublished":"2025-12-10T07:22:40+00:00","dateModified":"2025-12-10T07:23:21+00:00","description":"Helsingborg city center should be a place for everyone. Here you can find information about accessibility in Helsingborg city.","breadcrumb":{"@id":"https:\/\/hbgcity.se\/en\/projekt\/tillganglighet-i-city\/#breadcrumb"},"inLanguage":"en-US","potentialAction":[{"@type":"ReadAction","target":["https:\/\/hbgcity.se\/en\/projekt\/tillganglighet-i-city\/"]}]},{"@type":"ImageObject","inLanguage":"en-US","@id":"https:\/\/hbgcity.se\/en\/projekt\/tillganglighet-i-city\/#primaryimage","url":"https:\/\/hbgcity.se\/wp-content\/uploads\/2025\/12\/Tillganglighet-Helsingborg-city.png","contentUrl":"https:\/\/hbgcity.se\/wp-content\/uploads\/2025\/12\/Tillganglighet-Helsingborg-city.png","width":1600,"height":900,"caption":"Ett g\u00e5ngstr\u00e5k med tr\u00e4b\u00e4nkar d\u00e4r en person sitter och vilar. L\u00e4ngre fram g\u00e5r en person l\u00e4ngs str\u00e5ket. I bakgrunden sr man havet och p\u00e5 h\u00f6ger sida l\u00e4genhetsfasader."},{"@type":"BreadcrumbList","@id":"https:\/\/hbgcity.se\/en\/projekt\/tillganglighet-i-city\/#breadcrumb","itemListElement":[{"@type":"ListItem","position":1,"name":"Home","item":"https:\/\/hbgcity.se\/en\/home-2\/"},{"@type":"ListItem","position":2,"name":"Projects","item":"https:\/\/hbgcity.se\/en\/projekt\/"},{"@type":"ListItem","position":3,"name":"Accessibility in the city"}]},{"@type":"WebSite","@id":"https:\/\/hbgcity.se\/en\/#website","url":"https:\/\/hbgcity.se\/en\/","name":"V\u00e4lkommen till HBG City!","description":"I Helsingborg finns n\u00e5got f\u00f6r alla!","publisher":{"@id":"https:\/\/hbgcity.se\/en\/#organization"},"potentialAction":[{"@type":"SearchAction","target":{"@type":"EntryPoint","urlTemplate":"https:\/\/hbgcity.se\/en\/?s={search_term_string}"},"query-input":{"@type":"PropertyValueSpecification","valueRequired":true,"valueName":"search_term_string"}}],"inLanguage":"en-US"},{"@type":"Organization","@id":"https:\/\/hbgcity.se\/en\/#organization","name":"V\u00e4lkommen till Hbgcity!","url":"https:\/\/hbgcity.se\/en\/","logo":{"@type":"ImageObject","inLanguage":"en-US","@id":"https:\/\/hbgcity.se\/en\/#\/schema\/logo\/image\/","url":"https:\/\/hbgcity.se\/wp-content\/uploads\/2023\/02\/HBG-CITY-Huvudlogotyp.svg","contentUrl":"https:\/\/hbgcity.se\/wp-content\/uploads\/2023\/02\/HBG-CITY-Huvudlogotyp.svg","caption":"V\u00e4lkommen till Hbgcity!"},"image":{"@id":"https:\/\/hbgcity.se\/en\/#\/schema\/logo\/image\/"},"sameAs":["https:\/\/www.facebook.com\/helsingborgcity","https:\/\/www.instagram.com\/hbgcity\/","https:\/\/www.linkedin.com\/company\/helsingborg-city"]}]}},"_links":{"self":[{"href":"https:\/\/hbgcity.se\/en\/wp-json\/wp\/v2\/pages\/34751","targetHints":{"allow":["GET"]}}],"collection":[{"href":"https:\/\/hbgcity.se\/en\/wp-json\/wp\/v2\/pages"}],"about":[{"href":"https:\/\/hbgcity.se\/en\/wp-json\/wp\/v2\/types\/page"}],"author":[{"embeddable":true,"href":"https:\/\/hbgcity.se\/en\/wp-json\/wp\/v2\/users\/9"}],"replies":[{"embeddable":true,"href":"https:\/\/hbgcity.se\/en\/wp-json\/wp\/v2\/comments?post=34751"}],"version-history":[{"count":1,"href":"https:\/\/hbgcity.se\/en\/wp-json\/wp\/v2\/pages\/34751\/revisions"}],"predecessor-version":[{"id":34752,"href":"https:\/\/hbgcity.se\/en\/wp-json\/wp\/v2\/pages\/34751\/revisions\/34752"}],"up":[{"embeddable":true,"href":"https:\/\/hbgcity.se\/en\/wp-json\/wp\/v2\/pages\/22699"}],"wp:featuredmedia":[{"embeddable":true,"href":"https:\/\/hbgcity.se\/en\/wp-json\/wp\/v2\/media\/34704"}],"wp:attachment":[{"href":"https:\/\/hbgcity.se\/en\/wp-json\/wp\/v2\/media?parent=34751"}],"curies":[{"name":"wp","href":"https:\/\/api.w.org\/{rel}","templated":true}]}}