{"id":37417,"date":"2026-04-09T14:29:01","date_gmt":"2026-04-09T12:29:01","guid":{"rendered":"https:\/\/hbgcity.se\/strategi-helsingborgs-stadskarna\/"},"modified":"2026-04-15T16:33:55","modified_gmt":"2026-04-15T14:33:55","slug":"strategi","status":"publish","type":"page","link":"https:\/\/hbgcity.se\/en\/strategi\/","title":{"rendered":"Strategy"},"content":{"rendered":"\t\t<div data-elementor-type=\"wp-page\" data-elementor-id=\"37417\" class=\"elementor elementor-37417 elementor-37388\" data-elementor-post-type=\"page\">\n\t\t\t\t\t\t<section class=\"elementor-section elementor-top-section elementor-element elementor-element-b0d9dc6 elementor-section-height-min-height elementor-section-boxed elementor-section-height-default elementor-section-items-middle\" data-id=\"b0d9dc6\" data-element_type=\"section\" data-e-type=\"section\" data-settings=\"{&quot;background_background&quot;:&quot;classic&quot;}\">\n\t\t\t\t\t\t<div class=\"elementor-container elementor-column-gap-default\">\n\t\t\t\t\t<div class=\"elementor-column elementor-col-100 elementor-top-column elementor-element elementor-element-40706e6\" data-id=\"40706e6\" data-element_type=\"column\" data-e-type=\"column\">\n\t\t\t<div class=\"elementor-widget-wrap\">\n\t\t\t\t\t\t\t<\/div>\n\t\t<\/div>\n\t\t\t\t\t<\/div>\n\t\t<\/section>\n\t\t\t\t<section class=\"elementor-section elementor-top-section elementor-element elementor-element-ed3f2b6 elementor-section-boxed elementor-section-height-default elementor-section-height-default\" data-id=\"ed3f2b6\" data-element_type=\"section\" data-e-type=\"section\">\n\t\t\t\t\t\t<div class=\"elementor-container elementor-column-gap-default\">\n\t\t\t\t\t<div class=\"elementor-column elementor-col-100 elementor-top-column elementor-element elementor-element-cf678de\" data-id=\"cf678de\" data-element_type=\"column\" data-e-type=\"column\">\n\t\t\t<div class=\"elementor-widget-wrap elementor-element-populated\">\n\t\t\t\t\t\t<div class=\"elementor-element elementor-element-9b38243 elementor-widget elementor-widget-heading\" data-id=\"9b38243\" data-element_type=\"widget\" data-e-type=\"widget\" data-widget_type=\"heading.default\">\n\t\t\t\t<div class=\"elementor-widget-container\">\n\t\t\t\t\t<h1 class=\"elementor-heading-title elementor-size-default\">New strategy for Helsingborg city center<\/h1>\t\t\t\t<\/div>\n\t\t\t\t<\/div>\n\t\t\t\t<div class=\"elementor-element elementor-element-ab46254 elementor-widget elementor-widget-text-editor\" data-id=\"ab46254\" data-element_type=\"widget\" data-e-type=\"widget\" data-widget_type=\"text-editor.default\">\n\t\t\t\t<div class=\"elementor-widget-container\">\n\t\t\t\t\t\t\t\t\t<p style=\"text-align: center;\"><span data-teams=\"true\">Helsingborg Citysamverkan AB has been tasked with producing an updated strategy for the city center with an associated action plan in 2026. Below is a call for tender for process management and strategy development. The deadline for submission is April 22, 2026. <\/span><\/p>\t\t\t\t\t\t\t\t<\/div>\n\t\t\t\t<\/div>\n\t\t\t\t\t<\/div>\n\t\t<\/div>\n\t\t\t\t\t<\/div>\n\t\t<\/section>\n\t\t\t\t<section class=\"elementor-section elementor-top-section elementor-element elementor-element-3ad1a47 elementor-section-boxed elementor-section-height-default elementor-section-height-default\" data-id=\"3ad1a47\" data-element_type=\"section\" data-e-type=\"section\">\n\t\t\t\t\t\t<div class=\"elementor-container elementor-column-gap-default\">\n\t\t\t\t\t<div class=\"elementor-column elementor-col-100 elementor-top-column elementor-element elementor-element-540b637\" data-id=\"540b637\" data-element_type=\"column\" data-e-type=\"column\">\n\t\t\t<div class=\"elementor-widget-wrap elementor-element-populated\">\n\t\t\t\t\t\t<div class=\"elementor-element elementor-element-8edfaa6 elementor-widget elementor-widget-heading\" data-id=\"8edfaa6\" data-element_type=\"widget\" data-e-type=\"widget\" data-widget_type=\"heading.default\">\n\t\t\t\t<div class=\"elementor-widget-container\">\n\t\t\t\t\t<h2 class=\"elementor-heading-title elementor-size-default\">Request for tender<\/h2>\t\t\t\t<\/div>\n\t\t\t\t<\/div>\n\t\t\t\t<div class=\"elementor-element elementor-element-1b0d5ed elementor-widget elementor-widget-text-editor\" data-id=\"1b0d5ed\" data-element_type=\"widget\" data-e-type=\"widget\" data-widget_type=\"text-editor.default\">\n\t\t\t\t<div class=\"elementor-widget-container\">\n\t\t\t\t\t\t\t\t\t<p><strong>Strategy for Helsingborg city center (2026-2035)<\/strong><br>Client: Helsingborg Citysamverkan AB (HBG City)<\/p><p><strong>1. Needs<\/strong><br>HBG City needs project and process management in the development of an updated strategy for Helsingborg city center. The process should be innovation-driven and create consensus in the development of the city center between the company&#8217;s owner groups (Helsingborgs stad, Fastighets\u00e4garna City and Cityf\u00f6reningen). <\/p><p>The project manager(s) is\/are expected to have expertise in urban development and long-term experience in process management in private and public partnerships. The project manager(s) is\/are responsible for developing the content and implementing all parts of the process, in consultation with the client. Any external purchases of e.g. statistics, market research, conference rooms and the like are paid for by HBG City.   <\/p><p>The assignment includes the development of a strategy that combines innovation, cross-discipline and measures where the company&#8217;s owner groups can work together to strengthen the attractiveness of the site. The action plan must contain clear goals that have an impact in the short, medium and long term. The work should be characterized by innovation and contain solutions that have not been tested in Helsingborg before.<br>1) Development of a strategy to strengthen and renew the attractiveness of the city center, flows and business.<br>2) Associated action plan.  <\/p><p><strong>2. Background<\/strong><br>Helsingborg city center is affected by long-term trends: e-commerce growth, shifts towards experiences and services, and reduced visitor flows after the pandemic. WSP has produced an impact assessment in connection with the development of V\u00e4la Shopping Center, which indicates that the city center&#8217;s durable goods trade risks losing turnover regardless of the expansion of external trade. The biggest threats include structural behavioral changes and difficulties in creating rational spaces in the right locations. At the same time, the analysis shows growing potential in experiences and caf\u00e9s\/restaurants, and that the city center has greater social significance than external retail locations. HUI has, on behalf of the city, produced a second opinion on WSP&#8217;s study which, among other things, points to the need for an action plan for the city.    <\/p><p>HBG City was formed in 2010 to work together &#8211; business, Fastighets\u00e4garna City and the city &#8211; to strengthen the attractiveness of the city center. In 2024, HBG City developed an overall strategy for the city center of the future, which will form the basis for the development of the new strategy. <\/p><p><strong>3. Scope<\/strong> <br>The consultant shall deliver a coherent strategy and a prioritized action plan including:<br>A) Current situation analysis.<br>B) Overall vision and strategy for the city centre. <br>C) Action plan including short (1 year), medium (1-3 years) and long (3 years onwards) term actions, targets and expected impacts.<br>D) Financing model.<br>E) Impact measurement: KPI framework.<\/p><p>The strategy will build on existing analyses, strategies and action plans and bring new perspectives on solutions for city center development.<\/p><p><strong>4. Stakeholder and anchoring process<\/strong><br>Steering group: HBG City Board.<br>Local knowledge: HBG City working group and digital collection from HBG City network.<\/p><p><strong>5. Timetable<\/strong><br>Timetable will be drawn up in collaboration with the client at start-up. Desire for final delivery no later than October 2026. <\/p><p><strong>6. deliverables<\/strong><br>&#8211; Strategy document (ppt\/pdf, max 40 pages + annexes).<br>&#8211; Prioritized action plan (budget, timing, responsibilities, risks, impact, KPI).<br>&#8211; Partner and funding plan (incl. potential support).<br>&#8211; Data annex (sources, assumptions, measurement plan).<br>&#8211; Implementation plan (90-day plan).<\/p><p><strong>7. Requirements for the supplier<\/strong><br>&#8211; Documented experience of similar assignments within the last 3-5 years.<br>&#8211; Reference assignments relevant to the assignment.<br>&#8211; Academic connection: named research partner.<br>&#8211; Sub-consultants\/advisory board: name competencies and roles; show how interdisciplinary approaches are integrated to bring in new perspectives on urban core development.<br>&#8211; Measurability: method for KPI, current situation analysis and impact analysis.<\/p><p><strong>8. Tender format<\/strong><br>&#8211; Methodology &amp; approach (max. 5 pages).<br>&#8211; Team &amp; link to academia (CV, roles, timetable).<br>&#8211; Reference assignments (at least two).<br>&#8211; Time and activity plan.<br>&#8211; Price.<\/p><p><strong>9. Evaluation model<\/strong><br>The procurement is carried out in the form of a simplified procedure.<\/p><p>Tenders are selected through an overall evaluation of price, competence and experience, as well as proposals for methods and approaches in relation to the guidelines specified in the invitation to tender.<\/p><p>Then 2-3 bidders will be selected for a presentation to the board of HBG City on April 29 in the afternoon. Here, the bidder is given the opportunity to show how they want to approach the assignment, what perspectives they see as important in the assignment, examples from other completed projects and a sample of something they want to highlight in the strategy. <\/p><p><strong>10. Other information<\/strong><br>Invoicing is done on a regular basis according to agreement.<\/p><p>Confidentiality agreements with all parties\/sub-consultants will be signed.<\/p><p>Deadline for tenders April 22.<\/p><p><strong>11. Questions and contact<\/strong><br>Questions and tenders should be sent to Hanna Candell, CEO of HBG City.<br>E-mail: <a href=\"mailto:anbud@hbgcity.se\" target=\"_blank\" rel=\"noopener\">anbud@hbgcity.se<\/a><br>Telephone: 0768-361280<\/p>\t\t\t\t\t\t\t\t<\/div>\n\t\t\t\t<\/div>\n\t\t\t\t\t<\/div>\n\t\t<\/div>\n\t\t\t\t\t<\/div>\n\t\t<\/section>\n\t\t\t\t<section class=\"elementor-section elementor-top-section elementor-element elementor-element-076e05f elementor-section-boxed elementor-section-height-default elementor-section-height-default\" data-id=\"076e05f\" data-element_type=\"section\" data-e-type=\"section\">\n\t\t\t\t\t\t<div class=\"elementor-container elementor-column-gap-default\">\n\t\t\t\t\t<div class=\"elementor-column elementor-col-100 elementor-top-column elementor-element elementor-element-56223f9\" data-id=\"56223f9\" data-element_type=\"column\" data-e-type=\"column\">\n\t\t\t<div class=\"elementor-widget-wrap elementor-element-populated\">\n\t\t\t\t\t\t<div class=\"elementor-element elementor-element-26797fc elementor-widget elementor-widget-heading\" data-id=\"26797fc\" data-element_type=\"widget\" data-e-type=\"widget\" data-widget_type=\"heading.default\">\n\t\t\t\t<div class=\"elementor-widget-container\">\n\t\t\t\t\t<h2 class=\"elementor-heading-title elementor-size-default\">Documents and links<\/h2>\t\t\t\t<\/div>\n\t\t\t\t<\/div>\n\t\t\t\t<div class=\"elementor-element elementor-element-9ae7dc6 elementor-widget elementor-widget-text-editor\" data-id=\"9ae7dc6\" data-element_type=\"widget\" data-e-type=\"widget\" data-widget_type=\"text-editor.default\">\n\t\t\t\t<div class=\"elementor-widget-container\">\n\t\t\t\t\t\t\t\t\t<ul><li><a href=\"https:\/\/hbgcity.se\/wp-content\/uploads\/2026\/04\/Upphandlingsunderlag-Strategi-Helsingborgs-stadskarna.pdf\" target=\"_blank\" rel=\"noopener\">Procurement strategy for Helsingborg city center<\/a><\/li><li><a href=\"https:\/\/hbgcity.se\/wp-content\/uploads\/2026\/04\/Konsekvensutredning_WSP.pdf\" target=\"_blank\" rel=\"noopener\">WSP impact assessment<\/a><\/li><li><a href=\"https:\/\/hbgcity.se\/wp-content\/uploads\/2026\/04\/Second-opinion-HUI-1.pdf\" target=\"_blank\" rel=\"noopener\">HUI second opinion<\/a><\/li><li><a href=\"https:\/\/hbgcity.se\/wp-content\/uploads\/2026\/04\/Strategi-Framtidens-stadskarna-2030.pdf\" target=\"_blank\" rel=\"noopener\">Strategy for the city center of the future<\/a><\/li><li><a href=\"https:\/\/hbgcity.se\/wp-content\/uploads\/2026\/04\/KeyCityGroup_Rapport_2025_Digital_version_Final_250613.pdf\" target=\"_blank\" rel=\"noopener\">City centers in motion<\/a><\/li><li><a href=\"https:\/\/hbgcity.se\/wp-content\/uploads\/2026\/04\/HBG-Citys-Arsberattelse-2025-digital.pdf\" target=\"_blank\" rel=\"noopener\">Annual report<\/a><\/li><li>Place identities<ul><li><a href=\"https:\/\/hbgcity.se\/wp-content\/uploads\/2026\/04\/Platsidentitet-Kullagatan.pdf\" target=\"_blank\" rel=\"noopener\">Kullagatan<\/a><\/li><li><a href=\"https:\/\/hbgcity.se\/wp-content\/uploads\/2026\/04\/Platsidentitet-Bruksgatan.pdf\" target=\"_blank\" rel=\"noopener\">Mill Street<\/a><\/li><li><a href=\"https:\/\/hbgcity.se\/wp-content\/uploads\/2026\/04\/Platsidentitet-Master-Palms-plats.pdf\" target=\"_blank\" rel=\"noopener\">M\u00e4ster Palms plats<\/a><\/li><li><a href=\"https:\/\/hbgcity.se\/wp-content\/uploads\/2026\/04\/Platsidentitet-Gustav-Adolfs-torg.pdf\" target=\"_blank\" rel=\"noopener\">Gustav Adolfs torg<\/a><\/li><li><a href=\"https:\/\/hbgcity.se\/wp-content\/uploads\/2026\/04\/Platsidentitet-Maria-torg.pdf\" target=\"_blank\" rel=\"noopener\">Maria torg<\/a><\/li><\/ul><\/li><\/ul>\t\t\t\t\t\t\t\t<\/div>\n\t\t\t\t<\/div>\n\t\t\t\t\t<\/div>\n\t\t<\/div>\n\t\t\t\t\t<\/div>\n\t\t<\/section>\n\t\t\t\t<\/div>\n\t\t","protected":false},"excerpt":{"rendered":"<p>New strategy for Helsingborg city center Helsingborg Citysamverkan AB has been tasked with producing an updated strategy for the city center with an associated action plan in 2026. Below is a call for tender for process management and strategy development. The deadline for submission is April 22, 2026. Request for tender Strategy for Helsingborg city [&hellip;]<\/p>\n","protected":false},"author":9,"featured_media":22303,"parent":0,"menu_order":0,"comment_status":"closed","ping_status":"closed","template":"","meta":{"_acf_changed":false,"site-sidebar-layout":"no-sidebar","site-content-layout":"page-builder","ast-site-content-layout":"full-width-container","site-content-style":"unboxed","site-sidebar-style":"unboxed","ast-global-header-display":"","ast-banner-title-visibility":"","ast-main-header-display":"","ast-hfb-above-header-display":"","ast-hfb-below-header-display":"","ast-hfb-mobile-header-display":"","site-post-title":"disabled","ast-breadcrumbs-content":"","ast-featured-img":"disabled","footer-sml-layout":"","ast-disable-related-posts":"","theme-transparent-header-meta":"default","adv-header-id-meta":"","stick-header-meta":"default","header-above-stick-meta":"","header-main-stick-meta":"","header-below-stick-meta":"","astra-migrate-meta-layouts":"set","ast-page-background-enabled":"default","ast-page-background-meta":{"desktop":{"background-color":"","background-image":"","background-repeat":"repeat","background-position":"center center","background-size":"auto","background-attachment":"scroll","background-type":"","background-media":"","overlay-type":"","overlay-color":"","overlay-opacity":"","overlay-gradient":""},"tablet":{"background-color":"","background-image":"","background-repeat":"repeat","background-position":"center center","background-size":"auto","background-attachment":"scroll","background-type":"","background-media":"","overlay-type":"","overlay-color":"","overlay-opacity":"","overlay-gradient":""},"mobile":{"background-color":"","background-image":"","background-repeat":"repeat","background-position":"center center","background-size":"auto","background-attachment":"scroll","background-type":"","background-media":"","overlay-type":"","overlay-color":"","overlay-opacity":"","overlay-gradient":""}},"ast-content-background-meta":{"desktop":{"background-color":"var(--ast-global-color-5)","background-image":"","background-repeat":"repeat","background-position":"center center","background-size":"auto","background-attachment":"scroll","background-type":"","background-media":"","overlay-type":"","overlay-color":"","overlay-opacity":"","overlay-gradient":""},"tablet":{"background-color":"var(--ast-global-color-5)","background-image":"","background-repeat":"repeat","background-position":"center center","background-size":"auto","background-attachment":"scroll","background-type":"","background-media":"","overlay-type":"","overlay-color":"","overlay-opacity":"","overlay-gradient":""},"mobile":{"background-color":"var(--ast-global-color-5)","background-image":"","background-repeat":"repeat","background-position":"center center","background-size":"auto","background-attachment":"scroll","background-type":"","background-media":"","overlay-type":"","overlay-color":"","overlay-opacity":"","overlay-gradient":""}},"footnotes":""},"class_list":["post-37417","page","type-page","status-publish","has-post-thumbnail","hentry"],"acf":[],"yoast_head":"<!-- This site is optimized with the Yoast SEO plugin v27.4 - https:\/\/yoast.com\/product\/yoast-seo-wordpress\/ -->\n<title>Strategy - Helsingborg city center<\/title>\n<meta name=\"description\" content=\"Helsingborg Citysamverkan AB has been tasked with producing an updated strategy for the city center with an associated action plan in 2026.\" \/>\n<meta name=\"robots\" content=\"index, follow, max-snippet:-1, max-image-preview:large, max-video-preview:-1\" \/>\n<link rel=\"canonical\" href=\"https:\/\/hbgcity.se\/en\/strategi\/\" \/>\n<meta property=\"og:locale\" content=\"en_US\" \/>\n<meta property=\"og:type\" content=\"article\" \/>\n<meta property=\"og:title\" content=\"Strategy - Helsingborg city center\" \/>\n<meta property=\"og:description\" content=\"Helsingborg Citysamverkan AB has been tasked with producing an updated strategy for the city center with an associated action plan in 2026.\" \/>\n<meta property=\"og:url\" content=\"https:\/\/hbgcity.se\/en\/strategi\/\" \/>\n<meta property=\"og:site_name\" content=\"V\u00e4lkommen till Helsingborg city!\" \/>\n<meta property=\"article:publisher\" content=\"https:\/\/www.facebook.com\/helsingborgcity\" \/>\n<meta property=\"article:modified_time\" content=\"2026-04-15T14:33:55+00:00\" \/>\n<meta property=\"og:image\" content=\"https:\/\/hbgcity.se\/wp-content\/uploads\/2025\/02\/Helsingbrog-HBg-City-3.png\" \/>\n\t<meta property=\"og:image:width\" content=\"1400\" \/>\n\t<meta property=\"og:image:height\" content=\"788\" \/>\n\t<meta property=\"og:image:type\" content=\"image\/png\" \/>\n<meta name=\"twitter:card\" content=\"summary_large_image\" \/>\n<meta name=\"twitter:label1\" content=\"Est. reading time\" \/>\n\t<meta name=\"twitter:data1\" content=\"4 minutes\" \/>\n<script type=\"application\/ld+json\" class=\"yoast-schema-graph\">{\"@context\":\"https:\\\/\\\/schema.org\",\"@graph\":[{\"@type\":\"WebPage\",\"@id\":\"https:\\\/\\\/hbgcity.se\\\/en\\\/strategi\\\/\",\"url\":\"https:\\\/\\\/hbgcity.se\\\/en\\\/strategi\\\/\",\"name\":\"Strategy - Helsingborg city center\",\"isPartOf\":{\"@id\":\"https:\\\/\\\/hbgcity.se\\\/en\\\/#website\"},\"primaryImageOfPage\":{\"@id\":\"https:\\\/\\\/hbgcity.se\\\/en\\\/strategi\\\/#primaryimage\"},\"image\":{\"@id\":\"https:\\\/\\\/hbgcity.se\\\/en\\\/strategi\\\/#primaryimage\"},\"thumbnailUrl\":\"https:\\\/\\\/hbgcity.se\\\/wp-content\\\/uploads\\\/2025\\\/02\\\/Helsingbrog-HBg-City-3.png\",\"datePublished\":\"2026-04-09T12:29:01+00:00\",\"dateModified\":\"2026-04-15T14:33:55+00:00\",\"description\":\"Helsingborg Citysamverkan AB has been tasked with producing an updated strategy for the city center with an associated action plan in 2026.\",\"breadcrumb\":{\"@id\":\"https:\\\/\\\/hbgcity.se\\\/en\\\/strategi\\\/#breadcrumb\"},\"inLanguage\":\"en-US\",\"potentialAction\":[{\"@type\":\"ReadAction\",\"target\":[\"https:\\\/\\\/hbgcity.se\\\/en\\\/strategi\\\/\"]}]},{\"@type\":\"ImageObject\",\"inLanguage\":\"en-US\",\"@id\":\"https:\\\/\\\/hbgcity.se\\\/en\\\/strategi\\\/#primaryimage\",\"url\":\"https:\\\/\\\/hbgcity.se\\\/wp-content\\\/uploads\\\/2025\\\/02\\\/Helsingbrog-HBg-City-3.png\",\"contentUrl\":\"https:\\\/\\\/hbgcity.se\\\/wp-content\\\/uploads\\\/2025\\\/02\\\/Helsingbrog-HBg-City-3.png\",\"width\":1400,\"height\":788},{\"@type\":\"BreadcrumbList\",\"@id\":\"https:\\\/\\\/hbgcity.se\\\/en\\\/strategi\\\/#breadcrumb\",\"itemListElement\":[{\"@type\":\"ListItem\",\"position\":1,\"name\":\"Home\",\"item\":\"https:\\\/\\\/hbgcity.se\\\/en\\\/home-2\\\/\"},{\"@type\":\"ListItem\",\"position\":2,\"name\":\"Strategy\"}]},{\"@type\":\"WebSite\",\"@id\":\"https:\\\/\\\/hbgcity.se\\\/en\\\/#website\",\"url\":\"https:\\\/\\\/hbgcity.se\\\/en\\\/\",\"name\":\"V\u00e4lkommen till HBG City!\",\"description\":\"I Helsingborg finns n\u00e5got f\u00f6r alla!\",\"publisher\":{\"@id\":\"https:\\\/\\\/hbgcity.se\\\/en\\\/#organization\"},\"potentialAction\":[{\"@type\":\"SearchAction\",\"target\":{\"@type\":\"EntryPoint\",\"urlTemplate\":\"https:\\\/\\\/hbgcity.se\\\/en\\\/?s={search_term_string}\"},\"query-input\":{\"@type\":\"PropertyValueSpecification\",\"valueRequired\":true,\"valueName\":\"search_term_string\"}}],\"inLanguage\":\"en-US\"},{\"@type\":\"Organization\",\"@id\":\"https:\\\/\\\/hbgcity.se\\\/en\\\/#organization\",\"name\":\"V\u00e4lkommen till Hbgcity!\",\"url\":\"https:\\\/\\\/hbgcity.se\\\/en\\\/\",\"logo\":{\"@type\":\"ImageObject\",\"inLanguage\":\"en-US\",\"@id\":\"https:\\\/\\\/hbgcity.se\\\/en\\\/#\\\/schema\\\/logo\\\/image\\\/\",\"url\":\"https:\\\/\\\/hbgcity.se\\\/wp-content\\\/uploads\\\/2023\\\/02\\\/HBG-CITY-Huvudlogotyp.svg\",\"contentUrl\":\"https:\\\/\\\/hbgcity.se\\\/wp-content\\\/uploads\\\/2023\\\/02\\\/HBG-CITY-Huvudlogotyp.svg\",\"caption\":\"V\u00e4lkommen till Hbgcity!\"},\"image\":{\"@id\":\"https:\\\/\\\/hbgcity.se\\\/en\\\/#\\\/schema\\\/logo\\\/image\\\/\"},\"sameAs\":[\"https:\\\/\\\/www.facebook.com\\\/helsingborgcity\",\"https:\\\/\\\/www.instagram.com\\\/hbgcity\\\/\",\"https:\\\/\\\/www.linkedin.com\\\/company\\\/helsingborg-city\"]}]}<\/script>\n<!-- \/ Yoast SEO plugin. -->","yoast_head_json":{"title":"Strategy - Helsingborg city center","description":"Helsingborg Citysamverkan AB has been tasked with producing an updated strategy for the city center with an associated action plan in 2026.","robots":{"index":"index","follow":"follow","max-snippet":"max-snippet:-1","max-image-preview":"max-image-preview:large","max-video-preview":"max-video-preview:-1"},"canonical":"https:\/\/hbgcity.se\/en\/strategi\/","og_locale":"en_US","og_type":"article","og_title":"Strategy - Helsingborg city center","og_description":"Helsingborg Citysamverkan AB has been tasked with producing an updated strategy for the city center with an associated action plan in 2026.","og_url":"https:\/\/hbgcity.se\/en\/strategi\/","og_site_name":"V\u00e4lkommen till Helsingborg city!","article_publisher":"https:\/\/www.facebook.com\/helsingborgcity","article_modified_time":"2026-04-15T14:33:55+00:00","og_image":[{"width":1400,"height":788,"url":"https:\/\/hbgcity.se\/wp-content\/uploads\/2025\/02\/Helsingbrog-HBg-City-3.png","type":"image\/png"}],"twitter_card":"summary_large_image","twitter_misc":{"Est. reading time":"4 minutes"},"schema":{"@context":"https:\/\/schema.org","@graph":[{"@type":"WebPage","@id":"https:\/\/hbgcity.se\/en\/strategi\/","url":"https:\/\/hbgcity.se\/en\/strategi\/","name":"Strategy - Helsingborg city center","isPartOf":{"@id":"https:\/\/hbgcity.se\/en\/#website"},"primaryImageOfPage":{"@id":"https:\/\/hbgcity.se\/en\/strategi\/#primaryimage"},"image":{"@id":"https:\/\/hbgcity.se\/en\/strategi\/#primaryimage"},"thumbnailUrl":"https:\/\/hbgcity.se\/wp-content\/uploads\/2025\/02\/Helsingbrog-HBg-City-3.png","datePublished":"2026-04-09T12:29:01+00:00","dateModified":"2026-04-15T14:33:55+00:00","description":"Helsingborg Citysamverkan AB has been tasked with producing an updated strategy for the city center with an associated action plan in 2026.","breadcrumb":{"@id":"https:\/\/hbgcity.se\/en\/strategi\/#breadcrumb"},"inLanguage":"en-US","potentialAction":[{"@type":"ReadAction","target":["https:\/\/hbgcity.se\/en\/strategi\/"]}]},{"@type":"ImageObject","inLanguage":"en-US","@id":"https:\/\/hbgcity.se\/en\/strategi\/#primaryimage","url":"https:\/\/hbgcity.se\/wp-content\/uploads\/2025\/02\/Helsingbrog-HBg-City-3.png","contentUrl":"https:\/\/hbgcity.se\/wp-content\/uploads\/2025\/02\/Helsingbrog-HBg-City-3.png","width":1400,"height":788},{"@type":"BreadcrumbList","@id":"https:\/\/hbgcity.se\/en\/strategi\/#breadcrumb","itemListElement":[{"@type":"ListItem","position":1,"name":"Home","item":"https:\/\/hbgcity.se\/en\/home-2\/"},{"@type":"ListItem","position":2,"name":"Strategy"}]},{"@type":"WebSite","@id":"https:\/\/hbgcity.se\/en\/#website","url":"https:\/\/hbgcity.se\/en\/","name":"V\u00e4lkommen till HBG City!","description":"I Helsingborg finns n\u00e5got f\u00f6r alla!","publisher":{"@id":"https:\/\/hbgcity.se\/en\/#organization"},"potentialAction":[{"@type":"SearchAction","target":{"@type":"EntryPoint","urlTemplate":"https:\/\/hbgcity.se\/en\/?s={search_term_string}"},"query-input":{"@type":"PropertyValueSpecification","valueRequired":true,"valueName":"search_term_string"}}],"inLanguage":"en-US"},{"@type":"Organization","@id":"https:\/\/hbgcity.se\/en\/#organization","name":"V\u00e4lkommen till Hbgcity!","url":"https:\/\/hbgcity.se\/en\/","logo":{"@type":"ImageObject","inLanguage":"en-US","@id":"https:\/\/hbgcity.se\/en\/#\/schema\/logo\/image\/","url":"https:\/\/hbgcity.se\/wp-content\/uploads\/2023\/02\/HBG-CITY-Huvudlogotyp.svg","contentUrl":"https:\/\/hbgcity.se\/wp-content\/uploads\/2023\/02\/HBG-CITY-Huvudlogotyp.svg","caption":"V\u00e4lkommen till Hbgcity!"},"image":{"@id":"https:\/\/hbgcity.se\/en\/#\/schema\/logo\/image\/"},"sameAs":["https:\/\/www.facebook.com\/helsingborgcity","https:\/\/www.instagram.com\/hbgcity\/","https:\/\/www.linkedin.com\/company\/helsingborg-city"]}]}},"_links":{"self":[{"href":"https:\/\/hbgcity.se\/en\/wp-json\/wp\/v2\/pages\/37417","targetHints":{"allow":["GET"]}}],"collection":[{"href":"https:\/\/hbgcity.se\/en\/wp-json\/wp\/v2\/pages"}],"about":[{"href":"https:\/\/hbgcity.se\/en\/wp-json\/wp\/v2\/types\/page"}],"author":[{"embeddable":true,"href":"https:\/\/hbgcity.se\/en\/wp-json\/wp\/v2\/users\/9"}],"replies":[{"embeddable":true,"href":"https:\/\/hbgcity.se\/en\/wp-json\/wp\/v2\/comments?post=37417"}],"version-history":[{"count":15,"href":"https:\/\/hbgcity.se\/en\/wp-json\/wp\/v2\/pages\/37417\/revisions"}],"predecessor-version":[{"id":37542,"href":"https:\/\/hbgcity.se\/en\/wp-json\/wp\/v2\/pages\/37417\/revisions\/37542"}],"wp:featuredmedia":[{"embeddable":true,"href":"https:\/\/hbgcity.se\/en\/wp-json\/wp\/v2\/media\/22303"}],"wp:attachment":[{"href":"https:\/\/hbgcity.se\/en\/wp-json\/wp\/v2\/media?parent=37417"}],"curies":[{"name":"wp","href":"https:\/\/api.w.org\/{rel}","templated":true}]}}